{"id":38950,"date":"2022-11-01T21:42:52","date_gmt":"2022-11-01T20:42:52","guid":{"rendered":"https:\/\/poppers-online.ch\/?post_type=product&#038;p=38950"},"modified":"2024-10-16T00:35:38","modified_gmt":"2024-10-15T22:35:38","slug":"lubrifiant-swiss-navy-all-natural-a-base-deau-10ml","status":"publish","type":"product","link":"https:\/\/poppers-online.ch\/fr\/produit\/lubrifiant-swiss-navy-all-natural-a-base-deau-10ml\/","title":{"rendered":"Lubrifiant Swiss Navy All Natural \u00e0 base d&rsquo;eau 10ml"},"content":{"rendered":"<p><span style=\"font-weight: 400\">Swiss Navy est la r\u00e9f\u00e9rence en mati\u00e8re de lubrifiant et de bien-\u00eatre sexuel. Le Swiss Navy All Natural \u00e0 base d&rsquo;eau a \u00e9t\u00e9 sp\u00e9cialement con\u00e7u pour les personnes \u00e0 la peau sensible et poss\u00e8de en outre un pH \u00e9quilibr\u00e9 pour la sant\u00e9 sexuelle des femmes. L&rsquo;ingr\u00e9dient naturel, le carragh\u00e9nane, donne une sensation soyeuse et velout\u00e9e. Le All Natural de Swiss Navy ne contient pas de sous-produits du p\u00e9trole. Avec ce produit Swiss Navy de haute qualit\u00e9 pour les peaux sensibles, tu obtiens tout ce qu&rsquo;il faut pour aimer ta vie amoureuse, plus de confort et plus de lubrification. All Natural est fluide, ce qui signifie qu&rsquo;il dure longtemps et qu&rsquo;il s&rsquo;\u00e9tale bien et uniform\u00e9ment sur la peau. Il convient pour le sexe, la masturbation, les massages et les jeux avec tes jouets pr\u00e9f\u00e9r\u00e9s.<\/span><\/p>\n<p><span style=\"font-weight: 400\">La taille de 10 ml est id\u00e9ale pour les d\u00e9placements, que ce soit en croisi\u00e8re, en club ou dans des situations quotidiennes p\u00e9tillantes. Il trouve facilement sa place dans une poche de pantalon, une sacoche d&rsquo;ordinateur portable, une trousse de toilette ou dans la bo\u00eete \u00e0 gants d&rsquo;une voiture.<\/span><\/p>\n","protected":false},"excerpt":{"rendered":"<p><span style=\"font-weight: 400\">Swiss Navy est la r\u00e9f\u00e9rence en mati\u00e8re de lubrifiant et de bien-\u00eatre sexuel. Le Swiss Navy All Natural \u00e0 base d&rsquo;eau a \u00e9t\u00e9 sp\u00e9cialement con\u00e7u pour les personnes \u00e0 la peau sensible et poss\u00e8de en outre un pH \u00e9quilibr\u00e9 pour la sant\u00e9 sexuelle des femmes. L&rsquo;ingr\u00e9dient naturel, le carragh\u00e9nane, donne une sensation soyeuse et velout\u00e9e. Le All Natural de Swiss Navy ne contient pas de sous-produits du p\u00e9trole. Avec ce produit Swiss Navy de haute qualit\u00e9 pour les peaux sensibles, tu obtiens tout ce qu&rsquo;il faut pour aimer ta vie amoureuse, plus de confort et plus de lubrification. All Natural est fluide, ce qui signifie qu&rsquo;il dure longtemps et qu&rsquo;il s&rsquo;\u00e9tale bien et uniform\u00e9ment sur la peau. Il convient pour le sexe, la masturbation, les massages et les jeux avec tes jouets pr\u00e9f\u00e9r\u00e9s.<\/span><\/p>\n<p><span style=\"font-weight: 400\">La taille de 10 ml est id\u00e9ale pour les d\u00e9placements, que ce soit en croisi\u00e8re, en club ou dans des situations quotidiennes p\u00e9tillantes. Il trouve facilement sa place dans une poche de pantalon, une sacoche d&rsquo;ordinateur portable, une trousse de toilette ou dans la bo\u00eete \u00e0 gants d&rsquo;une voiture.<\/span><\/p>\n","protected":false},"featured_media":63468,"comment_status":"closed","ping_status":"closed","template":"","meta":{"_acf_changed":false,"iawp_total_views":3,"_glsr_average":0,"_glsr_ranking":0,"_glsr_reviews":0},"product_brand":[],"product_cat":[2067,166],"product_tag":[],"class_list":{"0":"post-38950","1":"product","2":"type-product","3":"status-publish","4":"has-post-thumbnail","6":"product_cat-lubrifiant","7":"product_cat-droguerie","9":"first","10":"instock","11":"sale","12":"taxable","13":"shipping-taxable","14":"purchasable","15":"product-type-simple"},"acf":[],"_links":{"self":[{"href":"https:\/\/poppers-online.ch\/fr\/wp-json\/wp\/v2\/product\/38950","targetHints":{"allow":["GET"]}}],"collection":[{"href":"https:\/\/poppers-online.ch\/fr\/wp-json\/wp\/v2\/product"}],"about":[{"href":"https:\/\/poppers-online.ch\/fr\/wp-json\/wp\/v2\/types\/product"}],"replies":[{"embeddable":true,"href":"https:\/\/poppers-online.ch\/fr\/wp-json\/wp\/v2\/comments?post=38950"}],"wp:featuredmedia":[{"embeddable":true,"href":"https:\/\/poppers-online.ch\/fr\/wp-json\/wp\/v2\/media\/63468"}],"wp:attachment":[{"href":"https:\/\/poppers-online.ch\/fr\/wp-json\/wp\/v2\/media?parent=38950"}],"wp:term":[{"taxonomy":"product_brand","embeddable":true,"href":"https:\/\/poppers-online.ch\/fr\/wp-json\/wp\/v2\/product_brand?post=38950"},{"taxonomy":"product_cat","embeddable":true,"href":"https:\/\/poppers-online.ch\/fr\/wp-json\/wp\/v2\/product_cat?post=38950"},{"taxonomy":"product_tag","embeddable":true,"href":"https:\/\/poppers-online.ch\/fr\/wp-json\/wp\/v2\/product_tag?post=38950"}],"curies":[{"name":"wp","href":"https:\/\/api.w.org\/{rel}","templated":true}]}}