{"id":38873,"date":"2022-11-01T13:14:57","date_gmt":"2022-11-01T12:14:57","guid":{"rendered":"https:\/\/poppers-online.ch\/?post_type=product&#038;p=38873"},"modified":"2024-10-16T00:35:41","modified_gmt":"2024-10-15T22:35:41","slug":"swiss-navy-premium-silicone-based-anal-glissant-10ml","status":"publish","type":"product","link":"https:\/\/poppers-online.ch\/fr\/produit\/swiss-navy-premium-silicone-based-anal-glissant-10ml\/","title":{"rendered":"Lubrifiant anal \u00e0 base de silicone Swiss Navy Premium 10ml"},"content":{"rendered":"<p>Le gel lubrifiant anal Swiss Navy Premium est particuli\u00e8rement appr\u00e9ci\u00e9 des gays et de plus en plus des h\u00e9t\u00e9rosexuels. D&rsquo;abord parce que le gel lubrifiant Swiss Navy Premium Anal est \u00e0 base de silicone. Les lubrifiants \u00e0 base de silicone sont certes un peu plus chers que les lubrifiants \u00e0 base d&rsquo;eau, mais les mol\u00e9cules de silicone restent plus longtemps sur la peau et la lubrification est ainsi maintenue plus longtemps. De plus, le gel lubrifiant anal Swiss Navy Premium contient de l&rsquo;huile de clou de girofle. L&rsquo;huile de clou de girofle est consid\u00e9r\u00e9e comme un analg\u00e9sique doux, ce qui rend le sexe anal encore plus agr\u00e9able. En bref : le gel lubrifiant anal Swiss Navy Premium te procure une satisfaction sexuelle ultime et augmente ton plaisir pendant la p\u00e9n\u00e9tration anale. Le produit est sans parfum, soyeux, de longue dur\u00e9e et fabriqu\u00e9 avec des ingr\u00e9dients de la plus haute qualit\u00e9.<\/p>\n<p>La taille de 10 ml est id\u00e9ale pour les d\u00e9placements, que ce soit en croisi\u00e8re, en club ou dans des situations quotidiennes p\u00e9tillantes. Il trouve facilement sa place dans une poche de pantalon, une sacoche d&rsquo;ordinateur portable, une trousse de toilette ou dans la bo\u00eete \u00e0 gants d&rsquo;une voiture.<\/p>\n","protected":false},"excerpt":{"rendered":"<p><span style=\"font-weight: 400;\">Le lubrifiant anal \u00e0 base de silicone Swiss Navy Premium 10ml est particuli\u00e8rement appr\u00e9ci\u00e9 des gays et de plus en plus des h\u00e9t\u00e9rosexuels. D&rsquo;une part, parce que le gel lubrifiant anal Swiss Navy Premium est \u00e0 base de silicone. Les lubrifiants \u00e0 base de silicone sont certes un peu plus chers que les lubrifiants \u00e0 base d&rsquo;eau, mais les mol\u00e9cules de silicone restent plus longtemps sur la peau et le pouvoir lubrifiant est ainsi maintenu plus longtemps. De plus, le gel lubrifiant anal Swiss Navy Premium contient de l&rsquo;huile de clou de girofle. L&rsquo;huile de clou de girofle est consid\u00e9r\u00e9e comme un analg\u00e9sique doux, ce qui rend le sexe anal encore plus agr\u00e9able. En bref : le lubrifiant anal \u00e0 base de silicone Swiss Navy Premium 10ml te procure une satisfaction sexuelle ultime et augmente ton plaisir pendant la p\u00e9n\u00e9tration anale. Le produit est sans parfum, soyeux, de longue dur\u00e9e et fabriqu\u00e9 avec des ingr\u00e9dients de la plus haute qualit\u00e9.<\/span><\/p>\n<p><span style=\"font-weight: 400;\">Le format de 10 ml est id\u00e9al pour les d\u00e9placements, que ce soit en croisi\u00e8re, en club ou dans des situations quotidiennes p\u00e9tillantes. Il trouve facilement sa place dans une poche de pantalon, une sacoche d&rsquo;ordinateur portable, une trousse de toilette ou dans la bo\u00eete \u00e0 gants d&rsquo;une voiture.<\/span><\/p>\n","protected":false},"featured_media":137233,"comment_status":"open","ping_status":"closed","template":"","meta":{"_acf_changed":false,"iawp_total_views":26,"_glsr_average":0,"_glsr_ranking":0,"_glsr_reviews":0},"product_brand":[],"product_cat":[2067,166],"product_tag":[819],"class_list":{"0":"post-38873","1":"product","2":"type-product","3":"status-publish","4":"has-post-thumbnail","6":"product_cat-lubrifiant","7":"product_cat-droguerie","8":"product_tag-lubrifiant-anal-a-base-de-silicone-swiss-navy-premium-10ml-fr","10":"first","11":"instock","12":"taxable","13":"shipping-taxable","14":"purchasable","15":"product-type-simple"},"acf":[],"_links":{"self":[{"href":"https:\/\/poppers-online.ch\/fr\/wp-json\/wp\/v2\/product\/38873","targetHints":{"allow":["GET"]}}],"collection":[{"href":"https:\/\/poppers-online.ch\/fr\/wp-json\/wp\/v2\/product"}],"about":[{"href":"https:\/\/poppers-online.ch\/fr\/wp-json\/wp\/v2\/types\/product"}],"replies":[{"embeddable":true,"href":"https:\/\/poppers-online.ch\/fr\/wp-json\/wp\/v2\/comments?post=38873"}],"wp:featuredmedia":[{"embeddable":true,"href":"https:\/\/poppers-online.ch\/fr\/wp-json\/wp\/v2\/media\/137233"}],"wp:attachment":[{"href":"https:\/\/poppers-online.ch\/fr\/wp-json\/wp\/v2\/media?parent=38873"}],"wp:term":[{"taxonomy":"product_brand","embeddable":true,"href":"https:\/\/poppers-online.ch\/fr\/wp-json\/wp\/v2\/product_brand?post=38873"},{"taxonomy":"product_cat","embeddable":true,"href":"https:\/\/poppers-online.ch\/fr\/wp-json\/wp\/v2\/product_cat?post=38873"},{"taxonomy":"product_tag","embeddable":true,"href":"https:\/\/poppers-online.ch\/fr\/wp-json\/wp\/v2\/product_tag?post=38873"}],"curies":[{"name":"wp","href":"https:\/\/api.w.org\/{rel}","templated":true}]}}