{"id":38418,"date":"2022-10-25T15:06:15","date_gmt":"2022-10-25T13:06:16","guid":{"rendered":"https:\/\/poppers-online.ch\/?post_type=product&#038;p=38418"},"modified":"2025-04-24T12:40:50","modified_gmt":"2025-04-24T10:40:50","slug":"animal-combo-4-flacons","status":"publish","type":"product","link":"https:\/\/poppers-online.ch\/fr\/produit\/animal-combo-4-flacons\/","title":{"rendered":"Animal Combo 4 flacons"},"content":{"rendered":"<p>Notre Animal Combo se compose de 4 flacons qui garantissent des sensations animales. L&rsquo;Iron Horse 25ml Poppers est un poppers fort comme un cheval et r\u00e9veille l&rsquo;\u00e9talon qui sommeille en toi ou en ton partenaire. L&rsquo;Eagle 10ml Poppers est synonyme de force et de courage. Pour que tu puisses atteindre des sommets, nous te proposons \u00e9galement notre Wings Brown 10ml Poppers. Le Pig Sweat 15ml Poppers ne fait pas seulement transpirer les cochons, mais aussi, \u00e0 coup s\u00fbr, tous les mecs. C&rsquo;est parti pour des exp\u00e9riences animales gr\u00e2ce \u00e0 notre Animal Combo.<\/p>\n","protected":false},"excerpt":{"rendered":"<p>Notre Animal Combo 4 flacons se compose de 4 flacons animales qui garantissent des exp\u00e9riences animales. Le poppers <a href=\"https:\/\/poppers-online.ch\/fr\/produit\/iron-horse-poppers-25ml\/\">Iron Horse 25ml<\/a> est un poppers chevalin qui r\u00e9veille l&rsquo;\u00e9talon qui sommeille en toi ou en ton partenaire. Le <a href=\"https:\/\/poppers-online.ch\/fr\/produit\/eagle-poppers-10ml\/\">Eagle 10ml Poppers<\/a> est synonyme de force et de courage. Pour que tu puisses atteindre des sommets, nous t&rsquo;avons aussi pr\u00e9par\u00e9 notre <a href=\"https:\/\/poppers-online.ch\/fr\/produit\/wings-brown-poppers-limited-edition-10ml\/\">Wings Brown 10ml Poppers<\/a>. Le<a href=\"https:\/\/poppers-online.ch\/fr\/produit\/pig-sweat-poppers-15ml\/\"> Pig Sweat 15ml Poppers<\/a> ne fait pas seulement transpirer les cochons, mais aussi, \u00e0 coup s\u00fbr, tous les mecs. C&rsquo;est parti pour des exp\u00e9riences animales gr\u00e2ce \u00e0 notre Animal Combo.<\/p>\n","protected":false},"featured_media":55078,"comment_status":"open","ping_status":"closed","template":"","meta":{"_acf_changed":false,"iawp_total_views":10,"_glsr_average":0,"_glsr_ranking":0,"_glsr_reviews":0},"product_brand":[],"product_cat":[1046,76,77,78],"product_tag":[803,233,234,235,236],"class_list":{"0":"post-38418","1":"product","2":"type-product","3":"status-publish","4":"has-post-thumbnail","6":"product_cat-poppers","7":"product_cat-paquets-economiques","8":"product_cat-grands-flacons","9":"product_cat-petits-flacons","10":"product_tag-animal-combo-4-flacons-fr","11":"product_tag-eagle-10ml-fr","12":"product_tag-iron-horse-25ml-fr","13":"product_tag-pig-sweat-15ml-fr","14":"product_tag-wings-brown-10ml-fr","15":"pa_flaschenform-rond-petit","16":"pa_flaschenform-anguleux","17":"pa_gewindegroesse-small","18":"pa_inhalt-combo","19":"pa_inhalt-25ml","20":"pa_inhalt-15ml","21":"pa_inhalt-10ml","22":"pa_inhaltsstoffe-formule-canadienne-de-pentyle","23":"pa_marke-lockerroom-poppers","24":"pa_staerke-90","26":"first","27":"instock","28":"sale","29":"taxable","30":"shipping-taxable","31":"purchasable","32":"product-type-simple"},"acf":[],"_links":{"self":[{"href":"https:\/\/poppers-online.ch\/fr\/wp-json\/wp\/v2\/product\/38418","targetHints":{"allow":["GET"]}}],"collection":[{"href":"https:\/\/poppers-online.ch\/fr\/wp-json\/wp\/v2\/product"}],"about":[{"href":"https:\/\/poppers-online.ch\/fr\/wp-json\/wp\/v2\/types\/product"}],"replies":[{"embeddable":true,"href":"https:\/\/poppers-online.ch\/fr\/wp-json\/wp\/v2\/comments?post=38418"}],"wp:featuredmedia":[{"embeddable":true,"href":"https:\/\/poppers-online.ch\/fr\/wp-json\/wp\/v2\/media\/55078"}],"wp:attachment":[{"href":"https:\/\/poppers-online.ch\/fr\/wp-json\/wp\/v2\/media?parent=38418"}],"wp:term":[{"taxonomy":"product_brand","embeddable":true,"href":"https:\/\/poppers-online.ch\/fr\/wp-json\/wp\/v2\/product_brand?post=38418"},{"taxonomy":"product_cat","embeddable":true,"href":"https:\/\/poppers-online.ch\/fr\/wp-json\/wp\/v2\/product_cat?post=38418"},{"taxonomy":"product_tag","embeddable":true,"href":"https:\/\/poppers-online.ch\/fr\/wp-json\/wp\/v2\/product_tag?post=38418"}],"curies":[{"name":"wp","href":"https:\/\/api.w.org\/{rel}","templated":true}]}}