{"id":37332,"date":"2022-10-09T15:21:59","date_gmt":"2022-10-09T13:21:59","guid":{"rendered":"https:\/\/poppers-online.ch\/?post_type=product&#038;p=37332"},"modified":"2024-10-16T00:40:28","modified_gmt":"2024-10-15T22:40:28","slug":"poppers-inhaler-double-steel-titan","status":"publish","type":"product","link":"https:\/\/poppers-online.ch\/fr\/produit\/poppers-inhaler-double-steel-titan\/","title":{"rendered":"Poppers Inhaler Double Steel Titan"},"content":{"rendered":"<p>Ce double inhalateur avec fermeture magn\u00e9tique et design de prise est m\u00eame recouvert de titane. Les deux parties du bo\u00eetier sont soigneusement recouvertes de titane de haute qualit\u00e9. La fermeture est pratique car elle est magn\u00e9tique. Un inhalateur et un bracelet en cuir sont inclus dans la livraison. Avec cet inhalateur de tr\u00e8s haute qualit\u00e9, tu ach\u00e8tes un produit de qualit\u00e9 particuli\u00e8re.<\/p>\n","protected":false},"excerpt":{"rendered":"<p>Ce Poppers Inhaler Double Steel Titan avec fermeture magn\u00e9tique au design de prise est m\u00eame recouvert de titane. Les deux parties du bo\u00eetier sont soigneusement recouvertes de titane de haute qualit\u00e9. La fermeture est pratique, car elle est magn\u00e9tique. Un inhalateur et un bracelet en cuir sont inclus dans la livraison. Avec cet inhalateur de tr\u00e8s grande qualit\u00e9, tu ach\u00e8tes un produit de qualit\u00e9 particuli\u00e8re. Voici comment pr\u00e9parer ton inhalateur \u00e0 l&rsquo;utilisation : Tu d\u00e9visses les deux tiges m\u00e9talliques. Tu impr\u00e8gnes du coton ou deux b\u00e2tonnets de coton avec suffisamment de poppers. Tu ins\u00e8res le coton ou les b\u00e2tonnets de coton dans les deux tiges m\u00e9talliques et tu revisseras les tiges m\u00e9talliques sur l&rsquo;inhalateur. Tu es maintenant pr\u00eat \u00e0 utiliser ton double poppers de notre Double Inhaler.<\/p>\n","protected":false},"featured_media":37342,"comment_status":"open","ping_status":"closed","template":"","meta":{"_acf_changed":false,"iawp_total_views":11,"_glsr_average":0,"_glsr_ranking":0,"_glsr_reviews":0},"product_brand":[],"product_cat":[149,1310],"product_tag":[860],"class_list":{"0":"post-37332","1":"product","2":"type-product","3":"status-publish","4":"has-post-thumbnail","6":"product_cat-accessoires-poppers","7":"product_cat-inhalateurs","8":"product_tag-poppers-inhaler-double-steel-titan-fr-2","9":"pa_inhaler-produkttyp-double","11":"first","12":"instock","13":"taxable","14":"shipping-taxable","15":"purchasable","16":"product-type-simple"},"acf":[],"_links":{"self":[{"href":"https:\/\/poppers-online.ch\/fr\/wp-json\/wp\/v2\/product\/37332","targetHints":{"allow":["GET"]}}],"collection":[{"href":"https:\/\/poppers-online.ch\/fr\/wp-json\/wp\/v2\/product"}],"about":[{"href":"https:\/\/poppers-online.ch\/fr\/wp-json\/wp\/v2\/types\/product"}],"replies":[{"embeddable":true,"href":"https:\/\/poppers-online.ch\/fr\/wp-json\/wp\/v2\/comments?post=37332"}],"wp:featuredmedia":[{"embeddable":true,"href":"https:\/\/poppers-online.ch\/fr\/wp-json\/wp\/v2\/media\/37342"}],"wp:attachment":[{"href":"https:\/\/poppers-online.ch\/fr\/wp-json\/wp\/v2\/media?parent=37332"}],"wp:term":[{"taxonomy":"product_brand","embeddable":true,"href":"https:\/\/poppers-online.ch\/fr\/wp-json\/wp\/v2\/product_brand?post=37332"},{"taxonomy":"product_cat","embeddable":true,"href":"https:\/\/poppers-online.ch\/fr\/wp-json\/wp\/v2\/product_cat?post=37332"},{"taxonomy":"product_tag","embeddable":true,"href":"https:\/\/poppers-online.ch\/fr\/wp-json\/wp\/v2\/product_tag?post=37332"}],"curies":[{"name":"wp","href":"https:\/\/api.w.org\/{rel}","templated":true}]}}