{"id":37288,"date":"2022-10-08T19:49:55","date_gmt":"2022-10-08T17:49:55","guid":{"rendered":"https:\/\/poppers-online.ch\/?post_type=product&#038;p=37288"},"modified":"2026-01-26T11:19:50","modified_gmt":"2026-01-26T10:19:50","slug":"berlin-ultra-strong-poppers-10ml","status":"publish","type":"product","link":"https:\/\/poppers-online.ch\/fr\/produit\/berlin-ultra-strong-poppers-10ml\/","title":{"rendered":"Berlin Ultra Strong Poppers 10ml"},"content":{"rendered":"<p><span style=\"font-weight: 400;\">Le Berlin Ultra Strong Poppers 10ml est nouveau sur le march\u00e9 suisse depuis 2022. Il est bas\u00e9 sur le nitrite de pentyle original. Ce poppers ultra puissant t&rsquo;apporte chez toi les possibilit\u00e9s sauvages et exub\u00e9rantes de la Queer Capital, y compris Kitkat et Berghain Berlin, et te permet, \u00e0 toi et \u00e0 tes amis, de vivre intens\u00e9ment les vibes berlinoises \u00e0 la maison.<\/span><\/p>\n","protected":false},"excerpt":{"rendered":"<p><span style=\"font-weight: 400;\">Le Berlin Ultra Strong Poppers 10ml est nouveau sur le march\u00e9 suisse depuis 2022. Il est bas\u00e9 sur le nitrite de pentyle original. Ce poppers ultra puissant t&rsquo;apporte chez toi les possibilit\u00e9s sauvages et exub\u00e9rantes de la Queer Capital, y compris Kitkat et Berghain Berlin, et te permet, \u00e0 toi et \u00e0 tes amis, de vivre intens\u00e9ment les vibes berlinoises \u00e0 la maison.<\/span><\/p>\n","protected":false},"featured_media":37689,"comment_status":"open","ping_status":"closed","template":"","meta":{"_acf_changed":false,"iawp_total_views":44,"_glsr_average":0,"_glsr_ranking":0,"_glsr_reviews":0},"product_brand":[],"product_cat":[78],"product_tag":[798,790,796],"class_list":{"0":"post-37288","1":"product","2":"type-product","3":"status-publish","4":"has-post-thumbnail","6":"product_cat-petits-flacons","7":"product_tag-berlin-ultra-strong-poppers-10ml-fr-2","8":"product_tag-poppers-fr","9":"product_tag-swiss-premium-juice-poppers-10ml-fr-2","10":"pa_flaschenform-rond-petit","11":"pa_gewindegroesse-small","12":"pa_inhalt-10ml","13":"pa_inhaltsstoffe-nitrite-de-pentyle","14":"pa_marke-berlin-poppers","15":"pa_marke-edition-oxy","16":"pa_staerke-91","18":"first","19":"instock","20":"taxable","21":"shipping-taxable","22":"purchasable","23":"product-type-simple"},"acf":[],"_links":{"self":[{"href":"https:\/\/poppers-online.ch\/fr\/wp-json\/wp\/v2\/product\/37288","targetHints":{"allow":["GET"]}}],"collection":[{"href":"https:\/\/poppers-online.ch\/fr\/wp-json\/wp\/v2\/product"}],"about":[{"href":"https:\/\/poppers-online.ch\/fr\/wp-json\/wp\/v2\/types\/product"}],"replies":[{"embeddable":true,"href":"https:\/\/poppers-online.ch\/fr\/wp-json\/wp\/v2\/comments?post=37288"}],"wp:featuredmedia":[{"embeddable":true,"href":"https:\/\/poppers-online.ch\/fr\/wp-json\/wp\/v2\/media\/37689"}],"wp:attachment":[{"href":"https:\/\/poppers-online.ch\/fr\/wp-json\/wp\/v2\/media?parent=37288"}],"wp:term":[{"taxonomy":"product_brand","embeddable":true,"href":"https:\/\/poppers-online.ch\/fr\/wp-json\/wp\/v2\/product_brand?post=37288"},{"taxonomy":"product_cat","embeddable":true,"href":"https:\/\/poppers-online.ch\/fr\/wp-json\/wp\/v2\/product_cat?post=37288"},{"taxonomy":"product_tag","embeddable":true,"href":"https:\/\/poppers-online.ch\/fr\/wp-json\/wp\/v2\/product_tag?post=37288"}],"curies":[{"name":"wp","href":"https:\/\/api.w.org\/{rel}","templated":true}]}}