{"id":37283,"date":"2022-10-08T19:42:28","date_gmt":"2022-10-08T17:42:28","guid":{"rendered":"https:\/\/poppers-online.ch\/?post_type=product&#038;p=37283"},"modified":"2025-10-23T14:19:53","modified_gmt":"2025-10-23T12:19:53","slug":"swiss-premium-juice-poppers-10ml","status":"publish","type":"product","link":"https:\/\/poppers-online.ch\/fr\/produit\/swiss-premium-juice-poppers-10ml\/","title":{"rendered":"Swiss Premium Juice Poppers 10ml"},"content":{"rendered":"<p>Le Swiss Premium Juice Poppers 10ml est nouveau sur le march\u00e9 suisse depuis 2022. Il est bas\u00e9 sur le pentylnitrite original. Ce Swiss Premium Juice Poppers puissant et de tr\u00e8s haute qualit\u00e9 te donne le coup de fouet ultime pour ta prochaine session de sexe suisse.<\/p>\n","protected":false},"excerpt":{"rendered":"<p><span style=\"font-weight: 400;\">Le Swiss Premium Juice Poppers 10ml est nouveau sur le march\u00e9 suisse depuis 2022. Il est bas\u00e9 sur le nitrite de pentyle original. Ce puissant poppers Swiss Premium Juice de tr\u00e8s haute qualit\u00e9 te donne le coup de fouet ultime pour ta prochaine session de sexe suisse. <\/span><\/p>\n<p>D\u00e9couvre d\u2019autres poppers de qualit\u00e9 sup\u00e9rieure d\u2019Oxymoron : <a href=\"https:\/\/poppers-online.ch\/fr\/produit\/berlin-ultra-strong-poppers-10ml\/\">Berlin Ultra Strong Poppers<\/a>, <a href=\"https:\/\/poppers-online.ch\/fr\/produit\/double-fist-extreme-poppers-10ml\/\">Double Fist Extreme Poppers<\/a> et <a href=\"https:\/\/poppers-online.ch\/fr\/produit\/super-extreme-slut-poppers-10ml\/\">Super Extreme Slut Poppers<\/a>.<\/p>\n","protected":false},"featured_media":136968,"comment_status":"open","ping_status":"closed","template":"","meta":{"_acf_changed":false,"iawp_total_views":24,"_glsr_average":0,"_glsr_ranking":0,"_glsr_reviews":0},"product_brand":[],"product_cat":[78],"product_tag":[790,796],"class_list":{"0":"post-37283","1":"product","2":"type-product","3":"status-publish","4":"has-post-thumbnail","6":"product_cat-petits-flacons","7":"product_tag-poppers-fr","8":"product_tag-swiss-premium-juice-poppers-10ml-fr-2","9":"pa_flaschenform-rond-petit","10":"pa_gewindegroesse-small","11":"pa_inhalt-10ml","12":"pa_inhaltsstoffe-nitrite-de-pentyle","13":"pa_marke-edition-oxy","14":"pa_staerke-90","16":"first","17":"instock","18":"taxable","19":"shipping-taxable","20":"purchasable","21":"product-type-simple"},"acf":[],"_links":{"self":[{"href":"https:\/\/poppers-online.ch\/fr\/wp-json\/wp\/v2\/product\/37283","targetHints":{"allow":["GET"]}}],"collection":[{"href":"https:\/\/poppers-online.ch\/fr\/wp-json\/wp\/v2\/product"}],"about":[{"href":"https:\/\/poppers-online.ch\/fr\/wp-json\/wp\/v2\/types\/product"}],"replies":[{"embeddable":true,"href":"https:\/\/poppers-online.ch\/fr\/wp-json\/wp\/v2\/comments?post=37283"}],"wp:featuredmedia":[{"embeddable":true,"href":"https:\/\/poppers-online.ch\/fr\/wp-json\/wp\/v2\/media\/136968"}],"wp:attachment":[{"href":"https:\/\/poppers-online.ch\/fr\/wp-json\/wp\/v2\/media?parent=37283"}],"wp:term":[{"taxonomy":"product_brand","embeddable":true,"href":"https:\/\/poppers-online.ch\/fr\/wp-json\/wp\/v2\/product_brand?post=37283"},{"taxonomy":"product_cat","embeddable":true,"href":"https:\/\/poppers-online.ch\/fr\/wp-json\/wp\/v2\/product_cat?post=37283"},{"taxonomy":"product_tag","embeddable":true,"href":"https:\/\/poppers-online.ch\/fr\/wp-json\/wp\/v2\/product_tag?post=37283"}],"curies":[{"name":"wp","href":"https:\/\/api.w.org\/{rel}","templated":true}]}}