{"id":37278,"date":"2022-10-08T19:27:45","date_gmt":"2022-10-08T17:27:45","guid":{"rendered":"https:\/\/poppers-online.ch\/?post_type=product&#038;p=37278"},"modified":"2025-10-23T12:33:20","modified_gmt":"2025-10-23T10:33:20","slug":"double-fist-extreme-poppers-10ml","status":"publish","type":"product","link":"https:\/\/poppers-online.ch\/fr\/produit\/double-fist-extreme-poppers-10ml\/","title":{"rendered":"Double Fist Extreme Poppers 10ml"},"content":{"rendered":"<p>Le Double Fist Extreme Poppers 10ml est nouveau sur le march\u00e9 suisse depuis 2022. Il est bas\u00e9 sur le pentylnitrite original. Ce poppers est un must-have pour tous les amateurs de Fist et ceux qui souhaitent le devenir.<\/p>\n","protected":false},"excerpt":{"rendered":"<p><span style=\"font-weight: 400;\">Le Double Fist Extreme Poppers 10ml est nouveau sur le march\u00e9 suisse depuis 2022. Il a \u00e9t\u00e9 d\u00e9velopp\u00e9 par l\u2019entreprise suisse innovante Oxymoron et est bas\u00e9 sur le pentylnitrite original. Ce poppers est un must-have pour tous les amateurs de fist et ceux qui souhaitent le devenir.   <\/span><\/p>\n","protected":false},"featured_media":37697,"comment_status":"open","ping_status":"closed","template":"","meta":{"_acf_changed":false,"iawp_total_views":32,"_glsr_average":0,"_glsr_ranking":0,"_glsr_reviews":0},"product_brand":[],"product_cat":[78],"product_tag":[794,789,790],"class_list":{"0":"post-37278","1":"product","2":"type-product","3":"status-publish","4":"has-post-thumbnail","6":"product_cat-petits-flacons","7":"product_tag-double-fist-extreme-poppers-10ml-fr-2","8":"product_tag-eagle-poppers-10ml-fr-2","9":"product_tag-poppers-fr","10":"pa_flaschenform-rond-petit","11":"pa_gewindegroesse-small","12":"pa_inhalt-10ml","13":"pa_inhaltsstoffe-nitrite-de-pentyle","14":"pa_marke-fist-poppers","15":"pa_marke-edition-oxy","16":"pa_staerke-90","18":"first","19":"instock","20":"taxable","21":"shipping-taxable","22":"purchasable","23":"product-type-simple"},"acf":[],"_links":{"self":[{"href":"https:\/\/poppers-online.ch\/fr\/wp-json\/wp\/v2\/product\/37278","targetHints":{"allow":["GET"]}}],"collection":[{"href":"https:\/\/poppers-online.ch\/fr\/wp-json\/wp\/v2\/product"}],"about":[{"href":"https:\/\/poppers-online.ch\/fr\/wp-json\/wp\/v2\/types\/product"}],"replies":[{"embeddable":true,"href":"https:\/\/poppers-online.ch\/fr\/wp-json\/wp\/v2\/comments?post=37278"}],"wp:featuredmedia":[{"embeddable":true,"href":"https:\/\/poppers-online.ch\/fr\/wp-json\/wp\/v2\/media\/37697"}],"wp:attachment":[{"href":"https:\/\/poppers-online.ch\/fr\/wp-json\/wp\/v2\/media?parent=37278"}],"wp:term":[{"taxonomy":"product_brand","embeddable":true,"href":"https:\/\/poppers-online.ch\/fr\/wp-json\/wp\/v2\/product_brand?post=37278"},{"taxonomy":"product_cat","embeddable":true,"href":"https:\/\/poppers-online.ch\/fr\/wp-json\/wp\/v2\/product_cat?post=37278"},{"taxonomy":"product_tag","embeddable":true,"href":"https:\/\/poppers-online.ch\/fr\/wp-json\/wp\/v2\/product_tag?post=37278"}],"curies":[{"name":"wp","href":"https:\/\/api.w.org\/{rel}","templated":true}]}}