{"id":37271,"date":"2022-10-08T19:16:29","date_gmt":"2022-10-08T17:16:29","guid":{"rendered":"https:\/\/poppers-online.ch\/?post_type=product&#038;p=37271"},"modified":"2025-10-23T12:33:46","modified_gmt":"2025-10-23T10:33:46","slug":"super-extreme-slut-poppers-10ml","status":"publish","type":"product","link":"https:\/\/poppers-online.ch\/fr\/produit\/super-extreme-slut-poppers-10ml\/","title":{"rendered":"Super Extreme Slut Poppers 10ml"},"content":{"rendered":"<p>Le Super Extreme Slut Poppers 10ml est nouveau sur le march\u00e9 suisse depuis 2022. Il est bas\u00e9 sur le pentylnitrite original. Ce poppers fera de toi ou de ton partenaire une Super Extreme Slut encore plus consentante et sans tabou.<\/p>\n","protected":false},"excerpt":{"rendered":"<p><span style=\"font-weight: 400;\">Le Super Extreme Slut Poppers 10ml est nouveau sur le march\u00e9 suisse depuis 2022 et est devenu un best-seller en tr\u00e8s peu de temps. Il est bas\u00e9 sur le nitrite de pentyle original. Ce poppers fera de toi ou de ton partenaire une Super Extr\u00eame Slut encore plus consentante et sans tabou.  <\/span><\/p>\n","protected":false},"featured_media":37737,"comment_status":"open","ping_status":"closed","template":"","meta":{"_acf_changed":false,"iawp_total_views":28,"_glsr_average":0,"_glsr_ranking":0,"_glsr_reviews":0},"product_brand":[],"product_cat":[78],"product_tag":[790,923],"class_list":{"0":"post-37271","1":"product","2":"type-product","3":"status-publish","4":"has-post-thumbnail","6":"product_cat-petits-flacons","7":"product_tag-poppers-fr","8":"product_tag-super-extreme-slut-poppers-10ml-fr-2","9":"pa_flaschenform-rond-petit","10":"pa_gewindegroesse-small","11":"pa_inhalt-10ml","12":"pa_inhaltsstoffe-nitrite-de-pentyle","13":"pa_marke-edition-oxy","14":"pa_staerke-89","16":"first","17":"instock","18":"featured","19":"taxable","20":"shipping-taxable","21":"purchasable","22":"product-type-simple"},"acf":[],"_links":{"self":[{"href":"https:\/\/poppers-online.ch\/fr\/wp-json\/wp\/v2\/product\/37271","targetHints":{"allow":["GET"]}}],"collection":[{"href":"https:\/\/poppers-online.ch\/fr\/wp-json\/wp\/v2\/product"}],"about":[{"href":"https:\/\/poppers-online.ch\/fr\/wp-json\/wp\/v2\/types\/product"}],"replies":[{"embeddable":true,"href":"https:\/\/poppers-online.ch\/fr\/wp-json\/wp\/v2\/comments?post=37271"}],"wp:featuredmedia":[{"embeddable":true,"href":"https:\/\/poppers-online.ch\/fr\/wp-json\/wp\/v2\/media\/37737"}],"wp:attachment":[{"href":"https:\/\/poppers-online.ch\/fr\/wp-json\/wp\/v2\/media?parent=37271"}],"wp:term":[{"taxonomy":"product_brand","embeddable":true,"href":"https:\/\/poppers-online.ch\/fr\/wp-json\/wp\/v2\/product_brand?post=37271"},{"taxonomy":"product_cat","embeddable":true,"href":"https:\/\/poppers-online.ch\/fr\/wp-json\/wp\/v2\/product_cat?post=37271"},{"taxonomy":"product_tag","embeddable":true,"href":"https:\/\/poppers-online.ch\/fr\/wp-json\/wp\/v2\/product_tag?post=37271"}],"curies":[{"name":"wp","href":"https:\/\/api.w.org\/{rel}","templated":true}]}}