{"id":31147,"date":"2022-07-10T20:25:38","date_gmt":"2022-07-10T18:25:39","guid":{"rendered":"https:\/\/poppers-online.ch\/?post_type=product&#038;p=31147"},"modified":"2024-10-16T00:40:38","modified_gmt":"2024-10-15T22:40:38","slug":"power-edition-30ml-combo-3-flacons","status":"publish","type":"product","link":"https:\/\/poppers-online.ch\/fr\/produit\/power-edition-30ml-combo-3-flacons\/","title":{"rendered":"Power Edition 30ml Combo 3 flacons"},"content":{"rendered":"<p>Paquet de 3 classiques. Amsterdam Special 30ml, Blue Boy 30ml et Jungle Juice Black Extreme 30ml. Ces produits Poppers sont souvent achet\u00e9s ensemble, c&rsquo;est pourquoi nous t&rsquo;avons concoct\u00e9 un paquet Poppers avec les classiques. Profitez-en et ayez toujours les classiques Poppers \u00e0 port\u00e9e de main.<\/p>\n","protected":false},"excerpt":{"rendered":"<p>Le combo Power Edition 30ml 3 flacons est un paquet de 3x Power. <a href=\"https:\/\/poppers-online.ch\/fr\/produit\/mega-rush-30ml\/\">Mega Rush 30ml<\/a>, <a href=\"https:\/\/poppers-online.ch\/fr\/produit\/rush-extra-strong-30ml\/\">Rush Extra Strong 30ml<\/a> et <a href=\"https:\/\/poppers-online.ch\/fr\/produit\/rave-extra-strong-30ml\/\">Rave Extra Strong 30ml<\/a>. Ces produits Poppers sont souvent achet\u00e9s ensemble, c&rsquo;est pourquoi nous t&rsquo;avons concoct\u00e9 un paquet Poppers Power avec les classiques \u00e0 un prix combo avantageux. Profite de ces poppers classiques et puissants \u00e0 port\u00e9e de main. Avec le combo Power Edition 30ml 3 flacons, tu \u00e9conomises CHF 11.40 par rapport au prix unitaire ! Notre stock est limit\u00e9 et les envois sont effectu\u00e9s apr\u00e8s r\u00e9ception de la commande.<\/p>\n","protected":false},"featured_media":31151,"comment_status":"open","ping_status":"closed","template":"","meta":{"_acf_changed":false,"iawp_total_views":16,"_glsr_average":0,"_glsr_ranking":0,"_glsr_reviews":0},"product_brand":[],"product_cat":[1046,76,77],"product_tag":[],"class_list":{"0":"post-31147","1":"product","2":"type-product","3":"status-publish","4":"has-post-thumbnail","6":"product_cat-poppers","7":"product_cat-paquets-economiques","8":"product_cat-grands-flacons","9":"pa_flaschenform-rond-grand","10":"pa_gewindegroesse-small","11":"pa_inhalt-combo","12":"pa_inhalt-30ml","13":"pa_marke-lockerroom-poppers","14":"pa_marke-rush-poppers","15":"pa_staerke-90","17":"first","18":"instock","19":"sale","20":"taxable","21":"shipping-taxable","22":"purchasable","23":"product-type-simple"},"acf":[],"_links":{"self":[{"href":"https:\/\/poppers-online.ch\/fr\/wp-json\/wp\/v2\/product\/31147","targetHints":{"allow":["GET"]}}],"collection":[{"href":"https:\/\/poppers-online.ch\/fr\/wp-json\/wp\/v2\/product"}],"about":[{"href":"https:\/\/poppers-online.ch\/fr\/wp-json\/wp\/v2\/types\/product"}],"replies":[{"embeddable":true,"href":"https:\/\/poppers-online.ch\/fr\/wp-json\/wp\/v2\/comments?post=31147"}],"wp:featuredmedia":[{"embeddable":true,"href":"https:\/\/poppers-online.ch\/fr\/wp-json\/wp\/v2\/media\/31151"}],"wp:attachment":[{"href":"https:\/\/poppers-online.ch\/fr\/wp-json\/wp\/v2\/media?parent=31147"}],"wp:term":[{"taxonomy":"product_brand","embeddable":true,"href":"https:\/\/poppers-online.ch\/fr\/wp-json\/wp\/v2\/product_brand?post=31147"},{"taxonomy":"product_cat","embeddable":true,"href":"https:\/\/poppers-online.ch\/fr\/wp-json\/wp\/v2\/product_cat?post=31147"},{"taxonomy":"product_tag","embeddable":true,"href":"https:\/\/poppers-online.ch\/fr\/wp-json\/wp\/v2\/product_tag?post=31147"}],"curies":[{"name":"wp","href":"https:\/\/api.w.org\/{rel}","templated":true}]}}