{"id":30654,"date":"2022-07-08T00:18:32","date_gmt":"2022-07-07T22:18:32","guid":{"rendered":"https:\/\/poppers-online.ch\/?post_type=product&#038;p=30654"},"modified":"2025-10-23T12:34:39","modified_gmt":"2025-10-23T10:34:39","slug":"rave-extra-strong-30ml","status":"publish","type":"product","link":"https:\/\/poppers-online.ch\/fr\/produit\/rave-extra-strong-30ml\/","title":{"rendered":"Rave Extra Strong 30ml"},"content":{"rendered":"","protected":false},"excerpt":{"rendered":"<p>Rave Extra Strong 30ml. La rave dans sa flacon vert vif se remarque dans toutes les tenues. Ce n&rsquo;est pas pour rien qu&rsquo;il s&rsquo;agit de l&rsquo;un de nos succ\u00e8s commerciaux absolus, que tu vas \u00e9galement adorer. Extra fort \u00e0 base d&rsquo;Hexyl Formula. \u00c9cris-nous ce que tu penses de ce classique.<\/p>\n","protected":false},"featured_media":31107,"comment_status":"open","ping_status":"closed","template":"","meta":{"_acf_changed":false,"iawp_total_views":12,"_glsr_average":0,"_glsr_ranking":0,"_glsr_reviews":0},"product_brand":[],"product_cat":[77],"product_tag":[],"class_list":{"0":"post-30654","1":"product","2":"type-product","3":"status-publish","4":"has-post-thumbnail","6":"product_cat-grands-flacons","7":"pa_flaschenform-rond-grand","8":"pa_gewindegroesse-small","9":"pa_inhalt-30ml","10":"pa_inhaltsstoffe-nitrite-dhexyle","11":"pa_staerke-90","13":"first","14":"instock","15":"taxable","16":"shipping-taxable","17":"purchasable","18":"product-type-simple"},"acf":[],"_links":{"self":[{"href":"https:\/\/poppers-online.ch\/fr\/wp-json\/wp\/v2\/product\/30654","targetHints":{"allow":["GET"]}}],"collection":[{"href":"https:\/\/poppers-online.ch\/fr\/wp-json\/wp\/v2\/product"}],"about":[{"href":"https:\/\/poppers-online.ch\/fr\/wp-json\/wp\/v2\/types\/product"}],"replies":[{"embeddable":true,"href":"https:\/\/poppers-online.ch\/fr\/wp-json\/wp\/v2\/comments?post=30654"}],"wp:featuredmedia":[{"embeddable":true,"href":"https:\/\/poppers-online.ch\/fr\/wp-json\/wp\/v2\/media\/31107"}],"wp:attachment":[{"href":"https:\/\/poppers-online.ch\/fr\/wp-json\/wp\/v2\/media?parent=30654"}],"wp:term":[{"taxonomy":"product_brand","embeddable":true,"href":"https:\/\/poppers-online.ch\/fr\/wp-json\/wp\/v2\/product_brand?post=30654"},{"taxonomy":"product_cat","embeddable":true,"href":"https:\/\/poppers-online.ch\/fr\/wp-json\/wp\/v2\/product_cat?post=30654"},{"taxonomy":"product_tag","embeddable":true,"href":"https:\/\/poppers-online.ch\/fr\/wp-json\/wp\/v2\/product_tag?post=30654"}],"curies":[{"name":"wp","href":"https:\/\/api.w.org\/{rel}","templated":true}]}}