{"id":30650,"date":"2022-07-08T00:09:32","date_gmt":"2022-07-07T22:09:33","guid":{"rendered":"https:\/\/poppers-online.ch\/?post_type=product&#038;p=30650"},"modified":"2026-04-03T15:30:19","modified_gmt":"2026-04-03T13:30:19","slug":"rush-extra-strong-30ml","status":"publish","type":"product","link":"https:\/\/poppers-online.ch\/fr\/produit\/rush-extra-strong-30ml\/","title":{"rendered":"Rush Extra Strong 30ml"},"content":{"rendered":"","protected":false},"excerpt":{"rendered":"<p>Le poppers Rush Extra Strong 30ml est de retour dans son flacon jaune embl\u00e9matique de 30ml. Il a \u00e9t\u00e9 copi\u00e9 x fois en Europe. Le Rush Extra Strong Poppers est jusqu&rsquo;\u00e0 3 fois plus fort que le Rush normal. Les poppers Rush font partie des poppers les plus vendus dans le monde et en Suisse \u00e9galement. Essaye Rush Extra Strong Poppers seul ou avec tes amis et laisse-nous un commentaire sur le produit.<\/p>\n","protected":false},"featured_media":103411,"comment_status":"open","ping_status":"closed","template":"","meta":{"_acf_changed":false,"iawp_total_views":77,"_glsr_average":0,"_glsr_ranking":0,"_glsr_reviews":0},"product_brand":[],"product_cat":[77],"product_tag":[],"class_list":{"0":"post-30650","1":"product","2":"type-product","3":"status-publish","4":"has-post-thumbnail","6":"product_cat-grands-flacons","7":"pa_flaschenform-rond-grand","8":"pa_gewindegroesse-small","9":"pa_inhalt-30ml","10":"pa_inhaltsstoffe-nitrite-dhexyle","11":"pa_marke-rush-poppers","12":"pa_staerke-91","14":"first","15":"instock","16":"taxable","17":"shipping-taxable","18":"purchasable","19":"product-type-simple"},"acf":[],"_links":{"self":[{"href":"https:\/\/poppers-online.ch\/fr\/wp-json\/wp\/v2\/product\/30650","targetHints":{"allow":["GET"]}}],"collection":[{"href":"https:\/\/poppers-online.ch\/fr\/wp-json\/wp\/v2\/product"}],"about":[{"href":"https:\/\/poppers-online.ch\/fr\/wp-json\/wp\/v2\/types\/product"}],"replies":[{"embeddable":true,"href":"https:\/\/poppers-online.ch\/fr\/wp-json\/wp\/v2\/comments?post=30650"}],"wp:featuredmedia":[{"embeddable":true,"href":"https:\/\/poppers-online.ch\/fr\/wp-json\/wp\/v2\/media\/103411"}],"wp:attachment":[{"href":"https:\/\/poppers-online.ch\/fr\/wp-json\/wp\/v2\/media?parent=30650"}],"wp:term":[{"taxonomy":"product_brand","embeddable":true,"href":"https:\/\/poppers-online.ch\/fr\/wp-json\/wp\/v2\/product_brand?post=30650"},{"taxonomy":"product_cat","embeddable":true,"href":"https:\/\/poppers-online.ch\/fr\/wp-json\/wp\/v2\/product_cat?post=30650"},{"taxonomy":"product_tag","embeddable":true,"href":"https:\/\/poppers-online.ch\/fr\/wp-json\/wp\/v2\/product_tag?post=30650"}],"curies":[{"name":"wp","href":"https:\/\/api.w.org\/{rel}","templated":true}]}}