{"id":30646,"date":"2022-07-08T00:00:36","date_gmt":"2022-07-07T22:00:36","guid":{"rendered":"https:\/\/poppers-online.ch\/?post_type=product&#038;p=30646"},"modified":"2025-10-23T12:59:46","modified_gmt":"2025-10-23T10:59:46","slug":"mega-rush-30ml","status":"publish","type":"product","link":"https:\/\/poppers-online.ch\/fr\/produit\/mega-rush-30ml\/","title":{"rendered":"Mega Rush 30ml"},"content":{"rendered":"","protected":false},"excerpt":{"rendered":"<p>Mega Rush 30ml : Rush est le poppers le plus vendu dans le monde, en Europe et aussi en Suisse. Mega Rush est fabriqu\u00e9 \u00e0 base de nitrite d&rsquo;hexyle et te ravira, toi et tes amis. Notre plus grande flacon pour un plaisir de longue dur\u00e9e. Commande d\u00e8s maintenant ce classique, jusqu&rsquo;\u00e0 \u00e9puisement des stocks.<\/p>\n","protected":false},"featured_media":103415,"comment_status":"open","ping_status":"closed","template":"","meta":{"_acf_changed":false,"iawp_total_views":55,"_glsr_average":0,"_glsr_ranking":0,"_glsr_reviews":0},"product_brand":[],"product_cat":[1046,77],"product_tag":[],"class_list":{"0":"post-30646","1":"product","2":"type-product","3":"status-publish","4":"has-post-thumbnail","6":"product_cat-poppers","7":"product_cat-grands-flacons","8":"pa_flaschenform-rond-grand","9":"pa_gewindegroesse-small","10":"pa_inhalt-30ml","11":"pa_inhaltsstoffe-nitrite-dhexyle","12":"pa_marke-rush-poppers","13":"pa_staerke-88","15":"first","16":"instock","17":"sale","18":"taxable","19":"shipping-taxable","20":"purchasable","21":"product-type-simple"},"acf":[],"_links":{"self":[{"href":"https:\/\/poppers-online.ch\/fr\/wp-json\/wp\/v2\/product\/30646","targetHints":{"allow":["GET"]}}],"collection":[{"href":"https:\/\/poppers-online.ch\/fr\/wp-json\/wp\/v2\/product"}],"about":[{"href":"https:\/\/poppers-online.ch\/fr\/wp-json\/wp\/v2\/types\/product"}],"replies":[{"embeddable":true,"href":"https:\/\/poppers-online.ch\/fr\/wp-json\/wp\/v2\/comments?post=30646"}],"wp:featuredmedia":[{"embeddable":true,"href":"https:\/\/poppers-online.ch\/fr\/wp-json\/wp\/v2\/media\/103415"}],"wp:attachment":[{"href":"https:\/\/poppers-online.ch\/fr\/wp-json\/wp\/v2\/media?parent=30646"}],"wp:term":[{"taxonomy":"product_brand","embeddable":true,"href":"https:\/\/poppers-online.ch\/fr\/wp-json\/wp\/v2\/product_brand?post=30646"},{"taxonomy":"product_cat","embeddable":true,"href":"https:\/\/poppers-online.ch\/fr\/wp-json\/wp\/v2\/product_cat?post=30646"},{"taxonomy":"product_tag","embeddable":true,"href":"https:\/\/poppers-online.ch\/fr\/wp-json\/wp\/v2\/product_tag?post=30646"}],"curies":[{"name":"wp","href":"https:\/\/api.w.org\/{rel}","templated":true}]}}