{"id":2896,"date":"2021-06-23T15:54:16","date_gmt":"2021-06-23T13:54:16","guid":{"rendered":"https:\/\/poppers.novatask.biz\/produkt\/lockerroom-10ml\/"},"modified":"2026-02-24T23:24:46","modified_gmt":"2026-02-24T22:24:46","slug":"lockerroom-10ml","status":"publish","type":"product","link":"https:\/\/poppers-online.ch\/fr\/produit\/lockerroom-10ml\/","title":{"rendered":"Lockerroom 10ml"},"content":{"rendered":"","protected":false},"excerpt":{"rendered":"<p>Lockerroom 10ml du fabricant Lockerroom du Canada. Nomm\u00e9 d&rsquo;apr\u00e8s le fabricant de poppers au Canada et \u00e0 base de nitrite de pentyle.<\/p>\n<p>Pour des raisons r\u00e9glementaires, ce produit sera remplac\u00e9 par un produit similaire lors de l&rsquo;exp\u00e9dition en Suisse. Si tu r\u00e9sides en Suisse et que tu souhaites tout de m\u00eame recevoir ce produit, merci d&rsquo;indiquer \u00ab Veuillez exp\u00e9dier depuis l&rsquo;\u00e9tranger \u00bb dans le champ \u00ab Commentaires \u00bb de ta commande.<\/p>\n","protected":false},"featured_media":136889,"comment_status":"open","ping_status":"closed","template":"","meta":{"_acf_changed":false,"iawp_total_views":40,"_glsr_average":0,"_glsr_ranking":0,"_glsr_reviews":0},"product_brand":[],"product_cat":[78],"product_tag":[],"class_list":{"0":"post-2896","1":"product","2":"type-product","3":"status-publish","4":"has-post-thumbnail","6":"product_cat-petits-flacons","7":"pa_flaschenform-rond-petit","8":"pa_gewindegroesse-small","9":"pa_inhalt-10ml","10":"pa_inhaltsstoffe-formule-canadienne-de-pentyle","11":"pa_marke-lockerroom-poppers","12":"pa_staerke-87","14":"first","15":"instock","16":"taxable","17":"shipping-taxable","18":"purchasable","19":"product-type-simple"},"acf":[],"_links":{"self":[{"href":"https:\/\/poppers-online.ch\/fr\/wp-json\/wp\/v2\/product\/2896","targetHints":{"allow":["GET"]}}],"collection":[{"href":"https:\/\/poppers-online.ch\/fr\/wp-json\/wp\/v2\/product"}],"about":[{"href":"https:\/\/poppers-online.ch\/fr\/wp-json\/wp\/v2\/types\/product"}],"replies":[{"embeddable":true,"href":"https:\/\/poppers-online.ch\/fr\/wp-json\/wp\/v2\/comments?post=2896"}],"wp:featuredmedia":[{"embeddable":true,"href":"https:\/\/poppers-online.ch\/fr\/wp-json\/wp\/v2\/media\/136889"}],"wp:attachment":[{"href":"https:\/\/poppers-online.ch\/fr\/wp-json\/wp\/v2\/media?parent=2896"}],"wp:term":[{"taxonomy":"product_brand","embeddable":true,"href":"https:\/\/poppers-online.ch\/fr\/wp-json\/wp\/v2\/product_brand?post=2896"},{"taxonomy":"product_cat","embeddable":true,"href":"https:\/\/poppers-online.ch\/fr\/wp-json\/wp\/v2\/product_cat?post=2896"},{"taxonomy":"product_tag","embeddable":true,"href":"https:\/\/poppers-online.ch\/fr\/wp-json\/wp\/v2\/product_tag?post=2896"}],"curies":[{"name":"wp","href":"https:\/\/api.w.org\/{rel}","templated":true}]}}