{"id":2876,"date":"2021-06-23T16:02:32","date_gmt":"2021-06-23T14:02:32","guid":{"rendered":"https:\/\/poppers.novatask.biz\/produkt\/nitro-supra-10ml\/"},"modified":"2025-10-23T12:49:58","modified_gmt":"2025-10-23T10:49:58","slug":"nitro-supra-10ml","status":"publish","type":"product","link":"https:\/\/poppers-online.ch\/fr\/produit\/nitro-supra-10ml\/","title":{"rendered":"Nitro Supra 10ml"},"content":{"rendered":"","protected":false},"excerpt":{"rendered":"<p>Nitro supra 10ml du fabricant Lockerroom du Canada. Formule \u00e9prouv\u00e9e \u00e0 base de nitrite de pentyle.<\/p>\n","protected":false},"featured_media":136905,"comment_status":"open","ping_status":"closed","template":"","meta":{"_acf_changed":false,"iawp_total_views":16,"_glsr_average":0,"_glsr_ranking":0,"_glsr_reviews":0},"product_brand":[],"product_cat":[78],"product_tag":[],"class_list":{"0":"post-2876","1":"product","2":"type-product","3":"status-publish","4":"has-post-thumbnail","6":"product_cat-petits-flacons","7":"pa_flaschenform-rond-petit","8":"pa_gewindegroesse-small","9":"pa_inhalt-10ml","10":"pa_inhaltsstoffe-formule-canadienne-de-pentyle","11":"pa_marke-lockerroom-poppers","12":"pa_staerke-90","14":"first","15":"instock","16":"taxable","17":"shipping-taxable","18":"purchasable","19":"product-type-simple"},"acf":[],"_links":{"self":[{"href":"https:\/\/poppers-online.ch\/fr\/wp-json\/wp\/v2\/product\/2876","targetHints":{"allow":["GET"]}}],"collection":[{"href":"https:\/\/poppers-online.ch\/fr\/wp-json\/wp\/v2\/product"}],"about":[{"href":"https:\/\/poppers-online.ch\/fr\/wp-json\/wp\/v2\/types\/product"}],"replies":[{"embeddable":true,"href":"https:\/\/poppers-online.ch\/fr\/wp-json\/wp\/v2\/comments?post=2876"}],"wp:featuredmedia":[{"embeddable":true,"href":"https:\/\/poppers-online.ch\/fr\/wp-json\/wp\/v2\/media\/136905"}],"wp:attachment":[{"href":"https:\/\/poppers-online.ch\/fr\/wp-json\/wp\/v2\/media?parent=2876"}],"wp:term":[{"taxonomy":"product_brand","embeddable":true,"href":"https:\/\/poppers-online.ch\/fr\/wp-json\/wp\/v2\/product_brand?post=2876"},{"taxonomy":"product_cat","embeddable":true,"href":"https:\/\/poppers-online.ch\/fr\/wp-json\/wp\/v2\/product_cat?post=2876"},{"taxonomy":"product_tag","embeddable":true,"href":"https:\/\/poppers-online.ch\/fr\/wp-json\/wp\/v2\/product_tag?post=2876"}],"curies":[{"name":"wp","href":"https:\/\/api.w.org\/{rel}","templated":true}]}}