{"id":2856,"date":"2021-06-23T18:08:21","date_gmt":"2021-06-23T16:08:21","guid":{"rendered":"https:\/\/poppers.novatask.biz\/produkt\/jungle-juice-black-label-formule-extreme-30ml\/"},"modified":"2026-02-09T08:58:40","modified_gmt":"2026-02-09T07:58:40","slug":"jungle-juice-black-label-extreme-formula-30ml","status":"publish","type":"product","link":"https:\/\/poppers-online.ch\/fr\/produit\/jungle-juice-black-label-extreme-formula-30ml\/","title":{"rendered":"Jungle Juice Black Label Extreme Formula 30ml"},"content":{"rendered":"","protected":false},"excerpt":{"rendered":"<p>Jungle Juice Black Label Extreme Formula 30ml du fabricant canadien Lockerroom. Effet incroyablement puissant, gr\u00e2ce \u00e0 la puret\u00e9 \u00e0 base de la Canadian Pentyl Formula. Ce poppers fait partie des poppers les plus intenses qui soient. La Jungle Juice Black Label Extreme Formula 30ml du Canada est souvent command\u00e9e chez nous et souvent achet\u00e9e chez nous. Nous te recommandons d&rsquo;acheter un sniffer de poppers correspondant. Non seulement tu prot\u00e8ges ton nez, mais tu renforces \u00e9galement l&rsquo;effet de la formule extr\u00eame de Jungle Juice Black Label. Tu souhaites comparer les Poppers Jungle Juice ? Visite notre page sp\u00e9cifique Jungle Juice.<\/p>\n<p>Pour des raisons r\u00e9glementaires, ce produit sera remplac\u00e9 par un produit similaire lors de l&rsquo;exp\u00e9dition en Suisse. Si tu r\u00e9sides en Suisse et que tu souhaites tout de m\u00eame recevoir ce produit, merci d&rsquo;indiquer \u00ab Veuillez exp\u00e9dier depuis l&rsquo;\u00e9tranger \u00bb dans le champ \u00ab Commentaires \u00bb de ta commande.<\/p>\n","protected":false},"featured_media":137029,"comment_status":"open","ping_status":"closed","template":"","meta":{"_acf_changed":false,"iawp_total_views":64,"_glsr_average":0,"_glsr_ranking":0,"_glsr_reviews":0},"product_brand":[],"product_cat":[77],"product_tag":[2124],"class_list":{"0":"post-2856","1":"product","2":"type-product","3":"status-publish","4":"has-post-thumbnail","6":"product_cat-grands-flacons","7":"product_tag-jungle-juice-black-label-extreme-formula-30ml-fr","8":"pa_flaschenform-rond-grand","9":"pa_gewindegroesse-small","10":"pa_inhalt-30ml","11":"pa_inhaltsstoffe-formule-canadienne-de-pentyle","12":"pa_marke-jungle-juice-poppers","13":"pa_marke-lockerroom-poppers","14":"pa_staerke-91","16":"first","17":"instock","18":"taxable","19":"shipping-taxable","20":"purchasable","21":"product-type-simple"},"acf":[],"_links":{"self":[{"href":"https:\/\/poppers-online.ch\/fr\/wp-json\/wp\/v2\/product\/2856","targetHints":{"allow":["GET"]}}],"collection":[{"href":"https:\/\/poppers-online.ch\/fr\/wp-json\/wp\/v2\/product"}],"about":[{"href":"https:\/\/poppers-online.ch\/fr\/wp-json\/wp\/v2\/types\/product"}],"replies":[{"embeddable":true,"href":"https:\/\/poppers-online.ch\/fr\/wp-json\/wp\/v2\/comments?post=2856"}],"wp:featuredmedia":[{"embeddable":true,"href":"https:\/\/poppers-online.ch\/fr\/wp-json\/wp\/v2\/media\/137029"}],"wp:attachment":[{"href":"https:\/\/poppers-online.ch\/fr\/wp-json\/wp\/v2\/media?parent=2856"}],"wp:term":[{"taxonomy":"product_brand","embeddable":true,"href":"https:\/\/poppers-online.ch\/fr\/wp-json\/wp\/v2\/product_brand?post=2856"},{"taxonomy":"product_cat","embeddable":true,"href":"https:\/\/poppers-online.ch\/fr\/wp-json\/wp\/v2\/product_cat?post=2856"},{"taxonomy":"product_tag","embeddable":true,"href":"https:\/\/poppers-online.ch\/fr\/wp-json\/wp\/v2\/product_tag?post=2856"}],"curies":[{"name":"wp","href":"https:\/\/api.w.org\/{rel}","templated":true}]}}