{"id":2854,"date":"2021-06-23T18:16:51","date_gmt":"2021-06-23T16:16:51","guid":{"rendered":"https:\/\/poppers.novatask.biz\/produkt\/jungle-juice-gold-label-triple-distille-30ml\/"},"modified":"2025-11-03T02:06:03","modified_gmt":"2025-11-03T01:06:03","slug":"jungle-juice-gold-label-triple-distilled-30ml","status":"publish","type":"product","link":"https:\/\/poppers-online.ch\/fr\/produit\/jungle-juice-gold-label-triple-distilled-30ml\/","title":{"rendered":"Jungle Juice Gold Label Triple Distilled 30ml"},"content":{"rendered":"","protected":false},"excerpt":{"rendered":"<p>Jungle Juice Gold Label triple distilled 30ml du fabricant Lockerroom du Canada. Gr\u00e2ce \u00e0 la triple distillation, particuli\u00e8rement pure et forte, bas\u00e9e sur la Formule canadienne de pentyle.<\/p>\n","protected":false},"featured_media":137033,"comment_status":"open","ping_status":"closed","template":"","meta":{"_acf_changed":false,"iawp_total_views":38,"_glsr_average":0,"_glsr_ranking":0,"_glsr_reviews":0},"product_brand":[],"product_cat":[77],"product_tag":[],"class_list":{"0":"post-2854","1":"product","2":"type-product","3":"status-publish","4":"has-post-thumbnail","6":"product_cat-grands-flacons","7":"pa_flaschenform-rond-grand","8":"pa_gewindegroesse-small","9":"pa_inhalt-30ml","10":"pa_inhaltsstoffe-formule-canadienne-de-pentyle","11":"pa_marke-jungle-juice-poppers","12":"pa_marke-lockerroom-poppers","13":"pa_staerke-91","15":"first","16":"instock","17":"taxable","18":"shipping-taxable","19":"purchasable","20":"product-type-simple"},"acf":[],"_links":{"self":[{"href":"https:\/\/poppers-online.ch\/fr\/wp-json\/wp\/v2\/product\/2854","targetHints":{"allow":["GET"]}}],"collection":[{"href":"https:\/\/poppers-online.ch\/fr\/wp-json\/wp\/v2\/product"}],"about":[{"href":"https:\/\/poppers-online.ch\/fr\/wp-json\/wp\/v2\/types\/product"}],"replies":[{"embeddable":true,"href":"https:\/\/poppers-online.ch\/fr\/wp-json\/wp\/v2\/comments?post=2854"}],"wp:featuredmedia":[{"embeddable":true,"href":"https:\/\/poppers-online.ch\/fr\/wp-json\/wp\/v2\/media\/137033"}],"wp:attachment":[{"href":"https:\/\/poppers-online.ch\/fr\/wp-json\/wp\/v2\/media?parent=2854"}],"wp:term":[{"taxonomy":"product_brand","embeddable":true,"href":"https:\/\/poppers-online.ch\/fr\/wp-json\/wp\/v2\/product_brand?post=2854"},{"taxonomy":"product_cat","embeddable":true,"href":"https:\/\/poppers-online.ch\/fr\/wp-json\/wp\/v2\/product_cat?post=2854"},{"taxonomy":"product_tag","embeddable":true,"href":"https:\/\/poppers-online.ch\/fr\/wp-json\/wp\/v2\/product_tag?post=2854"}],"curies":[{"name":"wp","href":"https:\/\/api.w.org\/{rel}","templated":true}]}}