{"id":2853,"date":"2021-06-23T18:21:03","date_gmt":"2021-06-23T16:21:03","guid":{"rendered":"https:\/\/poppers.novatask.biz\/produkt\/special-amsterdam-30ml\/"},"modified":"2025-10-23T12:45:41","modified_gmt":"2025-10-23T10:45:41","slug":"amsterdam-special-30ml","status":"publish","type":"product","link":"https:\/\/poppers-online.ch\/fr\/produit\/amsterdam-special-30ml\/","title":{"rendered":"Amsterdam Special 30ml"},"content":{"rendered":"<p>&nbsp;<\/p>\n<div id=\"a36bb854c610d44-autofill-overlay-host\" class=\"a36bb854c610d44-autofill-overlay-host\" style=\"position: absolute; z-index: 10; top: 0px; left: 0px; width: 0;\">\n<div style=\"display: hidden;\"><\/div>\n<\/div>\n<div id=\"a36bb854c610d44-autofill-overlay-host\" class=\"a36bb854c610d44-autofill-overlay-host\" style=\"position: absolute; z-index: 10; top: 0px; left: 0px; width: 0;\">\n<div style=\"display: hidden;\"><\/div>\n<\/div>\n","protected":false},"excerpt":{"rendered":"<p>Avec Amsterdam Special 30ml du fabricant canadien Lockerroom, tu n&rsquo;as pas besoin de te rendre \u00e0 Amsterdam pour d\u00e9couvrir le parfum excitant de la ville. Apporte chez toi un peu du style de vie n\u00e9erlandais. Depuis de nombreuses ann\u00e9es, c&rsquo;est l&rsquo;un des poppers \u00e0 base de nitrite d&rsquo;hexyle les plus populaires de notre gamme de poppers.<\/p>\n<div id=\"a36bb854c610d44-autofill-overlay-host\" class=\"a36bb854c610d44-autofill-overlay-host\" style=\"position: absolute; z-index: 10; top: 0px; left: 0px; width: 0;\">\n<div style=\"display: hidden;\"><\/div>\n<\/div>\n<div id=\"a36bb854c610d44-autofill-overlay-host\" class=\"a36bb854c610d44-autofill-overlay-host\" style=\"position: absolute; z-index: 10; top: 0px; left: 0px; width: 0;\">\n<div style=\"display: hidden;\"><\/div>\n<\/div>\n","protected":false},"featured_media":30610,"comment_status":"open","ping_status":"closed","template":"","meta":{"_acf_changed":false,"iawp_total_views":19,"_glsr_average":0,"_glsr_ranking":0,"_glsr_reviews":0},"product_brand":[],"product_cat":[77],"product_tag":[],"class_list":{"0":"post-2853","1":"product","2":"type-product","3":"status-publish","4":"has-post-thumbnail","6":"product_cat-grands-flacons","7":"pa_flaschenform-rond-grand","8":"pa_gewindegroesse-small","9":"pa_inhalt-30ml","10":"pa_inhaltsstoffe-nitrite-dhexyle","11":"pa_marke-amsterdam-poppers","12":"pa_marke-lockerroom-poppers","13":"pa_staerke-89","15":"first","16":"instock","17":"taxable","18":"shipping-taxable","19":"purchasable","20":"product-type-simple"},"acf":[],"_links":{"self":[{"href":"https:\/\/poppers-online.ch\/fr\/wp-json\/wp\/v2\/product\/2853","targetHints":{"allow":["GET"]}}],"collection":[{"href":"https:\/\/poppers-online.ch\/fr\/wp-json\/wp\/v2\/product"}],"about":[{"href":"https:\/\/poppers-online.ch\/fr\/wp-json\/wp\/v2\/types\/product"}],"replies":[{"embeddable":true,"href":"https:\/\/poppers-online.ch\/fr\/wp-json\/wp\/v2\/comments?post=2853"}],"wp:featuredmedia":[{"embeddable":true,"href":"https:\/\/poppers-online.ch\/fr\/wp-json\/wp\/v2\/media\/30610"}],"wp:attachment":[{"href":"https:\/\/poppers-online.ch\/fr\/wp-json\/wp\/v2\/media?parent=2853"}],"wp:term":[{"taxonomy":"product_brand","embeddable":true,"href":"https:\/\/poppers-online.ch\/fr\/wp-json\/wp\/v2\/product_brand?post=2853"},{"taxonomy":"product_cat","embeddable":true,"href":"https:\/\/poppers-online.ch\/fr\/wp-json\/wp\/v2\/product_cat?post=2853"},{"taxonomy":"product_tag","embeddable":true,"href":"https:\/\/poppers-online.ch\/fr\/wp-json\/wp\/v2\/product_tag?post=2853"}],"curies":[{"name":"wp","href":"https:\/\/api.w.org\/{rel}","templated":true}]}}