{"id":2847,"date":"2021-06-23T18:29:44","date_gmt":"2021-09-20T10:53:25","guid":{"rendered":"https:\/\/poppers.novatask.biz\/produkt\/jack-30ml\/"},"modified":"2025-10-23T13:00:51","modified_gmt":"2025-10-23T11:00:51","slug":"jacked-30ml","status":"publish","type":"product","link":"https:\/\/poppers-online.ch\/fr\/produit\/jacked-30ml\/","title":{"rendered":"Jacked 30ml"},"content":{"rendered":"<p>Jacked Poppers 30ml du fabricant Lockerroom du Canada. Le Jacked Poppers dans sa flacon noire de Poppers est aussi sombre que sa formule et sa flacons. Un poppers super puissant, appr\u00e9ci\u00e9 des bears et des daddies. Exclusivement pour la Suisse chez poppers-online.ch et \u00e0 base de nitrite d&rsquo;hexyle.<\/p>\n","protected":false},"excerpt":{"rendered":"<p>Jacked Poppers 30ml du fabricant Lockerroom du Canada. Le Jacked Poppers dans sa flacon noire de Poppers est aussi sombre que sa formule et sa flacon. Un poppers super puissant, appr\u00e9ci\u00e9 des bears et des daddies. Exclusivement pour la Suisse chez poppers-online.ch et \u00e0 base de nitrite d&rsquo;hexyle.<\/p>\n","protected":false},"featured_media":30630,"comment_status":"open","ping_status":"closed","template":"","meta":{"_acf_changed":false,"iawp_total_views":21,"_glsr_average":0,"_glsr_ranking":0,"_glsr_reviews":0},"product_brand":[],"product_cat":[77],"product_tag":[],"class_list":{"0":"post-2847","1":"product","2":"type-product","3":"status-publish","4":"has-post-thumbnail","6":"product_cat-grands-flacons","7":"pa_flaschenform-rond-grand","8":"pa_gewindegroesse-small","9":"pa_inhalt-30ml","10":"pa_inhaltsstoffe-nitrite-dhexyle","11":"pa_marke-lockerroom-poppers","12":"pa_staerke-91","14":"first","15":"instock","16":"taxable","17":"shipping-taxable","18":"purchasable","19":"product-type-simple"},"acf":[],"_links":{"self":[{"href":"https:\/\/poppers-online.ch\/fr\/wp-json\/wp\/v2\/product\/2847","targetHints":{"allow":["GET"]}}],"collection":[{"href":"https:\/\/poppers-online.ch\/fr\/wp-json\/wp\/v2\/product"}],"about":[{"href":"https:\/\/poppers-online.ch\/fr\/wp-json\/wp\/v2\/types\/product"}],"replies":[{"embeddable":true,"href":"https:\/\/poppers-online.ch\/fr\/wp-json\/wp\/v2\/comments?post=2847"}],"wp:featuredmedia":[{"embeddable":true,"href":"https:\/\/poppers-online.ch\/fr\/wp-json\/wp\/v2\/media\/30630"}],"wp:attachment":[{"href":"https:\/\/poppers-online.ch\/fr\/wp-json\/wp\/v2\/media?parent=2847"}],"wp:term":[{"taxonomy":"product_brand","embeddable":true,"href":"https:\/\/poppers-online.ch\/fr\/wp-json\/wp\/v2\/product_brand?post=2847"},{"taxonomy":"product_cat","embeddable":true,"href":"https:\/\/poppers-online.ch\/fr\/wp-json\/wp\/v2\/product_cat?post=2847"},{"taxonomy":"product_tag","embeddable":true,"href":"https:\/\/poppers-online.ch\/fr\/wp-json\/wp\/v2\/product_tag?post=2847"}],"curies":[{"name":"wp","href":"https:\/\/api.w.org\/{rel}","templated":true}]}}