{"id":2842,"date":"2021-06-23T18:43:05","date_gmt":"2021-09-20T10:50:31","guid":{"rendered":"https:\/\/poppers.novatask.biz\/produkt\/rush-10ml-combo-5x-1\/"},"modified":"2026-01-06T19:10:03","modified_gmt":"2026-01-06T18:10:03","slug":"rush-10ml-combo-5x-1","status":"publish","type":"product","link":"https:\/\/poppers-online.ch\/fr\/produit\/rush-10ml-combo-5x-1\/","title":{"rendered":"Rush 10ml Combo 5x +1"},"content":{"rendered":"","protected":false},"excerpt":{"rendered":"<p>Rush 10ml en emballage \u00e9conomique du fabricant canadien Lockerroom. Formule \u00e9prouv\u00e9e Canadian Pentyl. Payez 5 flacons et obtenez 6 flacons.<\/p>\n","protected":false},"featured_media":2520,"comment_status":"open","ping_status":"closed","template":"","meta":{"_acf_changed":false,"iawp_total_views":7,"_glsr_average":0,"_glsr_ranking":0,"_glsr_reviews":0},"product_brand":[],"product_cat":[1046,76,78],"product_tag":[],"class_list":{"0":"post-2842","1":"product","2":"type-product","3":"status-publish","4":"has-post-thumbnail","6":"product_cat-poppers","7":"product_cat-paquets-economiques","8":"product_cat-petits-flacons","9":"pa_flaschenform-rond-petit","10":"pa_gewindegroesse-small","11":"pa_inhalt-combo","12":"pa_inhalt-10ml","13":"pa_inhaltsstoffe-formule-canadienne-de-pentyle","14":"pa_marke-lockerroom-poppers","15":"pa_marke-rush-poppers","16":"pa_staerke-88","18":"first","19":"instock","20":"sale","21":"taxable","22":"shipping-taxable","23":"purchasable","24":"product-type-simple"},"acf":[],"_links":{"self":[{"href":"https:\/\/poppers-online.ch\/fr\/wp-json\/wp\/v2\/product\/2842","targetHints":{"allow":["GET"]}}],"collection":[{"href":"https:\/\/poppers-online.ch\/fr\/wp-json\/wp\/v2\/product"}],"about":[{"href":"https:\/\/poppers-online.ch\/fr\/wp-json\/wp\/v2\/types\/product"}],"replies":[{"embeddable":true,"href":"https:\/\/poppers-online.ch\/fr\/wp-json\/wp\/v2\/comments?post=2842"}],"wp:featuredmedia":[{"embeddable":true,"href":"https:\/\/poppers-online.ch\/fr\/wp-json\/wp\/v2\/media\/2520"}],"wp:attachment":[{"href":"https:\/\/poppers-online.ch\/fr\/wp-json\/wp\/v2\/media?parent=2842"}],"wp:term":[{"taxonomy":"product_brand","embeddable":true,"href":"https:\/\/poppers-online.ch\/fr\/wp-json\/wp\/v2\/product_brand?post=2842"},{"taxonomy":"product_cat","embeddable":true,"href":"https:\/\/poppers-online.ch\/fr\/wp-json\/wp\/v2\/product_cat?post=2842"},{"taxonomy":"product_tag","embeddable":true,"href":"https:\/\/poppers-online.ch\/fr\/wp-json\/wp\/v2\/product_tag?post=2842"}],"curies":[{"name":"wp","href":"https:\/\/api.w.org\/{rel}","templated":true}]}}