{"id":26804,"date":"2022-05-02T18:28:24","date_gmt":"2022-05-02T16:28:24","guid":{"rendered":"https:\/\/poppers-online.ch\/?post_type=product&#038;p=26804"},"modified":"2025-10-23T12:41:36","modified_gmt":"2025-10-23T10:41:36","slug":"rush-original-poppers-25ml","status":"publish","type":"product","link":"https:\/\/poppers-online.ch\/fr\/produit\/rush-original-poppers-25ml\/","title":{"rendered":"Rush Original Poppers 25ml"},"content":{"rendered":"<p>Poppers Rush Original 25ml du fabricant Lockerroom du Canada. Le poppers le plus vendu au monde, en Europe et aussi en Suisse, \u00e0 base de la formule Canadian Pentyl.<\/p>\n","protected":false},"excerpt":{"rendered":"<p>Rush Original Poppers 25ml du fabricant Lockerroom du Canada. Les poppers les plus vendus dans le monde, en Europe et aussi en Suisse sur la base de la Formule canadienne de pentyle.<\/p>\n<p>Sur notre page sp\u00e9ciale <a href=\"https:\/\/poppers-online.ch\/rush-hour\/\">Rush<\/a>, tu trouveras tous les poppers Rush disponibles dans la boutique en ligne. Tu y trouveras certainement ta version pr\u00e9f\u00e9r\u00e9e de notre best-seller.<\/p>\n","protected":false},"featured_media":30959,"comment_status":"open","ping_status":"closed","template":"","meta":{"_acf_changed":false,"iawp_total_views":29,"_glsr_average":0,"_glsr_ranking":0,"_glsr_reviews":0},"product_brand":[],"product_cat":[77],"product_tag":[],"class_list":{"0":"post-26804","1":"product","2":"type-product","3":"status-publish","4":"has-post-thumbnail","6":"product_cat-grands-flacons","7":"pa_flaschenform-anguleux","8":"pa_gewindegroesse-large","9":"pa_inhalt-25ml","10":"pa_inhaltsstoffe-formule-canadienne-de-pentyle","11":"pa_marke-lockerroom-poppers","12":"pa_marke-rush-poppers","13":"pa_staerke-88","15":"first","16":"instock","17":"taxable","18":"shipping-taxable","19":"purchasable","20":"product-type-simple"},"acf":[],"_links":{"self":[{"href":"https:\/\/poppers-online.ch\/fr\/wp-json\/wp\/v2\/product\/26804","targetHints":{"allow":["GET"]}}],"collection":[{"href":"https:\/\/poppers-online.ch\/fr\/wp-json\/wp\/v2\/product"}],"about":[{"href":"https:\/\/poppers-online.ch\/fr\/wp-json\/wp\/v2\/types\/product"}],"replies":[{"embeddable":true,"href":"https:\/\/poppers-online.ch\/fr\/wp-json\/wp\/v2\/comments?post=26804"}],"wp:featuredmedia":[{"embeddable":true,"href":"https:\/\/poppers-online.ch\/fr\/wp-json\/wp\/v2\/media\/30959"}],"wp:attachment":[{"href":"https:\/\/poppers-online.ch\/fr\/wp-json\/wp\/v2\/media?parent=26804"}],"wp:term":[{"taxonomy":"product_brand","embeddable":true,"href":"https:\/\/poppers-online.ch\/fr\/wp-json\/wp\/v2\/product_brand?post=26804"},{"taxonomy":"product_cat","embeddable":true,"href":"https:\/\/poppers-online.ch\/fr\/wp-json\/wp\/v2\/product_cat?post=26804"},{"taxonomy":"product_tag","embeddable":true,"href":"https:\/\/poppers-online.ch\/fr\/wp-json\/wp\/v2\/product_tag?post=26804"}],"curies":[{"name":"wp","href":"https:\/\/api.w.org\/{rel}","templated":true}]}}