{"id":26793,"date":"2022-05-02T17:12:27","date_gmt":"2022-05-02T15:12:27","guid":{"rendered":"https:\/\/poppers-online.ch\/?post_type=product&#038;p=26793"},"modified":"2026-04-16T16:17:09","modified_gmt":"2026-04-16T14:17:09","slug":"jungle-juice-gold-label-poppers-25-ml","status":"publish","type":"product","link":"https:\/\/poppers-online.ch\/fr\/produit\/jungle-juice-gold-label-poppers-25-ml\/","title":{"rendered":"Jungle Juice Gold Label Poppers 25 ml"},"content":{"rendered":"","protected":false},"excerpt":{"rendered":"<p>Jungle Juice Gold Label Poppers 25ml du fabricant canadien Lockerroom dans une flacon carr\u00e9e r\u00e9tro tr\u00e8s styl\u00e9e. Particuli\u00e8rement pur et puissant gr\u00e2ce \u00e0 la triple distillation, \u00e0 base de la Canadian Pentyl Formula. Compare tous les poppers Jungle Juice sur notre grande <a href=\"https:\/\/poppers-online.ch\/jungle-juice-poppers\/\">page d&rsquo;aper\u00e7u Jungle Juice<\/a>.<\/p>\n","protected":false},"featured_media":30951,"comment_status":"open","ping_status":"closed","template":"","meta":{"_acf_changed":false,"iawp_total_views":16,"_glsr_average":0,"_glsr_ranking":0,"_glsr_reviews":0},"product_brand":[],"product_cat":[77],"product_tag":[],"class_list":{"0":"post-26793","1":"product","2":"type-product","3":"status-publish","4":"has-post-thumbnail","6":"product_cat-grands-flacons","7":"pa_flaschenform-anguleux","8":"pa_gewindegroesse-large","9":"pa_inhalt-25ml","10":"pa_inhaltsstoffe-formule-canadienne-de-pentyle","11":"pa_marke-jungle-juice-poppers","12":"pa_marke-lockerroom-poppers","13":"pa_staerke-91","15":"first","16":"instock","17":"taxable","18":"shipping-taxable","19":"purchasable","20":"product-type-simple"},"acf":[],"_links":{"self":[{"href":"https:\/\/poppers-online.ch\/fr\/wp-json\/wp\/v2\/product\/26793","targetHints":{"allow":["GET"]}}],"collection":[{"href":"https:\/\/poppers-online.ch\/fr\/wp-json\/wp\/v2\/product"}],"about":[{"href":"https:\/\/poppers-online.ch\/fr\/wp-json\/wp\/v2\/types\/product"}],"replies":[{"embeddable":true,"href":"https:\/\/poppers-online.ch\/fr\/wp-json\/wp\/v2\/comments?post=26793"}],"wp:featuredmedia":[{"embeddable":true,"href":"https:\/\/poppers-online.ch\/fr\/wp-json\/wp\/v2\/media\/30951"}],"wp:attachment":[{"href":"https:\/\/poppers-online.ch\/fr\/wp-json\/wp\/v2\/media?parent=26793"}],"wp:term":[{"taxonomy":"product_brand","embeddable":true,"href":"https:\/\/poppers-online.ch\/fr\/wp-json\/wp\/v2\/product_brand?post=26793"},{"taxonomy":"product_cat","embeddable":true,"href":"https:\/\/poppers-online.ch\/fr\/wp-json\/wp\/v2\/product_cat?post=26793"},{"taxonomy":"product_tag","embeddable":true,"href":"https:\/\/poppers-online.ch\/fr\/wp-json\/wp\/v2\/product_tag?post=26793"}],"curies":[{"name":"wp","href":"https:\/\/api.w.org\/{rel}","templated":true}]}}