{"id":26779,"date":"2022-05-02T15:54:46","date_gmt":"2022-05-02T13:54:46","guid":{"rendered":"https:\/\/poppers-online.ch\/?post_type=product&#038;p=26779"},"modified":"2025-10-23T12:39:42","modified_gmt":"2025-10-23T10:39:42","slug":"rush-ultra-strong-poppers-10ml","status":"publish","type":"product","link":"https:\/\/poppers-online.ch\/fr\/produit\/rush-ultra-strong-poppers-10ml\/","title":{"rendered":"Rush Ultra Strong Poppers 10ml"},"content":{"rendered":"<p>&nbsp;<\/p>\n<p><span data-sheets-value=\"{\"1\":2,\"2\":\"Das Original Rush Ultra Strong Poppers ist zur\u00fcck aus Canada in der unverkennbaren gelben 10ml Flasche. Es wurde in Europa x mal kopiert und nun wieder neu entwickelt vom Hersteller Lockerroom aus Canada. Extreme Formula auf Basis der Canadian Pentyl Formula. Rush Ultra Strong Poppers ist bis zu 3x st\u00e4rker als das normale Rush. Das Rush Ultra Strong ist nur dann ein Original, wenn Du das JJ Logo auf der Seite vom Deckel findest. Probiere Rush Ultra Strong Poppers aus und hinterlasse uns eine Produktbewertung.\"}\" data-sheets-userformat=\"{\"2\":515,\"3\":{\"1\":0},\"4\":{\"1\":3,\"3\":5},\"12\":0}\"> <\/span><\/p>\n","protected":false},"excerpt":{"rendered":"<p><span data-sheets-value=\"{\"1\":2,\"2\":\"Das Original Rush Ultra Strong Poppers ist zur\u00fcck aus Canada in der unverkennbaren gelben 10ml Flasche. Es wurde in Europa x mal kopiert und nun wieder neu entwickelt vom Hersteller Lockerroom aus Canada. Extreme Formula auf Basis der Canadian Pentyl Formula. Rush Ultra Strong Poppers ist bis zu 3x st\u00e4rker als das normale Rush. Das Rush Ultra Strong ist nur dann ein Original, wenn Du das JJ Logo auf der Seite vom Deckel findest. Probiere Rush Ultra Strong Poppers aus und hinterlasse uns eine Produktbewertung.\"}\" data-sheets-userformat=\"{\"2\":515,\"3\":{\"1\":0},\"4\":{\"1\":3,\"3\":5},\"12\":0}\">L&rsquo;original Rush Ultra Strong Poppers 10ml est de retour du Canada dans son flacon jaune 10ml reconnaissable entre tous. Il a \u00e9t\u00e9 copi\u00e9 x fois en Europe et est maintenant \u00e0 nouveau d\u00e9velopp\u00e9 par le fabricant canadien Lockerroom. Formule extr\u00eame bas\u00e9e sur la Canadian Pentyl Formula. Le Rush Ultra Strong Poppers est jusqu&rsquo;\u00e0 3 fois plus fort que le Rush normal. Le Rush Ultra Strong n&rsquo;est un original que si tu trouves le logo JJ sur le c\u00f4t\u00e9 du couvercle. Essaye Original Rush Ultra Strong Poppers 10ml et laisse-nous un commentaire sur le produit.<\/span><\/p>\n<p>Alternative : <a href=\"https:\/\/poppers-online.ch\/produkt\/rush-extra-strong-30ml\/\">Rush Extra Strong 30ml<\/a><\/p>\n","protected":false},"featured_media":27346,"comment_status":"open","ping_status":"closed","template":"","meta":{"_acf_changed":false,"iawp_total_views":75,"_glsr_average":0,"_glsr_ranking":0,"_glsr_reviews":0},"product_brand":[],"product_cat":[78],"product_tag":[],"class_list":{"0":"post-26779","1":"product","2":"type-product","3":"status-publish","4":"has-post-thumbnail","6":"product_cat-petits-flacons","7":"pa_flaschenform-rond-petit","8":"pa_gewindegroesse-small","9":"pa_inhalt-10ml","10":"pa_inhaltsstoffe-formule-canadienne-de-pentyle","11":"pa_marke-lockerroom-poppers","12":"pa_marke-rush-poppers","13":"pa_staerke-91","15":"first","16":"instock","17":"taxable","18":"shipping-taxable","19":"purchasable","20":"product-type-simple"},"acf":[],"_links":{"self":[{"href":"https:\/\/poppers-online.ch\/fr\/wp-json\/wp\/v2\/product\/26779","targetHints":{"allow":["GET"]}}],"collection":[{"href":"https:\/\/poppers-online.ch\/fr\/wp-json\/wp\/v2\/product"}],"about":[{"href":"https:\/\/poppers-online.ch\/fr\/wp-json\/wp\/v2\/types\/product"}],"replies":[{"embeddable":true,"href":"https:\/\/poppers-online.ch\/fr\/wp-json\/wp\/v2\/comments?post=26779"}],"wp:featuredmedia":[{"embeddable":true,"href":"https:\/\/poppers-online.ch\/fr\/wp-json\/wp\/v2\/media\/27346"}],"wp:attachment":[{"href":"https:\/\/poppers-online.ch\/fr\/wp-json\/wp\/v2\/media?parent=26779"}],"wp:term":[{"taxonomy":"product_brand","embeddable":true,"href":"https:\/\/poppers-online.ch\/fr\/wp-json\/wp\/v2\/product_brand?post=26779"},{"taxonomy":"product_cat","embeddable":true,"href":"https:\/\/poppers-online.ch\/fr\/wp-json\/wp\/v2\/product_cat?post=26779"},{"taxonomy":"product_tag","embeddable":true,"href":"https:\/\/poppers-online.ch\/fr\/wp-json\/wp\/v2\/product_tag?post=26779"}],"curies":[{"name":"wp","href":"https:\/\/api.w.org\/{rel}","templated":true}]}}