{"id":26772,"date":"2022-05-02T15:18:38","date_gmt":"2022-05-02T13:18:38","guid":{"rendered":"https:\/\/poppers-online.ch\/?post_type=product&#038;p=26772"},"modified":"2025-10-23T12:44:02","modified_gmt":"2025-10-23T10:44:02","slug":"amster-damit-poppers-10ml","status":"publish","type":"product","link":"https:\/\/poppers-online.ch\/fr\/produit\/amster-damit-poppers-10ml\/","title":{"rendered":"AMSTER DAMIT Poppers 10ml"},"content":{"rendered":"","protected":false},"excerpt":{"rendered":"<p>Le AMSTER DAMIT Poppers 10ml est une innovation 2022 de la maison Lockerroom au Canada. Au lieu de donner \u00e0 nouveau \u00e0 un nouveau poppers canadien le nom d&rsquo;une ville des Pays-Bas, la nouvelle Amsterdam du Canada s&rsquo;appelle AMSTER DAMIT. Le nouveau label noir est extra fort, unique et donc le plus fort des Amsterdam. AMSTER DAMIT Poppers 10ml est bas\u00e9 sur la formule \u00e9prouv\u00e9e du pentyle canadien et ravira tous les amateurs de poppers portant le nom de la ville hollandaise.<\/p>\n","protected":false},"featured_media":30886,"comment_status":"open","ping_status":"closed","template":"","meta":{"_acf_changed":false,"iawp_total_views":14,"_glsr_average":0,"_glsr_ranking":0,"_glsr_reviews":0},"product_brand":[],"product_cat":[78],"product_tag":[],"class_list":{"0":"post-26772","1":"product","2":"type-product","3":"status-publish","4":"has-post-thumbnail","6":"product_cat-petits-flacons","7":"pa_flaschenform-rond-petit","8":"pa_gewindegroesse-small","9":"pa_inhalt-10ml","10":"pa_inhaltsstoffe-formule-canadienne-de-pentyle","11":"pa_marke-amsterdam-poppers","12":"pa_marke-lockerroom-poppers","13":"pa_staerke-91","15":"first","16":"instock","17":"taxable","18":"shipping-taxable","19":"purchasable","20":"product-type-simple"},"acf":[],"_links":{"self":[{"href":"https:\/\/poppers-online.ch\/fr\/wp-json\/wp\/v2\/product\/26772","targetHints":{"allow":["GET"]}}],"collection":[{"href":"https:\/\/poppers-online.ch\/fr\/wp-json\/wp\/v2\/product"}],"about":[{"href":"https:\/\/poppers-online.ch\/fr\/wp-json\/wp\/v2\/types\/product"}],"replies":[{"embeddable":true,"href":"https:\/\/poppers-online.ch\/fr\/wp-json\/wp\/v2\/comments?post=26772"}],"wp:featuredmedia":[{"embeddable":true,"href":"https:\/\/poppers-online.ch\/fr\/wp-json\/wp\/v2\/media\/30886"}],"wp:attachment":[{"href":"https:\/\/poppers-online.ch\/fr\/wp-json\/wp\/v2\/media?parent=26772"}],"wp:term":[{"taxonomy":"product_brand","embeddable":true,"href":"https:\/\/poppers-online.ch\/fr\/wp-json\/wp\/v2\/product_brand?post=26772"},{"taxonomy":"product_cat","embeddable":true,"href":"https:\/\/poppers-online.ch\/fr\/wp-json\/wp\/v2\/product_cat?post=26772"},{"taxonomy":"product_tag","embeddable":true,"href":"https:\/\/poppers-online.ch\/fr\/wp-json\/wp\/v2\/product_tag?post=26772"}],"curies":[{"name":"wp","href":"https:\/\/api.w.org\/{rel}","templated":true}]}}