{"id":26764,"date":"2022-05-02T13:58:14","date_gmt":"2022-05-02T11:58:14","guid":{"rendered":"https:\/\/poppers-online.ch\/?post_type=product&#038;p=26764"},"modified":"2025-08-18T13:34:16","modified_gmt":"2025-08-18T11:34:16","slug":"amster-damit-poppers-boxed-30ml","status":"publish","type":"product","link":"https:\/\/poppers-online.ch\/fr\/produit\/amster-damit-poppers-boxed-30ml\/","title":{"rendered":"Poppers AMSTER DAMIT en bo\u00eete de 30 ml"},"content":{"rendered":"<p>&nbsp;<\/p>\n<p>&nbsp;<\/p>\n","protected":false},"excerpt":{"rendered":"<p>Jungle Juice Black Label Extreme Formula 30ml du fabricant canadien Lockerroom. Une intensit\u00e9 incroyable, gr\u00e2ce \u00e0 la puret\u00e9 \u00e0 base de la formule Canadian Pentyl. Tu souhaites <a href=\"https:\/\/poppers-online.ch\/fr\/jungle-juice-poppers\/\">comparer les Poppers Jungle Juice<\/a>? Visite notre page sp\u00e9cifique Jungle Juice. <\/p>\n","protected":false},"featured_media":30941,"comment_status":"open","ping_status":"closed","template":"","meta":{"_acf_changed":false,"iawp_total_views":18,"_glsr_average":0,"_glsr_ranking":0,"_glsr_reviews":0},"product_brand":[],"product_cat":[77],"product_tag":[],"class_list":{"0":"post-26764","1":"product","2":"type-product","3":"status-publish","4":"has-post-thumbnail","6":"product_cat-grands-flacons","7":"pa_flaschenform-rond-grand","8":"pa_gewindegroesse-small","9":"pa_inhalt-30ml","10":"pa_inhaltsstoffe-formule-canadienne-de-pentyle","11":"pa_marke-amsterdam-poppers","12":"pa_marke-lockerroom-poppers","13":"pa_staerke-91","15":"first","16":"instock","17":"taxable","18":"shipping-taxable","19":"purchasable","20":"product-type-simple"},"acf":[],"_links":{"self":[{"href":"https:\/\/poppers-online.ch\/fr\/wp-json\/wp\/v2\/product\/26764","targetHints":{"allow":["GET"]}}],"collection":[{"href":"https:\/\/poppers-online.ch\/fr\/wp-json\/wp\/v2\/product"}],"about":[{"href":"https:\/\/poppers-online.ch\/fr\/wp-json\/wp\/v2\/types\/product"}],"replies":[{"embeddable":true,"href":"https:\/\/poppers-online.ch\/fr\/wp-json\/wp\/v2\/comments?post=26764"}],"wp:featuredmedia":[{"embeddable":true,"href":"https:\/\/poppers-online.ch\/fr\/wp-json\/wp\/v2\/media\/30941"}],"wp:attachment":[{"href":"https:\/\/poppers-online.ch\/fr\/wp-json\/wp\/v2\/media?parent=26764"}],"wp:term":[{"taxonomy":"product_brand","embeddable":true,"href":"https:\/\/poppers-online.ch\/fr\/wp-json\/wp\/v2\/product_brand?post=26764"},{"taxonomy":"product_cat","embeddable":true,"href":"https:\/\/poppers-online.ch\/fr\/wp-json\/wp\/v2\/product_cat?post=26764"},{"taxonomy":"product_tag","embeddable":true,"href":"https:\/\/poppers-online.ch\/fr\/wp-json\/wp\/v2\/product_tag?post=26764"}],"curies":[{"name":"wp","href":"https:\/\/api.w.org\/{rel}","templated":true}]}}