{"id":26710,"date":"2022-05-02T11:38:10","date_gmt":"2022-05-02T09:38:11","guid":{"rendered":"https:\/\/poppers-online.ch\/?post_type=product&#038;p=26710"},"modified":"2025-10-23T12:39:13","modified_gmt":"2025-10-23T10:39:13","slug":"wings-brown-poppers-limited-edition-30ml","status":"publish","type":"product","link":"https:\/\/poppers-online.ch\/fr\/produit\/wings-brown-poppers-limited-edition-30ml\/","title":{"rendered":"Wings Brown Poppers Limited Edition 30ml"},"content":{"rendered":"<p><span data-sheets-value=\"{&quot;1&quot;:2,&quot;2&quot;:&quot;Le Wings Brown Poppers 30ml est de retour dans une \u00e9dition limit\u00e9e. \u00c0 l'origine, le nom fait r\u00e9f\u00e9rence au magazine Wings de Mister B. Wings Poppers ne te donne pas seulement des ailes, mais de v\u00e9ritables envol\u00e9es. La base de la Canadian Pentyl Formula du fabricant canadien Lockerroom y veille.&quot;}\" data-sheets-userformat=\"{&quot;2&quot;:515,&quot;3&quot;:{&quot;1&quot;:0},&quot;4&quot;:{&quot;1&quot;:2,&quot;2&quot;:16711935},&quot;12&quot;:0}\">Le Wings Brown Poppers 30ml est de retour dans une \u00e9dition limit\u00e9e. \u00c0 l&rsquo;origine, le nom fait r\u00e9f\u00e9rence au magazine Wings de Mister B. Wings Poppers ne te donne pas seulement des ailes, mais de v\u00e9ritables envol\u00e9es. La base de la Canadian Pentyl Formula du fabricant canadien Lockerroom y veille.<\/span><\/p>\n","protected":false},"excerpt":{"rendered":"<p><span data-sheets-value=\"{&quot;1&quot;:2,&quot;2&quot;:&quot;Le Wings Brown Poppers 30ml est de retour dans une \u00e9dition limit\u00e9e. \u00c0 l'origine, le nom fait r\u00e9f\u00e9rence au magazine Wings de Mister B. Wings Poppers ne te donne pas seulement des ailes, mais de v\u00e9ritables envol\u00e9es. La base de la Canadian Pentyl Formula du fabricant canadien Lockerroom y veille.&quot;}\" data-sheets-userformat=\"{&quot;2&quot;:515,&quot;3&quot;:{&quot;1&quot;:0},&quot;4&quot;:{&quot;1&quot;:2,&quot;2&quot;:16711935},&quot;12&quot;:0}\">Le Wings Brown Poppers 30ml est de retour dans une \u00e9dition limit\u00e9e. \u00c0 l&rsquo;origine, le nom fait r\u00e9f\u00e9rence au magazine Wings de Mister B. Wings Poppers ne te donne pas seulement des ailes, mais de v\u00e9ritables envol\u00e9es. La base de la Canadian Pentyl Formula du fabricant canadien Lockerroom y veille.<\/span><\/p>\n<p>Pour des raisons de r\u00e9glementation, ce produit est remplac\u00e9 par un produit de m\u00eame force lors de l&rsquo;envoi en Suisse. Si tu habites en Suisse et que tu souhaites tout de m\u00eame ce produit, merci d&rsquo;\u00e9crire dans le champ de commentaire de la commande \u00ab Veuillez exp\u00e9dier depuis l&rsquo;\u00e9tranger \u00bb.<\/p>\n","protected":false},"featured_media":27324,"comment_status":"open","ping_status":"closed","template":"","meta":{"_acf_changed":false,"iawp_total_views":6,"_glsr_average":0,"_glsr_ranking":0,"_glsr_reviews":0},"product_brand":[],"product_cat":[77],"product_tag":[],"class_list":{"0":"post-26710","1":"product","2":"type-product","3":"status-publish","4":"has-post-thumbnail","6":"product_cat-grands-flacons","7":"pa_flaschenform-rond-grand","8":"pa_gewindegroesse-small","9":"pa_inhalt-30ml","10":"pa_inhaltsstoffe-formule-canadienne-de-pentyle","11":"pa_marke-lockerroom-poppers","12":"pa_staerke-91","14":"first","15":"instock","16":"taxable","17":"shipping-taxable","18":"purchasable","19":"product-type-simple"},"acf":[],"_links":{"self":[{"href":"https:\/\/poppers-online.ch\/fr\/wp-json\/wp\/v2\/product\/26710","targetHints":{"allow":["GET"]}}],"collection":[{"href":"https:\/\/poppers-online.ch\/fr\/wp-json\/wp\/v2\/product"}],"about":[{"href":"https:\/\/poppers-online.ch\/fr\/wp-json\/wp\/v2\/types\/product"}],"replies":[{"embeddable":true,"href":"https:\/\/poppers-online.ch\/fr\/wp-json\/wp\/v2\/comments?post=26710"}],"wp:featuredmedia":[{"embeddable":true,"href":"https:\/\/poppers-online.ch\/fr\/wp-json\/wp\/v2\/media\/27324"}],"wp:attachment":[{"href":"https:\/\/poppers-online.ch\/fr\/wp-json\/wp\/v2\/media?parent=26710"}],"wp:term":[{"taxonomy":"product_brand","embeddable":true,"href":"https:\/\/poppers-online.ch\/fr\/wp-json\/wp\/v2\/product_brand?post=26710"},{"taxonomy":"product_cat","embeddable":true,"href":"https:\/\/poppers-online.ch\/fr\/wp-json\/wp\/v2\/product_cat?post=26710"},{"taxonomy":"product_tag","embeddable":true,"href":"https:\/\/poppers-online.ch\/fr\/wp-json\/wp\/v2\/product_tag?post=26710"}],"curies":[{"name":"wp","href":"https:\/\/api.w.org\/{rel}","templated":true}]}}