{"id":26611,"date":"2022-04-30T13:39:05","date_gmt":"2022-04-30T11:39:05","guid":{"rendered":"https:\/\/poppers-online.ch\/?post_type=product&#038;p=26611"},"modified":"2026-01-09T18:05:56","modified_gmt":"2026-01-09T17:05:56","slug":"spray-anal-xtrm-play-harder-30ml","status":"publish","type":"product","link":"https:\/\/poppers-online.ch\/fr\/produit\/spray-anal-xtrm-play-harder-30ml\/","title":{"rendered":"Spray anal XTRM Play Harder 30ml"},"content":{"rendered":"<p>Le spray anal Play Harder de XTRM est un produit sp\u00e9cial si tu as des probl\u00e8mes lors de ton premier rapport sexuel anal. Il t&rsquo;aide aussi si tu r\u00e9agis l\u00e9g\u00e8rement \u00e0 la douleur ou si tu veux vivre un sexe anal profond et tr\u00e8s intense. Le spray anal t&rsquo;aide en outre \u00e0 introduire des godemich\u00e9s plus gros ou \u00e0 r\u00e9duire la douleur initiale lors du fisting afin d&rsquo;obtenir la plus grande dilatation possible. Le spray n&rsquo;a qu&rsquo;un effet local sur la douleur et veille \u00e0 ce que tu ne te crispes pas au moment d\u00e9cisif au niveau du rectum. Il te suffit de vaporiser 1 \u00e0 2 fois sur ton anus et d&rsquo;attendre une minute avant de commencer. Le spray Anal Play Harder de XTRM suffit pour 75 utilisations. Le spray de haute qualit\u00e9 de la marque XTRM est fabriqu\u00e9 en Allemagne et se glisse facilement dans ta poche ou dans tes bagages.<\/p>\n","protected":false},"excerpt":{"rendered":"<p>Le spray anal XTRM Play Harder 30ml de XTRM est un produit sp\u00e9cial si tu as des probl\u00e8mes lors de ton premier rapport sexuel anal. Il t&rsquo;aide aussi si tu r\u00e9agis l\u00e9g\u00e8rement \u00e0 la douleur ou si tu veux vivre un sexe anal profond tr\u00e8s intense. Le spray anal t&rsquo;aide en outre \u00e0 introduire des godemich\u00e9s plus gros ou \u00e0 r\u00e9duire la douleur initiale lors du fisting afin d&rsquo;obtenir la plus grande dilatation possible. Le spray n&rsquo;a qu&rsquo;un effet local sur la douleur et veille \u00e0 ce que tu ne te crispes pas au moment d\u00e9cisif sur le rectum. Il te suffit de vaporiser 1 \u00e0 2 fois sur ton anus et d&rsquo;attendre une minute avant de commencer. Le spray anal XTRM Play Harder 30ml permet 75 utilisations. Le spray de haute qualit\u00e9 de la marque XTRM est fabriqu\u00e9 en Allemagne et se glisse facilement dans ta poche ou dans tes bagages.<\/p>\n","protected":false},"featured_media":137215,"comment_status":"open","ping_status":"closed","template":"","meta":{"_acf_changed":false,"iawp_total_views":90,"_glsr_average":0,"_glsr_ranking":0,"_glsr_reviews":0},"product_brand":[],"product_cat":[2061,166],"product_tag":[],"class_list":{"0":"post-26611","1":"product","2":"type-product","3":"status-publish","4":"has-post-thumbnail","6":"product_cat-spray-relaxant-anal","7":"product_cat-droguerie","9":"first","10":"instock","11":"taxable","12":"shipping-taxable","13":"purchasable","14":"product-type-simple"},"acf":[],"_links":{"self":[{"href":"https:\/\/poppers-online.ch\/fr\/wp-json\/wp\/v2\/product\/26611","targetHints":{"allow":["GET"]}}],"collection":[{"href":"https:\/\/poppers-online.ch\/fr\/wp-json\/wp\/v2\/product"}],"about":[{"href":"https:\/\/poppers-online.ch\/fr\/wp-json\/wp\/v2\/types\/product"}],"replies":[{"embeddable":true,"href":"https:\/\/poppers-online.ch\/fr\/wp-json\/wp\/v2\/comments?post=26611"}],"wp:featuredmedia":[{"embeddable":true,"href":"https:\/\/poppers-online.ch\/fr\/wp-json\/wp\/v2\/media\/137215"}],"wp:attachment":[{"href":"https:\/\/poppers-online.ch\/fr\/wp-json\/wp\/v2\/media?parent=26611"}],"wp:term":[{"taxonomy":"product_brand","embeddable":true,"href":"https:\/\/poppers-online.ch\/fr\/wp-json\/wp\/v2\/product_brand?post=26611"},{"taxonomy":"product_cat","embeddable":true,"href":"https:\/\/poppers-online.ch\/fr\/wp-json\/wp\/v2\/product_cat?post=26611"},{"taxonomy":"product_tag","embeddable":true,"href":"https:\/\/poppers-online.ch\/fr\/wp-json\/wp\/v2\/product_tag?post=26611"}],"curies":[{"name":"wp","href":"https:\/\/api.w.org\/{rel}","templated":true}]}}