{"id":26544,"date":"2022-04-28T15:30:03","date_gmt":"2022-04-28T13:30:03","guid":{"rendered":"https:\/\/poppers-online.ch\/?post_type=product&#038;p=26544"},"modified":"2025-02-15T13:54:20","modified_gmt":"2025-02-15T12:54:20","slug":"poppers-booster-cap-xtrm-snffr-solo-small-red-fist","status":"publish","type":"product","link":"https:\/\/poppers-online.ch\/fr\/produit\/poppers-booster-cap-xtrm-snffr-solo-small-red-fist\/","title":{"rendered":"Poppers Booster Cap XTRM SNFFR Solo Small red FIST"},"content":{"rendered":"<p>Le SNFFR Poppers Booster Cap de XTRM fait passer l&rsquo;utilisation des poppers \u00e0 un niveau sup\u00e9rieur. Tu d\u00e9visses le bouchon original du fabricant et tu visses le Booster Cap sur la flacon. Tu sentiras rapidement la diff\u00e9rence. Un autre avantage est qu&rsquo;avec le booster cap, tu prot\u00e8ges ta peau des irritations et des br\u00fblures, car tu n&rsquo;as pas de contact direct avec le poppers. Apr\u00e8s l&rsquo;utilisation, remets imp\u00e9rativement le couvercle original du fabricant pour \u00e9viter les fuites. Essaye le Booster Cap et \u00e9cris une \u00e9valuation du produit sur cette page. La taille Small convient \u00e0 tous les flacons ronds de 10ml et 30ml du fabricant canadien Lockerroom. Avec la couleur rouge du sniffer, tu exprimes tes pr\u00e9f\u00e9rences.<\/p>\n","protected":false},"excerpt":{"rendered":"<p>Le Poppers Booster Cap XTRM SNFFR Solo Small red FIST de XTRM fait passer l&rsquo;utilisation des poppers \u00e0 un niveau sup\u00e9rieur. Tu d\u00e9visses le bouchon original du fabricant et tu visses le Booster Cap sur la flacon. Tu sentiras rapidement la diff\u00e9rence. Un autre avantage est qu&rsquo;avec le booster cap, tu prot\u00e8ges ta peau des irritations et des br\u00fblures, car tu n&rsquo;as pas de contact direct avec le poppers. Apr\u00e8s l&rsquo;utilisation, remets imp\u00e9rativement le couvercle original du fabricant pour \u00e9viter les fuites. Essaye le Booster Cap et \u00e9cris une \u00e9valuation du produit sur cette page. Le Poppers Booster Cap XTRM SNFFR Solo Small red FIST est adapt\u00e9 \u00e0 tous les flacons ronds de 10ml et 30ml du fabricant canadien Lockerroom. Avec la couleur rouge du sniffer, tu exprimes tes pr\u00e9f\u00e9rences.<\/p>\n","protected":false},"featured_media":27271,"comment_status":"open","ping_status":"closed","template":"","meta":{"_acf_changed":false,"iawp_total_views":4,"_glsr_average":0,"_glsr_ranking":0,"_glsr_reviews":0},"product_brand":[],"product_cat":[149,1303],"product_tag":[],"class_list":{"0":"post-26544","1":"product","2":"type-product","3":"status-publish","4":"has-post-thumbnail","6":"product_cat-accessoires-poppers","7":"product_cat-booster-caps","8":"pa_booster-cap-gewindegroesse-pour-taille-de-filetage-small","10":"first","11":"instock","12":"sold-individually","13":"taxable","14":"shipping-taxable","15":"purchasable","16":"product-type-simple"},"acf":[],"_links":{"self":[{"href":"https:\/\/poppers-online.ch\/fr\/wp-json\/wp\/v2\/product\/26544","targetHints":{"allow":["GET"]}}],"collection":[{"href":"https:\/\/poppers-online.ch\/fr\/wp-json\/wp\/v2\/product"}],"about":[{"href":"https:\/\/poppers-online.ch\/fr\/wp-json\/wp\/v2\/types\/product"}],"replies":[{"embeddable":true,"href":"https:\/\/poppers-online.ch\/fr\/wp-json\/wp\/v2\/comments?post=26544"}],"wp:featuredmedia":[{"embeddable":true,"href":"https:\/\/poppers-online.ch\/fr\/wp-json\/wp\/v2\/media\/27271"}],"wp:attachment":[{"href":"https:\/\/poppers-online.ch\/fr\/wp-json\/wp\/v2\/media?parent=26544"}],"wp:term":[{"taxonomy":"product_brand","embeddable":true,"href":"https:\/\/poppers-online.ch\/fr\/wp-json\/wp\/v2\/product_brand?post=26544"},{"taxonomy":"product_cat","embeddable":true,"href":"https:\/\/poppers-online.ch\/fr\/wp-json\/wp\/v2\/product_cat?post=26544"},{"taxonomy":"product_tag","embeddable":true,"href":"https:\/\/poppers-online.ch\/fr\/wp-json\/wp\/v2\/product_tag?post=26544"}],"curies":[{"name":"wp","href":"https:\/\/api.w.org\/{rel}","templated":true}]}}