{"id":24402,"date":"2022-03-29T18:31:38","date_gmt":"2022-03-29T16:31:39","guid":{"rendered":"https:\/\/poppers-online.ch\/?post_type=product&#038;p=24402"},"modified":"2024-10-16T00:50:25","modified_gmt":"2024-10-15T22:50:25","slug":"lubrifiant-euroglider-superlube-base-eau-200ml","status":"publish","type":"product","link":"https:\/\/poppers-online.ch\/fr\/produit\/lubrifiant-euroglider-superlube-base-eau-200ml\/","title":{"rendered":"Lubrifiant Euroglider Superlube \u00e0 base d&rsquo;eau 200ml"},"content":{"rendered":"<p>Le gel lubrifiant Euroglider Superlube 200ml est \u00e0 base d&rsquo;eau. Convient pour plus de plaisir lors des rapports sexuels vaginaux, anaux et oraux. \u00c9galement parfait pour l&rsquo;utilisation de sextoys et pour les massages intimes. Euroglider Superlube est incolore, non gras et inodore, et tr\u00e8s facile \u00e0 essuyer et \u00e0 nettoyer. <\/p>\n","protected":false},"excerpt":{"rendered":"<p>Le lubrifiant Euroglider Superlube \u00e0 base d&rsquo;eau 200ml convient pour plus de plaisir lors des rapports sexuels vaginaux, anaux et oraux. \u00c9galement parfait pour l&rsquo;utilisation de sextoys et pour les massages intimes. Euroglider Superlube est incolore, non gras, inodore et tr\u00e8s facile \u00e0 essuyer et \u00e0 nettoyer. Id\u00e9al en combinaison avec les pr\u00e9servatifs Euroglider de notre boutique. Disponible maintenant \u00e0 un prix promotionnel avantageux, jusqu&rsquo;\u00e0 \u00e9puisement des stocks.<\/p>\n","protected":false},"featured_media":65539,"comment_status":"open","ping_status":"closed","template":"","meta":{"_acf_changed":false,"iawp_total_views":1,"_glsr_average":0,"_glsr_ranking":0,"_glsr_reviews":0},"product_brand":[],"product_cat":[2067,166],"product_tag":[],"class_list":{"0":"post-24402","1":"product","2":"type-product","3":"status-publish","4":"has-post-thumbnail","6":"product_cat-lubrifiant","7":"product_cat-droguerie","9":"first","10":"instock","11":"sale","12":"taxable","13":"shipping-taxable","14":"purchasable","15":"product-type-simple"},"acf":[],"_links":{"self":[{"href":"https:\/\/poppers-online.ch\/fr\/wp-json\/wp\/v2\/product\/24402","targetHints":{"allow":["GET"]}}],"collection":[{"href":"https:\/\/poppers-online.ch\/fr\/wp-json\/wp\/v2\/product"}],"about":[{"href":"https:\/\/poppers-online.ch\/fr\/wp-json\/wp\/v2\/types\/product"}],"replies":[{"embeddable":true,"href":"https:\/\/poppers-online.ch\/fr\/wp-json\/wp\/v2\/comments?post=24402"}],"wp:featuredmedia":[{"embeddable":true,"href":"https:\/\/poppers-online.ch\/fr\/wp-json\/wp\/v2\/media\/65539"}],"wp:attachment":[{"href":"https:\/\/poppers-online.ch\/fr\/wp-json\/wp\/v2\/media?parent=24402"}],"wp:term":[{"taxonomy":"product_brand","embeddable":true,"href":"https:\/\/poppers-online.ch\/fr\/wp-json\/wp\/v2\/product_brand?post=24402"},{"taxonomy":"product_cat","embeddable":true,"href":"https:\/\/poppers-online.ch\/fr\/wp-json\/wp\/v2\/product_cat?post=24402"},{"taxonomy":"product_tag","embeddable":true,"href":"https:\/\/poppers-online.ch\/fr\/wp-json\/wp\/v2\/product_tag?post=24402"}],"curies":[{"name":"wp","href":"https:\/\/api.w.org\/{rel}","templated":true}]}}