{"id":156611,"date":"2026-05-07T14:55:51","date_gmt":"2026-05-07T12:55:51","guid":{"rendered":"https:\/\/poppers-online.ch\/produkt\/anal-poppers-ultimate-extra-strong-25ml\/"},"modified":"2026-05-07T15:14:37","modified_gmt":"2026-05-07T13:14:37","slug":"anal-poppers-ultimate-extra-strong-25ml","status":"publish","type":"product","link":"https:\/\/poppers-online.ch\/fr\/produit\/anal-poppers-ultimate-extra-strong-25ml\/","title":{"rendered":"ANAL Poppers Ultimate Extra Strong 25ml"},"content":{"rendered":"","protected":false},"excerpt":{"rendered":"<p data-start=\"73\" data-end=\"257\"><strong data-start=\"73\" data-end=\"116\">ANAL Poppers Ultimate Extra Strong 25ml<\/strong> a \u00e9t\u00e9 con\u00e7u pour les tops et les bottoms qui connaissent d\u00e9j\u00e0 le plaisir anal et qui veulent plus de chaleur, plus de contr\u00f4le et un type de plaisir plus dur.<\/p>\n<p data-start=\"259\" data-end=\"296\"><strong data-start=\"259\" data-end=\"296\">Intensit\u00e9 6 pour une session plus dure<\/strong><\/p>\n<p data-start=\"298\" data-end=\"478\">Avec sa formule \u00e0 base de nitrite de pentyle, sa bouteille en verre carr\u00e9e et son intensit\u00e9 de 6 sur 6, <strong data-start=\"390\" data-end=\"433\">ANAL Poppers Ultimate Extra Strong 25ml<\/strong> a \u00e9t\u00e9 sp\u00e9cialement con\u00e7u pour le jeu anal exp\u00e9riment\u00e9.<\/p>\n<p data-start=\"480\" data-end=\"765\">Le point de d\u00e9part \u00e9tait simple : une formule plus forte pour plus de chaleur et moins d&rsquo;inhibitions, con\u00e7ue pour une exp\u00e9rience plus euphorique, plus d\u00e9brid\u00e9e et plus physique lors de la p\u00e9n\u00e9tration &#8211; que ce soit avec une grosse queue, un gros godemich\u00e9, un gros plug ou d&rsquo;autres sextoys.<\/p>\n<p data-start=\"767\" data-end=\"921\"><strong data-start=\"767\" data-end=\"810\">ANAL Poppers Ultimate Extra Strong 25ml<\/strong> appartient \u00e0 ce moment pr\u00e9cis, quand le corps est pr\u00eat, que le rythme est \u00e9tabli et que le plaisir prend compl\u00e8tement le dessus.<\/p>\n<p data-start=\"923\" data-end=\"962\"><strong data-start=\"923\" data-end=\"962\">Pour les tops excit\u00e9s et les bottoms affam\u00e9s<\/strong><\/p>\n<p data-start=\"964\" data-end=\"1162\">Pour les tops, il assure plus de chaleur et de contr\u00f4le. Pour les bottoms, il favorise un engagement plus profond dans le plaisir et rend la session plus intense, plus dure et plus physique. Focalisation totale sur le plaisir anal.  <\/p>\n<p data-start=\"1164\" data-end=\"1204\"><strong data-start=\"1164\" data-end=\"1204\">De l&rsquo;\u00e9chauffement \u00e0 Ultimate Extra Strong<\/strong><\/p>\n<p data-start=\"1206\" data-end=\"1339\">Il s&rsquo;agit de l&rsquo;exp\u00e9rience ANAL-Poppers la plus forte de la gamme &#8211; con\u00e7ue pour les utilisateurs exp\u00e9riment\u00e9s qui recherchent une exp\u00e9rience Poppers intense.<\/p>\n<p data-start=\"1341\" data-end=\"1515\">Pour une entr\u00e9e en mati\u00e8re plus douce, choisis ANAL Poppers for Beginners. Pour la partie la plus chaude, la plus dure et la plus intense de la session, utilise <strong data-start=\"1471\" data-end=\"1514\">ANAL Poppers Ultimate Extra Strong 25ml<\/strong>. <\/p>\n","protected":false},"featured_media":156609,"comment_status":"open","ping_status":"closed","template":"","meta":{"_acf_changed":false,"iawp_total_views":1,"_glsr_average":0,"_glsr_ranking":0,"_glsr_reviews":0},"product_brand":[],"product_cat":[1046,77],"product_tag":[],"class_list":{"0":"post-156611","1":"product","2":"type-product","3":"status-publish","4":"has-post-thumbnail","6":"product_cat-poppers","7":"product_cat-grands-flacons","8":"pa_flaschenform-anguleux","9":"pa_gewindegroesse-large","10":"pa_inhalt-25ml","11":"pa_inhaltsstoffe-nitrite-de-pentyle","12":"pa_staerke-91","14":"first","15":"instock","16":"taxable","17":"shipping-taxable","18":"purchasable","19":"product-type-simple"},"acf":[],"_links":{"self":[{"href":"https:\/\/poppers-online.ch\/fr\/wp-json\/wp\/v2\/product\/156611","targetHints":{"allow":["GET"]}}],"collection":[{"href":"https:\/\/poppers-online.ch\/fr\/wp-json\/wp\/v2\/product"}],"about":[{"href":"https:\/\/poppers-online.ch\/fr\/wp-json\/wp\/v2\/types\/product"}],"replies":[{"embeddable":true,"href":"https:\/\/poppers-online.ch\/fr\/wp-json\/wp\/v2\/comments?post=156611"}],"wp:featuredmedia":[{"embeddable":true,"href":"https:\/\/poppers-online.ch\/fr\/wp-json\/wp\/v2\/media\/156609"}],"wp:attachment":[{"href":"https:\/\/poppers-online.ch\/fr\/wp-json\/wp\/v2\/media?parent=156611"}],"wp:term":[{"taxonomy":"product_brand","embeddable":true,"href":"https:\/\/poppers-online.ch\/fr\/wp-json\/wp\/v2\/product_brand?post=156611"},{"taxonomy":"product_cat","embeddable":true,"href":"https:\/\/poppers-online.ch\/fr\/wp-json\/wp\/v2\/product_cat?post=156611"},{"taxonomy":"product_tag","embeddable":true,"href":"https:\/\/poppers-online.ch\/fr\/wp-json\/wp\/v2\/product_tag?post=156611"}],"curies":[{"name":"wp","href":"https:\/\/api.w.org\/{rel}","templated":true}]}}