{"id":156592,"date":"2026-05-07T14:02:45","date_gmt":"2026-05-07T12:02:45","guid":{"rendered":"https:\/\/poppers-online.ch\/produkt\/anal-poppers-pour-debutants-25ml\/"},"modified":"2026-05-07T14:50:16","modified_gmt":"2026-05-07T12:50:16","slug":"anal-poppers-pour-debutants-25ml","status":"publish","type":"product","link":"https:\/\/poppers-online.ch\/fr\/produit\/anal-poppers-pour-debutants-25ml\/","title":{"rendered":"ANAL Poppers pour d\u00e9butants 25ml"},"content":{"rendered":"","protected":false},"excerpt":{"rendered":"<p data-start=\"54\" data-end=\"346\">Con\u00e7u pour les d\u00e9butants, les bottoms curieux et tous ceux qui veulent d\u00e9couvrir le sexe anal avec moins de pression et plus de confiance en soi. <strong data-start=\"185\" data-end=\"220\">ANAL Poppers for Beginners 25ml<\/strong> a \u00e9t\u00e9 con\u00e7u pour les utilisateurs qui souhaitent exp\u00e9rimenter le plaisir anal avec une formule de pentyle-nitrite plus douce et plus contr\u00f4l\u00e9e.<\/p>\n<p data-start=\"348\" data-end=\"389\"><strong data-start=\"348\" data-end=\"389\">Intensit\u00e9 4 pour une entr\u00e9e en mati\u00e8re plus douce<\/strong><\/p>\n<p data-start=\"391\" data-end=\"618\">Avec sa formule \u00e0 base de nitrite de pentyle, sa bouteille en verre carr\u00e9e et son intensit\u00e9 de 4 sur 6, <strong data-start=\"483\" data-end=\"518\">ANAL Poppers for Beginners 25ml<\/strong> a \u00e9t\u00e9 con\u00e7u comme une introduction plus agr\u00e9able et plus contr\u00f4l\u00e9e au monde des poppers et de l&rsquo;analplay.<\/p>\n<p data-start=\"620\" data-end=\"897\">Le point de d\u00e9part \u00e9tait simple : une formule plus douce qui t&rsquo;aide \u00e0 te d\u00e9tendre et \u00e0 entrer dans le moment pr\u00e9sent sans te surmener directement. Elle favorise une exp\u00e9rience plus sensuelle et plus consciente du corps lors de la p\u00e9n\u00e9tration &#8211; que ce soit avec les doigts, le p\u00e9nis ou le gode. <\/p>\n<p data-start=\"1101\" data-end=\"1286\"><strong data-start=\"1101\" data-end=\"1136\">ANAL Poppers for Beginners 25ml<\/strong> appartient \u00e0 ce moment pr\u00e9cis, lorsque la curiosit\u00e9 se transforme en chaleur, que le corps se l\u00e2che lentement et que le plaisir anal devient quelque chose que tu veux explorer davantage.<\/p>\n<p data-start=\"1288\" data-end=\"1612\">Pour les d\u00e9butants, il offre une entr\u00e9e plus douce dans le monde des poppers et de l&rsquo;analplay. Pour les bottoms curieux, il aide \u00e0 transformer l&rsquo;incertitude en confiance. Pour les couples, il favorise un d\u00e9but plus d\u00e9tendu et plus sensuel avant que la session ne devienne plus intense. Focalisation totale sur la d\u00e9couverte du plaisir anal.   <\/p>\n<p data-start=\"1614\" data-end=\"1862\" data-is-last-node=\"\" data-is-only-node=\"\">C&rsquo;est la version d&rsquo;ANAL Poppers adapt\u00e9e aux d\u00e9butants : con\u00e7ue pour les utilisateurs qui souhaitent d\u00e9couvrir le plaisir anal avec une formule pentyle plus douce. Pour une version plus exp\u00e9riment\u00e9e, plus chaude et plus dure, change pour ANAL Poppers Ultimate Extra Strong. <\/p>\n","protected":false},"featured_media":156590,"comment_status":"open","ping_status":"closed","template":"","meta":{"_acf_changed":false,"iawp_total_views":0,"_glsr_average":0,"_glsr_ranking":0,"_glsr_reviews":0},"product_brand":[],"product_cat":[1046,77],"product_tag":[],"class_list":{"0":"post-156592","1":"product","2":"type-product","3":"status-publish","4":"has-post-thumbnail","6":"product_cat-poppers","7":"product_cat-grands-flacons","8":"pa_flaschenform-anguleux","9":"pa_gewindegroesse-large","10":"pa_inhalt-25ml","11":"pa_inhaltsstoffe-nitrite-de-pentyle","12":"pa_staerke-89","14":"first","15":"instock","16":"taxable","17":"shipping-taxable","18":"purchasable","19":"product-type-simple"},"acf":[],"_links":{"self":[{"href":"https:\/\/poppers-online.ch\/fr\/wp-json\/wp\/v2\/product\/156592","targetHints":{"allow":["GET"]}}],"collection":[{"href":"https:\/\/poppers-online.ch\/fr\/wp-json\/wp\/v2\/product"}],"about":[{"href":"https:\/\/poppers-online.ch\/fr\/wp-json\/wp\/v2\/types\/product"}],"replies":[{"embeddable":true,"href":"https:\/\/poppers-online.ch\/fr\/wp-json\/wp\/v2\/comments?post=156592"}],"wp:featuredmedia":[{"embeddable":true,"href":"https:\/\/poppers-online.ch\/fr\/wp-json\/wp\/v2\/media\/156590"}],"wp:attachment":[{"href":"https:\/\/poppers-online.ch\/fr\/wp-json\/wp\/v2\/media?parent=156592"}],"wp:term":[{"taxonomy":"product_brand","embeddable":true,"href":"https:\/\/poppers-online.ch\/fr\/wp-json\/wp\/v2\/product_brand?post=156592"},{"taxonomy":"product_cat","embeddable":true,"href":"https:\/\/poppers-online.ch\/fr\/wp-json\/wp\/v2\/product_cat?post=156592"},{"taxonomy":"product_tag","embeddable":true,"href":"https:\/\/poppers-online.ch\/fr\/wp-json\/wp\/v2\/product_tag?post=156592"}],"curies":[{"name":"wp","href":"https:\/\/api.w.org\/{rel}","templated":true}]}}