{"id":156556,"date":"2026-05-07T12:07:07","date_gmt":"2026-05-07T10:07:07","guid":{"rendered":"https:\/\/poppers-online.ch\/produkt\/fuck-rabbit-poppers-extra-forts-25ml\/"},"modified":"2026-05-07T14:39:24","modified_gmt":"2026-05-07T12:39:24","slug":"fuck-rabbit-poppers-extra-forts-25ml","status":"publish","type":"product","link":"https:\/\/poppers-online.ch\/fr\/produit\/fuck-rabbit-poppers-extra-forts-25ml\/","title":{"rendered":"Fuck Rabbit Poppers extra forts 25ml"},"content":{"rendered":"","protected":false},"excerpt":{"rendered":"<p data-start=\"123\" data-end=\"535\">Deviens un Fuck Rabbit et montre ton c\u00f4t\u00e9 infatigable : avec <strong>Fuck Rabbit Extra Strong Poppers 25ml<\/strong>, tu deviens un Fuck Rabbit qui prend tout. Avec \u00e9nergie, tu sautes de type en type &#8211; toute la nuit. Tu n&rsquo;en auras jamais assez, car un trou est un trou ! Toujours \u00e0 tes c\u00f4t\u00e9s, le Power-Poppers Fuck Rabbit Extra Strong 25ml soutient tes pulsions les plus profondes.   <\/p>\n<p data-start=\"537\" data-end=\"603\">Conditionn\u00e9 dans une bouteille en verre carr\u00e9e de 25 ml avec un filetage de taille L. Elle contient du pentylnitrite d&rsquo;intensit\u00e9 5.<\/p>\n","protected":false},"featured_media":156550,"comment_status":"open","ping_status":"closed","template":"","meta":{"_acf_changed":false,"iawp_total_views":0,"_glsr_average":0,"_glsr_ranking":0,"_glsr_reviews":0},"product_brand":[],"product_cat":[1046,77],"product_tag":[],"class_list":{"0":"post-156556","1":"product","2":"type-product","3":"status-publish","4":"has-post-thumbnail","6":"product_cat-poppers","7":"product_cat-grands-flacons","8":"pa_flaschenform-anguleux","9":"pa_gewindegroesse-large","10":"pa_inhalt-25ml","11":"pa_inhaltsstoffe-nitrite-de-pentyle","12":"pa_staerke-90","14":"first","15":"instock","16":"taxable","17":"shipping-taxable","18":"purchasable","19":"product-type-simple"},"acf":[],"_links":{"self":[{"href":"https:\/\/poppers-online.ch\/fr\/wp-json\/wp\/v2\/product\/156556","targetHints":{"allow":["GET"]}}],"collection":[{"href":"https:\/\/poppers-online.ch\/fr\/wp-json\/wp\/v2\/product"}],"about":[{"href":"https:\/\/poppers-online.ch\/fr\/wp-json\/wp\/v2\/types\/product"}],"replies":[{"embeddable":true,"href":"https:\/\/poppers-online.ch\/fr\/wp-json\/wp\/v2\/comments?post=156556"}],"wp:featuredmedia":[{"embeddable":true,"href":"https:\/\/poppers-online.ch\/fr\/wp-json\/wp\/v2\/media\/156550"}],"wp:attachment":[{"href":"https:\/\/poppers-online.ch\/fr\/wp-json\/wp\/v2\/media?parent=156556"}],"wp:term":[{"taxonomy":"product_brand","embeddable":true,"href":"https:\/\/poppers-online.ch\/fr\/wp-json\/wp\/v2\/product_brand?post=156556"},{"taxonomy":"product_cat","embeddable":true,"href":"https:\/\/poppers-online.ch\/fr\/wp-json\/wp\/v2\/product_cat?post=156556"},{"taxonomy":"product_tag","embeddable":true,"href":"https:\/\/poppers-online.ch\/fr\/wp-json\/wp\/v2\/product_tag?post=156556"}],"curies":[{"name":"wp","href":"https:\/\/api.w.org\/{rel}","templated":true}]}}