{"id":156539,"date":"2026-05-07T10:48:24","date_gmt":"2026-05-07T08:48:24","guid":{"rendered":"https:\/\/poppers-online.ch\/produkt\/affenarsch-mega-strong-poppers-25ml\/"},"modified":"2026-05-07T14:30:19","modified_gmt":"2026-05-07T12:30:19","slug":"affenarsch-mega-strong-poppers-25ml","status":"publish","type":"product","link":"https:\/\/poppers-online.ch\/fr\/produit\/affenarsch-mega-strong-poppers-25ml\/","title":{"rendered":"Affenarsch Mega Strong Poppers 25ml"},"content":{"rendered":"","protected":false},"excerpt":{"rendered":"<p data-start=\"58\" data-end=\"224\">Affenarsch signifie exactement ce dont il a l&rsquo;air &#8211; vulgaire, ridicule, direct et totalement impudique. C&rsquo;est pourquoi ce nom convient parfaitement \u00e0 ce flacon de 25 ml de Poppers. <\/p>\n<p data-start=\"226\" data-end=\"583\">La langue allemande est impitoyablement honn\u00eate. Un seul mot, pas d&rsquo;ambigu\u00eft\u00e9. <strong data-start=\"298\" data-end=\"337\">Affenarsch Mega Strong Poppers 25ml<\/strong> sonne \u00e0 la fois comme une insulte, une mauvaise blague sexuelle et un bruit de la jungle. Il n&rsquo;y a rien d&rsquo;\u00e9l\u00e9gant l\u00e0-dedans &#8211; et c&rsquo;est justement le point. Il s&rsquo;adresse \u00e0 la partie de toi qui a cess\u00e9 de penser et qui veut juste.   <\/p>\n<p data-start=\"585\" data-end=\"810\">Ce n&rsquo;est pas une question de style ou de retenue. C&rsquo;est du langage Bator, du langage Gooner, du pur langage corporel. R\u00e9p\u00e9tition, avidit\u00e9, instinct. Un peu primitif, compl\u00e8tement ridicule pour certains &#8211; mais guid\u00e9 par le plaisir sans compromis.   <\/p>\n<p data-start=\"812\" data-end=\"1207\">Et honn\u00eatement : si tu avais le cul de singe le plus chaud de toute la jungle &#8211; que ferais-tu ? Bien s\u00fbr, tu chercherais les plus grosses bites, pr\u00eat \u00e0 tout prendre. Directement, sans retenue et sans aucune retenue. C&rsquo;est exactement ce qui donne naissance <strong data-start=\"1065\" data-end=\"1104\">\u00e0 Cul de singe Mega Strong Poppers 25ml<\/strong>: ce poppers capture le moment o\u00f9 le d\u00e9sir devient trop bruyant, trop physique et compl\u00e8tement animal.   <\/p>\n<p data-start=\"1209\" data-end=\"1424\">Avec sa formule \u00e0 base de nitrite de pentyle, sa bouteille en verre carr\u00e9e et son intensit\u00e9 de 6 sur 6, <strong data-start=\"1301\" data-end=\"1340\">Cul de singe Mega Strong Poppers 25ml<\/strong> n&rsquo;a \u00e9t\u00e9 con\u00e7u que pour une chose : plus d&rsquo;excitation, plus d&rsquo;intensit\u00e9 et nettement moins de d\u00e9cence.<\/p>\n<p data-start=\"1426\" data-end=\"1514\">Sa personnalit\u00e9 est insolente, animale, volontaire &#8211; et c&rsquo;est exactement comme \u00e7a qu&rsquo;on le ressent.<\/p>\n<p data-start=\"1516\" data-end=\"1576\"><strong data-start=\"1516\" data-end=\"1576\">Pour qui le Affenarsch Mega Strong Poppers 25ml est-il fait ?<\/strong><\/p>\n<p data-start=\"1578\" data-end=\"1870\"><strong data-start=\"1578\" data-end=\"1617\">Affenarsch Mega Strong Poppers 25ml<\/strong> passe directement en mode jungle : sans pudeur, affam\u00e9 de queue et pr\u00eat \u00e0 laisser sortir la puissance animale. Ce Poppers est fait pour tous ceux qui veulent se d\u00e9barrasser des inhibitions et des bonnes mani\u00e8res &#8211; que ce soit devant la cam, avec un partenaire ou au milieu du club. <\/p>\n<p data-start=\"1872\" data-end=\"1943\">Alors qu&rsquo;est-ce que tu attends encore ? Transforme-toi en un cul de singe en rut. <\/p>\n","protected":false},"featured_media":156536,"comment_status":"open","ping_status":"closed","template":"","meta":{"_acf_changed":false,"iawp_total_views":3,"_glsr_average":0,"_glsr_ranking":0,"_glsr_reviews":0},"product_brand":[],"product_cat":[1046,77],"product_tag":[],"class_list":{"0":"post-156539","1":"product","2":"type-product","3":"status-publish","4":"has-post-thumbnail","6":"product_cat-poppers","7":"product_cat-grands-flacons","8":"pa_flaschenform-anguleux","9":"pa_gewindegroesse-large","10":"pa_inhalt-25ml","11":"pa_inhaltsstoffe-nitrite-de-pentyle","12":"pa_staerke-91","14":"first","15":"instock","16":"taxable","17":"shipping-taxable","18":"purchasable","19":"product-type-simple"},"acf":[],"_links":{"self":[{"href":"https:\/\/poppers-online.ch\/fr\/wp-json\/wp\/v2\/product\/156539","targetHints":{"allow":["GET"]}}],"collection":[{"href":"https:\/\/poppers-online.ch\/fr\/wp-json\/wp\/v2\/product"}],"about":[{"href":"https:\/\/poppers-online.ch\/fr\/wp-json\/wp\/v2\/types\/product"}],"replies":[{"embeddable":true,"href":"https:\/\/poppers-online.ch\/fr\/wp-json\/wp\/v2\/comments?post=156539"}],"wp:featuredmedia":[{"embeddable":true,"href":"https:\/\/poppers-online.ch\/fr\/wp-json\/wp\/v2\/media\/156536"}],"wp:attachment":[{"href":"https:\/\/poppers-online.ch\/fr\/wp-json\/wp\/v2\/media?parent=156539"}],"wp:term":[{"taxonomy":"product_brand","embeddable":true,"href":"https:\/\/poppers-online.ch\/fr\/wp-json\/wp\/v2\/product_brand?post=156539"},{"taxonomy":"product_cat","embeddable":true,"href":"https:\/\/poppers-online.ch\/fr\/wp-json\/wp\/v2\/product_cat?post=156539"},{"taxonomy":"product_tag","embeddable":true,"href":"https:\/\/poppers-online.ch\/fr\/wp-json\/wp\/v2\/product_tag?post=156539"}],"curies":[{"name":"wp","href":"https:\/\/api.w.org\/{rel}","templated":true}]}}