{"id":154514,"date":"2026-04-15T19:19:12","date_gmt":"2026-04-15T17:19:12","guid":{"rendered":"https:\/\/poppers-online.ch\/produkt\/chaussettes-rush-poppers\/"},"modified":"2026-04-15T19:21:21","modified_gmt":"2026-04-15T17:21:21","slug":"chaussettes-rush-poppers","status":"publish","type":"product","link":"https:\/\/poppers-online.ch\/fr\/produit\/chaussettes-rush-poppers\/","title":{"rendered":"Chaussettes Rush Poppers"},"content":{"rendered":"","protected":false},"excerpt":{"rendered":"<p data-start=\"0\" data-end=\"256\">Les <strong>chaussettes Rush Poppers<\/strong> apportent le look iconique directement \u00e0 tes pieds. Jaune vif avec des lettres rouges, inspir\u00e9es du design classique de Rush &#8211; frappantes, ludiques et attirant l&rsquo;attention \u00e0 coup s\u00fbr. Sur la plante des pieds, on peut lire avec insolence \u00ab\u00a0Sniff Me !  <\/p>\n<p data-start=\"258\" data-end=\"518\">Les longues chaussettes ne sont pas seulement une d\u00e9claration visuelle, elles sont aussi pens\u00e9es pour \u00eatre pratiques : parfaites pour glisser discr\u00e8tement une ou m\u00eame deux bouteilles de Rush Poppers &#8211; ou de l&rsquo;un de tes choix &#8211; et les avoir toujours \u00e0 port\u00e9e de main. Que ce soit en club, lors d&rsquo;\u00e9v\u00e9nements ou \u00e0 la maison. <\/p>\n","protected":false},"featured_media":154507,"comment_status":"open","ping_status":"closed","template":"","meta":{"_acf_changed":false,"iawp_total_views":2,"_glsr_average":0,"_glsr_ranking":0,"_glsr_reviews":0},"product_brand":[],"product_cat":[149],"product_tag":[],"class_list":{"0":"post-154514","1":"product","2":"type-product","3":"status-publish","4":"has-post-thumbnail","6":"product_cat-accessoires-poppers","8":"first","9":"instock","10":"taxable","11":"shipping-taxable","12":"purchasable","13":"product-type-variable"},"acf":[],"_links":{"self":[{"href":"https:\/\/poppers-online.ch\/fr\/wp-json\/wp\/v2\/product\/154514","targetHints":{"allow":["GET"]}}],"collection":[{"href":"https:\/\/poppers-online.ch\/fr\/wp-json\/wp\/v2\/product"}],"about":[{"href":"https:\/\/poppers-online.ch\/fr\/wp-json\/wp\/v2\/types\/product"}],"replies":[{"embeddable":true,"href":"https:\/\/poppers-online.ch\/fr\/wp-json\/wp\/v2\/comments?post=154514"}],"wp:featuredmedia":[{"embeddable":true,"href":"https:\/\/poppers-online.ch\/fr\/wp-json\/wp\/v2\/media\/154507"}],"wp:attachment":[{"href":"https:\/\/poppers-online.ch\/fr\/wp-json\/wp\/v2\/media?parent=154514"}],"wp:term":[{"taxonomy":"product_brand","embeddable":true,"href":"https:\/\/poppers-online.ch\/fr\/wp-json\/wp\/v2\/product_brand?post=154514"},{"taxonomy":"product_cat","embeddable":true,"href":"https:\/\/poppers-online.ch\/fr\/wp-json\/wp\/v2\/product_cat?post=154514"},{"taxonomy":"product_tag","embeddable":true,"href":"https:\/\/poppers-online.ch\/fr\/wp-json\/wp\/v2\/product_tag?post=154514"}],"curies":[{"name":"wp","href":"https:\/\/api.w.org\/{rel}","templated":true}]}}