{"id":151945,"date":"2026-03-26T10:59:30","date_gmt":"2026-03-26T09:59:30","guid":{"rendered":"https:\/\/poppers-online.ch\/produkt\/international-poppers-day-combo\/"},"modified":"2026-04-04T18:26:36","modified_gmt":"2026-04-04T16:26:36","slug":"international-poppers-day-combo","status":"publish","type":"product","link":"https:\/\/poppers-online.ch\/fr\/produit\/international-poppers-day-combo\/","title":{"rendered":"International Poppers Day Combo"},"content":{"rendered":"","protected":false},"excerpt":{"rendered":"<p data-start=\"70\" data-end=\"342\">Le 5 avril, c&rsquo;est parti : International Poppers Day &#8211; la journ\u00e9e pour tous les Popper-Bators et Gooners. Et nous ne f\u00eatons pas en silence, mais en grand. Jusqu&rsquo;au 06.04.2026 seulement, tu peux ajouter gratuitement ce combo exclusif \u00e0 ton panier pour toute commande de 10 CHF ou plus.  <\/p>\n<p data-start=\"344\" data-end=\"527\">Ce combo limit\u00e9 est un v\u00e9ritable miracle de puissance. Poppers Bate Ultra Strong a \u00e9t\u00e9 sp\u00e9cialement con\u00e7u pour les longues sessions et avec le Snffr qui va avec, tu en auras plein la vue. <\/p>\n<p data-start=\"529\" data-end=\"556\"><strong data-start=\"529\" data-end=\"556\">Tu l&rsquo;auras gratuitement :<\/strong><\/p>\n<p data-start=\"558\" data-end=\"860\"><strong data-start=\"558\" data-end=\"599\">Popper Bate Ultra Strong Poppers 10ml<\/strong><br data-start=\"599\" data-end=\"602\">Con\u00e7u pour ceux qui ne veulent pas faire les choses \u00e0 moiti\u00e9 quand ils boivent. La formule intense de nitrite de pentyle t&rsquo;attire imm\u00e9diatement et est id\u00e9ale pour les longues sessions concentr\u00e9es. Direct, fort et exactement ce qu&rsquo;il te faut quand tu veux l\u00e2cher le contr\u00f4le consciemment.  <\/p>\n<p data-start=\"862\" data-end=\"1139\"><strong data-start=\"862\" data-end=\"895\">Popper Bate Ultra Strong 10ml<\/strong> fait partie des vari\u00e9t\u00e9s les plus intenses et fournit exactement la puissance quand \u00e7a devient vraiment chaud. Le flacon en verre compact de 10ml avec un filetage de taille S se combine parfaitement avec les accessoires correspondants &#8211; pour encore plus de contr\u00f4le et d&rsquo;effet. <\/p>\n<p data-start=\"1141\" data-end=\"1542\"><strong data-start=\"1141\" data-end=\"1195\">Poppers Booster Cap XTRM SNFFR Solo Small de XTRM<\/strong><br data-start=\"1195\" data-end=\"1198\">Next Level Application. D\u00e9visse simplement le couvercle original, mets le Booster Cap dessus &#8211; et tu verras imm\u00e9diatement la diff\u00e9rence. Plus intense, plus cibl\u00e9, plus efficace. En m\u00eame temps, le capuchon prot\u00e8ge ta peau du contact direct et des \u00e9ventuelles irritations.<br data-start=\"1440\" data-end=\"1443\">Important : toujours revisser le couvercle original apr\u00e8s utilisation pour \u00e9viter les fuites.   <\/p>\n","protected":false},"featured_media":151943,"comment_status":"open","ping_status":"closed","template":"","meta":{"_acf_changed":false,"iawp_total_views":53,"_glsr_average":0,"_glsr_ranking":0,"_glsr_reviews":0},"product_brand":[],"product_cat":[76],"product_tag":[],"class_list":{"0":"post-151945","1":"product","2":"type-product","3":"status-publish","4":"has-post-thumbnail","6":"product_cat-paquets-economiques","7":"pa_booster-cap-gewindegroesse-pour-taille-de-filetage-small","8":"pa_flaschenform-rond-petit","9":"pa_gewindegroesse-small","10":"pa_inhalt-combo","11":"pa_inhalt-10ml","12":"pa_inhaltsstoffe-nitrite-de-pentyle","13":"pa_staerke-90","15":"first","16":"instock","17":"sale","18":"sold-individually","19":"taxable","20":"shipping-taxable","21":"purchasable","22":"product-type-simple"},"acf":[],"_links":{"self":[{"href":"https:\/\/poppers-online.ch\/fr\/wp-json\/wp\/v2\/product\/151945","targetHints":{"allow":["GET"]}}],"collection":[{"href":"https:\/\/poppers-online.ch\/fr\/wp-json\/wp\/v2\/product"}],"about":[{"href":"https:\/\/poppers-online.ch\/fr\/wp-json\/wp\/v2\/types\/product"}],"replies":[{"embeddable":true,"href":"https:\/\/poppers-online.ch\/fr\/wp-json\/wp\/v2\/comments?post=151945"}],"wp:featuredmedia":[{"embeddable":true,"href":"https:\/\/poppers-online.ch\/fr\/wp-json\/wp\/v2\/media\/151943"}],"wp:attachment":[{"href":"https:\/\/poppers-online.ch\/fr\/wp-json\/wp\/v2\/media?parent=151945"}],"wp:term":[{"taxonomy":"product_brand","embeddable":true,"href":"https:\/\/poppers-online.ch\/fr\/wp-json\/wp\/v2\/product_brand?post=151945"},{"taxonomy":"product_cat","embeddable":true,"href":"https:\/\/poppers-online.ch\/fr\/wp-json\/wp\/v2\/product_cat?post=151945"},{"taxonomy":"product_tag","embeddable":true,"href":"https:\/\/poppers-online.ch\/fr\/wp-json\/wp\/v2\/product_tag?post=151945"}],"curies":[{"name":"wp","href":"https:\/\/api.w.org\/{rel}","templated":true}]}}