{"id":150678,"date":"2026-03-12T13:12:46","date_gmt":"2026-03-12T12:12:46","guid":{"rendered":"https:\/\/poppers-online.ch\/produkt\/rosebud-combo\/"},"modified":"2026-03-12T20:46:43","modified_gmt":"2026-03-12T19:46:43","slug":"rosebud-combo","status":"publish","type":"product","link":"https:\/\/poppers-online.ch\/fr\/produit\/rosebud-combo\/","title":{"rendered":"Rosebud Combo"},"content":{"rendered":"","protected":false},"excerpt":{"rendered":"<p data-start=\"13\" data-end=\"426\">Le <strong data-start=\"17\" data-end=\"34\">combo Rosebud<\/strong> a \u00e9t\u00e9 con\u00e7u pour les amateurs de Poppers qui recherchent l&rsquo;intensit\u00e9, la d\u00e9tente et le contr\u00f4le dans une seule combinaison. Ce kit s&rsquo;adresse aux utilisateurs exp\u00e9riment\u00e9s et est particuli\u00e8rement con\u00e7u pour les sessions de kink o\u00f9 la profondeur et l&rsquo;endurance sont au centre des pr\u00e9occupations et o\u00f9 le Poppers doit \u00eatre pr\u00eat imm\u00e9diatement. Gr\u00e2ce \u00e0 l&rsquo;intensit\u00e9 du Poppers et \u00e0 l&rsquo;utilit\u00e9 du Beakr, rien ne s&rsquo;oppose \u00e0 une action imm\u00e9diate.  <\/p>\n<p data-start=\"428\" data-end=\"1056\"><strong data-start=\"428\" data-end=\"463\">Kinky Monster Fire Poppers 24ml<\/strong><br data-start=\"463\" data-end=\"466\">Kinky Monster Fire Poppers 24ml s&rsquo;adresse \u00e0 tous les kinksters, pour des poppers encore plus forts et qui durent encore plus longtemps. Les flacons de Kinky Monster Poppers contiennent du pentyl nitrite tr\u00e8s pur et tr\u00e8s concentr\u00e9. Les Kinky Monster Poppers sont disponibles en 8 vari\u00e9t\u00e9s diff\u00e9rentes. Kinky Monster Fire fait partie des poppers les plus puissants. Nous avons d\u00e9velopp\u00e9 ce poppers puissant pour tous les fist lovers et tous ceux qui veulent le devenir. Si tu cherches un poppers qui t&rsquo;aide \u00e0 avoir une session de fist encore plus d\u00e9tendue et g\u00e9niale, nous te recommandons les poppers Kinky Monster Fire.     <\/p>\n<p data-start=\"1058\" data-end=\"1478\"><strong data-start=\"1058\" data-end=\"1095\">Beakr Poppers Spill Proof Cap Red<\/strong><br data-start=\"1095\" data-end=\"1098\">Beakr Poppers Spill Proof Cap Red est le couvercle de mise \u00e0 niveau intelligent pour ton Poppers &#8211; pratique, s\u00fbr et pr\u00eat \u00e0 l&#8217;emploi en permanence. Le grand avantage : tu peux laisser le Booster Cap en permanence sur le flacon.  Pas de d\u00e9vissage, pas de changement d&#8217;emplacement, pas de manipulation de pi\u00e8ces individuelles comme avec les sniffer-caps traditionnels. Ce capuchon remplace compl\u00e8tement le couvercle original du fabricant.<\/p>\n<p data-start=\"1480\" data-end=\"1708\">Id\u00e9al pour les d\u00e9placements et une utilisation rapide : sors le flacon du sac, tourne le levier, c&rsquo;est tout. Pas de couvercle dans la main, pas de d\u00e9versement. Le m\u00e9canisme Spill-Proof garantit un transport propre et une utilisation imm\u00e9diate.  <\/p>\n<p data-start=\"1710\" data-end=\"1807\">L&rsquo;utilisation est simple et intuitive.<br data-start=\"1748\" data-end=\"1751\">Levier vers le haut = ferm\u00e9.<br data-start=\"1781\" data-end=\"1784\">Levier sur le c\u00f4t\u00e9 = ouvert.<\/p>\n<p data-start=\"1809\" data-end=\"1998\" data-is-last-node=\"\" data-is-only-node=\"\">Beakr Poppers Spill Proof Cap Red est compatible avec les flacons de taille Small et rend ton exp\u00e9rience Poppers plus confortable, plus s\u00fbre et plus efficace &#8211; une fois mont\u00e9, toujours pr\u00eat.<\/p>\n","protected":false},"featured_media":150673,"comment_status":"open","ping_status":"closed","template":"","meta":{"_acf_changed":false,"iawp_total_views":28,"_glsr_average":0,"_glsr_ranking":0,"_glsr_reviews":0},"product_brand":[],"product_cat":[1046,76],"product_tag":[],"class_list":{"0":"post-150678","1":"product","2":"type-product","3":"status-publish","4":"has-post-thumbnail","6":"product_cat-poppers","7":"product_cat-paquets-economiques","8":"pa_booster-cap-gewindegroesse-pour-taille-de-filetage-small","9":"pa_flaschenform-ovale","10":"pa_gewindegroesse-small","11":"pa_inhalt-combo","12":"pa_inhalt-24ml","13":"pa_inhaltsstoffe-nitrite-de-pentyle","14":"pa_marke-kinky-monster-poppers","15":"pa_staerke-91","17":"first","18":"instock","19":"sale","20":"taxable","21":"shipping-taxable","22":"purchasable","23":"product-type-simple"},"acf":[],"_links":{"self":[{"href":"https:\/\/poppers-online.ch\/fr\/wp-json\/wp\/v2\/product\/150678","targetHints":{"allow":["GET"]}}],"collection":[{"href":"https:\/\/poppers-online.ch\/fr\/wp-json\/wp\/v2\/product"}],"about":[{"href":"https:\/\/poppers-online.ch\/fr\/wp-json\/wp\/v2\/types\/product"}],"replies":[{"embeddable":true,"href":"https:\/\/poppers-online.ch\/fr\/wp-json\/wp\/v2\/comments?post=150678"}],"wp:featuredmedia":[{"embeddable":true,"href":"https:\/\/poppers-online.ch\/fr\/wp-json\/wp\/v2\/media\/150673"}],"wp:attachment":[{"href":"https:\/\/poppers-online.ch\/fr\/wp-json\/wp\/v2\/media?parent=150678"}],"wp:term":[{"taxonomy":"product_brand","embeddable":true,"href":"https:\/\/poppers-online.ch\/fr\/wp-json\/wp\/v2\/product_brand?post=150678"},{"taxonomy":"product_cat","embeddable":true,"href":"https:\/\/poppers-online.ch\/fr\/wp-json\/wp\/v2\/product_cat?post=150678"},{"taxonomy":"product_tag","embeddable":true,"href":"https:\/\/poppers-online.ch\/fr\/wp-json\/wp\/v2\/product_tag?post=150678"}],"curies":[{"name":"wp","href":"https:\/\/api.w.org\/{rel}","templated":true}]}}