{"id":150664,"date":"2026-03-12T12:15:54","date_gmt":"2026-03-12T11:15:54","guid":{"rendered":"https:\/\/poppers-online.ch\/produkt\/mister-rush-combo\/"},"modified":"2026-03-26T17:00:12","modified_gmt":"2026-03-26T16:00:12","slug":"mister-rush-combo","status":"publish","type":"product","link":"https:\/\/poppers-online.ch\/fr\/produit\/mister-rush-combo\/","title":{"rendered":"Mister Rush Combo"},"content":{"rendered":"","protected":false},"excerpt":{"rendered":"<p data-start=\"13\" data-end=\"396\">Le <strong data-start=\"17\" data-end=\"38\">combo Mister Rush<\/strong> est fait pour tous les vrais fans de Rush. <strong data-start=\"78\" data-end=\"138\">Aucune marque n&rsquo;est aussi embl\u00e9matique dans le monde des Poppers que Rush<\/strong> &#8211; depuis des d\u00e9cennies, le nom est synonyme de frissons l\u00e9gendaires, de statut de culte et d&rsquo;une communaut\u00e9 qui sait exactement ce qu&rsquo;elle veut. Ce combo combine l&rsquo;exp\u00e9rience classique de Rush avec des accessoires styl\u00e9s pour tous ceux qui veulent montrer leur enthousiasme \u00e0 l&rsquo;ext\u00e9rieur. <\/p>\n<p data-start=\"398\" data-end=\"688\"><strong data-start=\"398\" data-end=\"439\">Rush Original Special EU Formula 10ml<\/strong><br data-start=\"439\" data-end=\"442\">Rush Original Special EU Formula 10ml du fabricant Lockerroom du Canada. Le Poppers le plus vendu au monde, en Europe et aussi en Suisse, \u00e0 base de Canadian Pentyl Formula. Le flacon en verre embl\u00e9matique est livr\u00e9 avec la taille de filetage Small.  <\/p>\n<p data-start=\"690\" data-end=\"1038\"><strong data-start=\"690\" data-end=\"719\">Casquette de baseball Rush Poppers<\/strong><br data-start=\"719\" data-end=\"722\">Avec la casquette de baseball Rush Poppers, tu peux montrer efficacement ta passion pour les Poppers \u00e0 l&rsquo;ext\u00e9rieur. Rush est le poppers le plus vendu au monde. Seules les personnes qui savent ce que signifie le logo Rush sur ta casquette de baseball jaune comprendront de quoi il s&rsquo;agit gr\u00e2ce \u00e0 la casquette de baseball Rush Poppers.  <\/p>\n<p data-start=\"1040\" data-end=\"1308\"><strong data-start=\"1040\" data-end=\"1052\">Rush Pin<\/strong><br data-start=\"1052\" data-end=\"1055\">Le pin&rsquo;s Rush est l&rsquo;accessoire parfait pour tous ceux qui souhaitent am\u00e9liorer leur look avec un point fort insolent et iconique. Petit, voyant et absolument embl\u00e9matique, ce pin&rsquo;s apporte la l\u00e9gendaire vibe Rush directement sur ta veste, ton sac ou ta casquette. <\/p>\n<p data-start=\"1310\" data-end=\"1547\">Fabriqu\u00e9 en m\u00e9tal de haute qualit\u00e9 avec une finition \u00e9maill\u00e9e propre, le pin est bien en place et montre clairement ce que tu repr\u00e9sentes : bold, playful, iconic.<br data-start=\"1453\" data-end=\"1456\">Que ce soit en club, lors d&rsquo;\u00e9v\u00e9nements ou au quotidien, le pin Rush fait une d\u00e9claration que tout le monde reconna\u00eet.<\/p>\n<p data-start=\"1549\" data-end=\"1640\">Le combo Mister Rush est id\u00e9al pour les fans, les collectionneurs et tous ceux qui veulent avoir un peu de l&rsquo;ambiance Rush sur eux en permanence.<\/p>\n","protected":false},"featured_media":150663,"comment_status":"open","ping_status":"closed","template":"","meta":{"_acf_changed":false,"iawp_total_views":45,"_glsr_average":0,"_glsr_ranking":0,"_glsr_reviews":0},"product_brand":[],"product_cat":[1046,76],"product_tag":[],"class_list":{"0":"post-150664","1":"product","2":"type-product","3":"status-publish","4":"has-post-thumbnail","6":"product_cat-poppers","7":"product_cat-paquets-economiques","8":"pa_flaschenform-rond-petit","9":"pa_gewindegroesse-small","10":"pa_inhalt-combo","11":"pa_inhalt-10ml","12":"pa_inhaltsstoffe-formule-canadienne-de-pentyle","13":"pa_marke-lockerroom-poppers","14":"pa_marke-rush-poppers","15":"pa_staerke-88","17":"first","18":"instock","19":"sale","20":"taxable","21":"shipping-taxable","22":"purchasable","23":"product-type-simple"},"acf":[],"_links":{"self":[{"href":"https:\/\/poppers-online.ch\/fr\/wp-json\/wp\/v2\/product\/150664","targetHints":{"allow":["GET"]}}],"collection":[{"href":"https:\/\/poppers-online.ch\/fr\/wp-json\/wp\/v2\/product"}],"about":[{"href":"https:\/\/poppers-online.ch\/fr\/wp-json\/wp\/v2\/types\/product"}],"replies":[{"embeddable":true,"href":"https:\/\/poppers-online.ch\/fr\/wp-json\/wp\/v2\/comments?post=150664"}],"wp:featuredmedia":[{"embeddable":true,"href":"https:\/\/poppers-online.ch\/fr\/wp-json\/wp\/v2\/media\/150663"}],"wp:attachment":[{"href":"https:\/\/poppers-online.ch\/fr\/wp-json\/wp\/v2\/media?parent=150664"}],"wp:term":[{"taxonomy":"product_brand","embeddable":true,"href":"https:\/\/poppers-online.ch\/fr\/wp-json\/wp\/v2\/product_brand?post=150664"},{"taxonomy":"product_cat","embeddable":true,"href":"https:\/\/poppers-online.ch\/fr\/wp-json\/wp\/v2\/product_cat?post=150664"},{"taxonomy":"product_tag","embeddable":true,"href":"https:\/\/poppers-online.ch\/fr\/wp-json\/wp\/v2\/product_tag?post=150664"}],"curies":[{"name":"wp","href":"https:\/\/api.w.org\/{rel}","templated":true}]}}