{"id":150645,"date":"2026-03-12T11:10:47","date_gmt":"2026-03-12T10:10:47","guid":{"rendered":"https:\/\/poppers-online.ch\/produkt\/dadspopperpig-poppers-combo\/"},"modified":"2026-03-12T20:36:00","modified_gmt":"2026-03-12T19:36:00","slug":"dadspopperpig-poppers-combo","status":"publish","type":"product","link":"https:\/\/poppers-online.ch\/fr\/produit\/dadspopperpig-poppers-combo\/","title":{"rendered":"DadsPopperPig Poppers Combo"},"content":{"rendered":"","protected":false},"excerpt":{"rendered":"<p data-start=\"13\" data-end=\"367\"><strong data-start=\"13\" data-end=\"30\">DadsPopperPig<\/strong> est l&rsquo;un des poppers-bators les plus connus sur Twitter. Il a test\u00e9 d&rsquo;innombrables vari\u00e9t\u00e9s de poppers au fil des ans et sait exactement quels poppers donnent vraiment de bons coups. Dans ce <strong>combo Poppers DadsPopperPig<\/strong>, il a rassembl\u00e9 quelques-uns de ses favoris personnels &#8211; parfait pour ceux qui veulent se fier aux recommandations d&rsquo;un v\u00e9ritable connaisseur de la sc\u00e8ne.  <\/p>\n<p data-start=\"369\" data-end=\"972\"><strong data-start=\"369\" data-end=\"407\">Kinky Monster Extreme Poppers 10ml<\/strong><br data-start=\"407\" data-end=\"410\">Kinky Monster Extreme Poppers 10ml s&rsquo;adresse \u00e0 tous les kinksters, pour des poppers encore plus forts et qui durent encore plus longtemps. Les flacons de Kinky Monster Poppers contiennent du pentyl nitrite tr\u00e8s pur et tr\u00e8s concentr\u00e9. Les Kinky Monster Poppers sont disponibles en 8 vari\u00e9t\u00e9s diff\u00e9rentes. Kinky Monster Extreme fait partie des poppers les plus forts. Nous avons cr\u00e9\u00e9 ce Poppers pour tous les fans de Sneakers et de Sox.     Tu aimes aussi les tracksuits d&rsquo;Adidas, les baskets ou les Speedo moulants ? Ce Poppers fait partie int\u00e9grante de ta prochaine session de baskets, de tracksuits et de Sox. <\/p>\n<p data-start=\"974\" data-end=\"1520\"><strong data-start=\"974\" data-end=\"997\">Z\u00fcrich Poppers 24ml<\/strong><br data-start=\"997\" data-end=\"1000\">Z\u00fcrich Poppers 24ml contient l&rsquo;ancien v\u00e9ritable nitrite de pentyle. Apr\u00e8s les Poppers d&rsquo;Amsterdam et les Poppers de Berlin, voici enfin les Poppers de Zurich.  Zurich n&rsquo;est pas seulement synonyme de Zwingli, de Pestalozzi, du Sechsel\u00e4uten et du Knabenschiessen. Zurich est la m\u00e9tropole gay de Suisse et est consid\u00e9r\u00e9e comme la ville la plus gay-friendly de Suisse. C&rsquo;est pourquoi nous avons d\u00e9di\u00e9 \u00e0 cette ville que nous aimons par-dessus tout le Poppers de Zurich d&rsquo;intensit\u00e9 6. Zurich, continue \u00e0 \u00eatre aussi ouverte envers nous tous.<\/p>\n<p data-start=\"1522\" data-end=\"1802\"><strong data-start=\"1522\" data-end=\"1557\">Super Extreme Slut Poppers 24ml<\/strong><br data-start=\"1557\" data-end=\"1560\">Pr\u00eat pour le prochain niveau ? Super Extreme Slut Poppers 24ml est de retour &#8211; plus fort, plus intense et sans compromis que jamais. La nouvelle version se pr\u00e9sente dans un flacon pratique de 24 ml et se base sur du pentylnitrite tr\u00e8s pur pour un effet maximal.  <\/p>\n<p data-start=\"1804\" data-end=\"2066\">Ce Poppers est fait pour les sessions sans honte, sans inhibition &#8211; et pour tous ceux qui veulent faire de toi ou de ton partenaire une Super Extr\u00eame Slut sans tabou. Id\u00e9al pour les jeux de r\u00f4le extr\u00eames, la domination intensive ou simplement quand il ne doit pas y avoir de limites. <\/p>\n<p data-start=\"2068\" data-end=\"2743\"><strong data-start=\"2068\" data-end=\"2125\">Poppers Booster Cap XTRM SNFFR Double Small Dark Blue<\/strong><br data-start=\"2125\" data-end=\"2128\">Le Poppers Booster Cap XTRM SNFFR Double Small Dark Blue de XTRM fait passer l&rsquo;utilisation des poppers \u00e0 un niveau sup\u00e9rieur. Tu d\u00e9visses le couvercle original du fabricant et tu visses le Booster Cap sur le flacon.  Tu sentiras rapidement la diff\u00e9rence. Un autre avantage est que vous prot\u00e9gez votre peau des irritations et des br\u00fblures avec le booster cap, car vous n&rsquo;avez pas de contact direct avec la peau du Poppers. Apr\u00e8s l&rsquo;utilisation, remets imp\u00e9rativement le couvercle original du fabricant pour \u00e9viter les fuites. Essaye le Booster Cap et \u00e9cris une \u00e9valuation du produit sur cette page.<\/p>\n<p data-start=\"2745\" data-end=\"2836\" data-is-last-node=\"\" data-is-only-node=\"\">Le Poppers Booster Cap XTRM SNFFR Double Small Dark Blue de XTRM a une taille de filetage S.<\/p>\n<p data-start=\"2745\" data-end=\"2836\" data-is-last-node=\"\" data-is-only-node=\"\">Obtiens ses favoris dans le combo Poppers de DadsPopperPig.<\/p>\n","protected":false},"featured_media":150642,"comment_status":"open","ping_status":"closed","template":"","meta":{"_acf_changed":false,"iawp_total_views":18,"_glsr_average":0,"_glsr_ranking":0,"_glsr_reviews":0},"product_brand":[],"product_cat":[1046,76],"product_tag":[],"class_list":{"0":"post-150645","1":"product","2":"type-product","3":"status-publish","4":"has-post-thumbnail","6":"product_cat-poppers","7":"product_cat-paquets-economiques","8":"pa_booster-cap-gewindegroesse-pour-taille-de-filetage-small","9":"pa_flaschenform-rond-petit","10":"pa_flaschenform-ovale","11":"pa_gewindegroesse-small","12":"pa_inhalt-combo","13":"pa_inhalt-24ml","14":"pa_inhalt-10ml","15":"pa_inhaltsstoffe-nitrite-de-pentyle","16":"pa_staerke-90","18":"first","19":"instock","20":"sale","21":"taxable","22":"shipping-taxable","23":"purchasable","24":"product-type-simple"},"acf":[],"_links":{"self":[{"href":"https:\/\/poppers-online.ch\/fr\/wp-json\/wp\/v2\/product\/150645","targetHints":{"allow":["GET"]}}],"collection":[{"href":"https:\/\/poppers-online.ch\/fr\/wp-json\/wp\/v2\/product"}],"about":[{"href":"https:\/\/poppers-online.ch\/fr\/wp-json\/wp\/v2\/types\/product"}],"replies":[{"embeddable":true,"href":"https:\/\/poppers-online.ch\/fr\/wp-json\/wp\/v2\/comments?post=150645"}],"wp:featuredmedia":[{"embeddable":true,"href":"https:\/\/poppers-online.ch\/fr\/wp-json\/wp\/v2\/media\/150642"}],"wp:attachment":[{"href":"https:\/\/poppers-online.ch\/fr\/wp-json\/wp\/v2\/media?parent=150645"}],"wp:term":[{"taxonomy":"product_brand","embeddable":true,"href":"https:\/\/poppers-online.ch\/fr\/wp-json\/wp\/v2\/product_brand?post=150645"},{"taxonomy":"product_cat","embeddable":true,"href":"https:\/\/poppers-online.ch\/fr\/wp-json\/wp\/v2\/product_cat?post=150645"},{"taxonomy":"product_tag","embeddable":true,"href":"https:\/\/poppers-online.ch\/fr\/wp-json\/wp\/v2\/product_tag?post=150645"}],"curies":[{"name":"wp","href":"https:\/\/api.w.org\/{rel}","templated":true}]}}