{"id":149934,"date":"2026-03-05T12:28:44","date_gmt":"2026-03-05T11:28:44","guid":{"rendered":"https:\/\/poppers-online.ch\/produkt\/highrise-original-poppers-combo\/"},"modified":"2026-03-11T13:34:06","modified_gmt":"2026-03-11T12:34:06","slug":"highrise-original-poppers-combo","status":"publish","type":"product","link":"https:\/\/poppers-online.ch\/fr\/produit\/highrise-original-poppers-combo\/","title":{"rendered":"Highrise Original Poppers Combo"},"content":{"rendered":"","protected":false},"excerpt":{"rendered":"<p data-start=\"17\" data-end=\"195\">Avec le <strong data-start=\"25\" data-end=\"60\">combo Highrise Original Poppers<\/strong>, tu re\u00e7ois le paquet complet de High Rise Poppers \u00e0 un prix pr\u00e9f\u00e9rentiel : trois variantes de la marque originale du fabricant Lockerroom au Canada.<\/p>\n<p data-start=\"197\" data-end=\"488\">Deux grands flacons minces qui convainquent depuis de nombreuses ann\u00e9es par la qualit\u00e9 \u00e9prouv\u00e9e de leur puissante formulation bas\u00e9e sur la formule Canadian Pentyl. Il y a aussi un flacon High Rise 30ml dans le flacon classique avec une bo\u00eete bleue et la formule Hexylnitrite \u00e9prouv\u00e9e. <\/p>\n<p data-start=\"490\" data-end=\"581\">Ces poppers de marque originaux sont propos\u00e9s chez nous depuis de nombreuses ann\u00e9es pour les vrais connaisseurs.<\/p>\n","protected":false},"featured_media":149928,"comment_status":"open","ping_status":"closed","template":"","meta":{"_acf_changed":false,"iawp_total_views":28,"_glsr_average":0,"_glsr_ranking":0,"_glsr_reviews":0},"product_brand":[],"product_cat":[1046,76],"product_tag":[],"class_list":{"0":"post-149934","1":"product","2":"type-product","3":"status-publish","4":"has-post-thumbnail","6":"product_cat-poppers","7":"product_cat-paquets-economiques","8":"pa_flaschenform-rond-grand","9":"pa_flaschenform-rond-tall","10":"pa_gewindegroesse-small","11":"pa_inhalt-combo","12":"pa_inhalt-30ml","13":"pa_inhaltsstoffe-formule-canadienne-de-pentyle","14":"pa_marke-highrise-poppers","15":"pa_marke-lockerroom-poppers","16":"pa_staerke-91","18":"first","19":"instock","20":"sale","21":"taxable","22":"shipping-taxable","23":"purchasable","24":"product-type-simple"},"acf":[],"_links":{"self":[{"href":"https:\/\/poppers-online.ch\/fr\/wp-json\/wp\/v2\/product\/149934","targetHints":{"allow":["GET"]}}],"collection":[{"href":"https:\/\/poppers-online.ch\/fr\/wp-json\/wp\/v2\/product"}],"about":[{"href":"https:\/\/poppers-online.ch\/fr\/wp-json\/wp\/v2\/types\/product"}],"replies":[{"embeddable":true,"href":"https:\/\/poppers-online.ch\/fr\/wp-json\/wp\/v2\/comments?post=149934"}],"wp:featuredmedia":[{"embeddable":true,"href":"https:\/\/poppers-online.ch\/fr\/wp-json\/wp\/v2\/media\/149928"}],"wp:attachment":[{"href":"https:\/\/poppers-online.ch\/fr\/wp-json\/wp\/v2\/media?parent=149934"}],"wp:term":[{"taxonomy":"product_brand","embeddable":true,"href":"https:\/\/poppers-online.ch\/fr\/wp-json\/wp\/v2\/product_brand?post=149934"},{"taxonomy":"product_cat","embeddable":true,"href":"https:\/\/poppers-online.ch\/fr\/wp-json\/wp\/v2\/product_cat?post=149934"},{"taxonomy":"product_tag","embeddable":true,"href":"https:\/\/poppers-online.ch\/fr\/wp-json\/wp\/v2\/product_tag?post=149934"}],"curies":[{"name":"wp","href":"https:\/\/api.w.org\/{rel}","templated":true}]}}