{"id":149899,"date":"2026-03-05T10:41:27","date_gmt":"2026-03-05T09:41:27","guid":{"rendered":"https:\/\/poppers-online.ch\/produkt\/highrise-ultra-strong-poppers-original-combo\/"},"modified":"2026-03-26T16:35:25","modified_gmt":"2026-03-26T15:35:25","slug":"highrise-ultra-strong-poppers-original-combo","status":"publish","type":"product","link":"https:\/\/poppers-online.ch\/fr\/produit\/highrise-ultra-strong-poppers-original-combo\/","title":{"rendered":"Highrise Ultra Strong Poppers Original Combo"},"content":{"rendered":"","protected":false},"excerpt":{"rendered":"<p data-start=\"17\" data-end=\"523\">Avec le <strong data-start=\"25\" data-end=\"73\">combo Highrise Ultra Strong Original Poppers<\/strong>, tu re\u00e7ois deux des l\u00e9gendaires High Rise Ultra Strong Tall Poppers \u00e0 un prix pr\u00e9f\u00e9rentiel. Ce produit original du fabricant Lockerroom au Canada est extra fort et convainc depuis de nombreuses ann\u00e9es par la qualit\u00e9 \u00e9prouv\u00e9e de sa forte formulation bas\u00e9e sur la Canadian Pentyl Formula. Ce Poppers est ultra fort, plus fort que le Highrise Tall normal dans son flacon bleu, et est propos\u00e9 chez nous depuis de nombreuses ann\u00e9es aux vrais connaisseurs.  <\/p>\n","protected":false},"featured_media":149936,"comment_status":"open","ping_status":"closed","template":"","meta":{"_acf_changed":false,"iawp_total_views":36,"_glsr_average":0,"_glsr_ranking":0,"_glsr_reviews":0},"product_brand":[],"product_cat":[1046,76],"product_tag":[],"class_list":{"0":"post-149899","1":"product","2":"type-product","3":"status-publish","4":"has-post-thumbnail","6":"product_cat-poppers","7":"product_cat-paquets-economiques","8":"pa_flaschenform-rond-tall","9":"pa_gewindegroesse-small","10":"pa_inhalt-combo","11":"pa_inhalt-30ml","12":"pa_inhaltsstoffe-formule-canadienne-de-pentyle","13":"pa_marke-highrise-poppers","14":"pa_marke-lockerroom-poppers","15":"pa_staerke-91","17":"first","18":"instock","19":"sale","20":"taxable","21":"shipping-taxable","22":"purchasable","23":"product-type-simple"},"acf":[],"_links":{"self":[{"href":"https:\/\/poppers-online.ch\/fr\/wp-json\/wp\/v2\/product\/149899","targetHints":{"allow":["GET"]}}],"collection":[{"href":"https:\/\/poppers-online.ch\/fr\/wp-json\/wp\/v2\/product"}],"about":[{"href":"https:\/\/poppers-online.ch\/fr\/wp-json\/wp\/v2\/types\/product"}],"replies":[{"embeddable":true,"href":"https:\/\/poppers-online.ch\/fr\/wp-json\/wp\/v2\/comments?post=149899"}],"wp:featuredmedia":[{"embeddable":true,"href":"https:\/\/poppers-online.ch\/fr\/wp-json\/wp\/v2\/media\/149936"}],"wp:attachment":[{"href":"https:\/\/poppers-online.ch\/fr\/wp-json\/wp\/v2\/media?parent=149899"}],"wp:term":[{"taxonomy":"product_brand","embeddable":true,"href":"https:\/\/poppers-online.ch\/fr\/wp-json\/wp\/v2\/product_brand?post=149899"},{"taxonomy":"product_cat","embeddable":true,"href":"https:\/\/poppers-online.ch\/fr\/wp-json\/wp\/v2\/product_cat?post=149899"},{"taxonomy":"product_tag","embeddable":true,"href":"https:\/\/poppers-online.ch\/fr\/wp-json\/wp\/v2\/product_tag?post=149899"}],"curies":[{"name":"wp","href":"https:\/\/api.w.org\/{rel}","templated":true}]}}