{"id":149172,"date":"2026-02-26T17:46:40","date_gmt":"2026-02-26T16:46:40","guid":{"rendered":"https:\/\/poppers-online.ch\/produkt\/smooth-start-poppers-combo\/"},"modified":"2026-02-26T18:22:52","modified_gmt":"2026-02-26T17:22:52","slug":"smooth-start-poppers-combo","status":"publish","type":"product","link":"https:\/\/poppers-online.ch\/fr\/produit\/smooth-start-poppers-combo\/","title":{"rendered":"Smooth Start Poppers Combo"},"content":{"rendered":"","protected":false},"excerpt":{"rendered":"<p data-start=\"32\" data-end=\"435\">Le <strong>combo Smooth Start Poppers<\/strong> est ton <strong>entr\u00e9e<\/strong> id\u00e9ale <strong>dans le monde des poppers<\/strong>. Ce set s&rsquo;adresse d\u00e9lib\u00e9r\u00e9ment aux <strong>d\u00e9butants, aux curieux<\/strong> et \u00e0 tous ceux qui <strong>aiment<\/strong> les choses <strong>moins fortes et plus contr\u00f4l\u00e9es<\/strong>. Au lieu d&rsquo;une duret\u00e9 maximale, tu re\u00e7ois ici deux formulations plus douces, agr\u00e9ablement dos\u00e9es, qui te permettent de d\u00e9couvrir tranquillement comment ton corps r\u00e9agit et quelle intensit\u00e9 te convient le mieux.  <\/p>\n<p data-start=\"437\" data-end=\"639\">Parfait pour <strong>tes premi\u00e8res exp\u00e9riences<\/strong>, tes sessions d\u00e9tendues ou si tu pr\u00e9f\u00e8res un effet plus l\u00e9ger. D\u00e9marrer en douceur, conna\u00eetre l&rsquo;effet, gagner en assurance &#8211; c&rsquo;est exactement ce que ce combo est cens\u00e9 faire. <\/p>\n<p data-start=\"641\" data-end=\"667\"><strong data-start=\"641\" data-end=\"667\">POP ME UP Poppers 10ml<\/strong><\/p>\n<p data-start=\"669\" data-end=\"1134\">POP ME UP Poppers 10ml est sur le march\u00e9 depuis 2023 et contient l&rsquo;ancien v\u00e9ritable pentylnitrite. Ce Poppers trouve son origine en France et ne doit pas manquer lors de ta prochaine session Pop. Le terme \u00ab\u00a0Pop me up\u00a0\u00bb signifie \u00ab\u00a0appelle-moi\u00a0\u00bb, mais peut aussi \u00eatre compris comme une invitation ludique. Avec une intensit\u00e9 de 3, POP ME UP fait partie des variantes plus mod\u00e9r\u00e9es et convient parfaitement aux d\u00e9butants ou \u00e0 tous ceux qui pr\u00e9f\u00e8rent un effet moins intense.   <\/p>\n<p data-start=\"1136\" data-end=\"1178\"><strong data-start=\"1136\" data-end=\"1178\">BASIC BITCH FOR BEGINNERS Poppers 10ml<\/strong><\/p>\n<p data-start=\"1180\" data-end=\"1563\">BASIC BITCH FOR BEGINNERS Poppers 10ml est \u00e9galement sur le march\u00e9 depuis 2023 et contient l&rsquo;ancien v\u00e9ritable pentylnitrite. Ce Poppers s&rsquo;adresse aux hommes et aux femmes qui souhaitent s&rsquo;initier lentement au monde du Poppers. La formule est con\u00e7ue pour r\u00e9duire les inhibitions et te permettre de d\u00e9buter de mani\u00e8re simple et d\u00e9tendue &#8211; au lit ou en soir\u00e9e.  <\/p>\n<p data-start=\"1565\" data-end=\"1725\" data-is-last-node=\"\" data-is-only-node=\"\">Si tu n&rsquo;as jamais consomm\u00e9 de Poppers, consulte les conseils dans <a href=\"https:\/\/poppers-online.ch\/fr\/faq-sur-les-poppers\/ingredients-poppers\/\">la section FAQ<\/a> de ce site pour t&rsquo;informer au pr\u00e9alable sur l&rsquo;utilisation et la s\u00e9curit\u00e9.<\/p>\n","protected":false},"featured_media":149171,"comment_status":"open","ping_status":"closed","template":"","meta":{"_acf_changed":false,"iawp_total_views":14,"_glsr_average":0,"_glsr_ranking":0,"_glsr_reviews":0},"product_brand":[],"product_cat":[1046,76],"product_tag":[],"class_list":{"0":"post-149172","1":"product","2":"type-product","3":"status-publish","4":"has-post-thumbnail","6":"product_cat-poppers","7":"product_cat-paquets-economiques","8":"pa_flaschenform-rond-petit","9":"pa_gewindegroesse-small","10":"pa_inhalt-combo","11":"pa_inhalt-10ml","12":"pa_inhaltsstoffe-nitrite-de-pentyle","13":"pa_staerke-88","15":"first","16":"instock","17":"sale","18":"taxable","19":"shipping-taxable","20":"purchasable","21":"product-type-simple"},"acf":[],"_links":{"self":[{"href":"https:\/\/poppers-online.ch\/fr\/wp-json\/wp\/v2\/product\/149172","targetHints":{"allow":["GET"]}}],"collection":[{"href":"https:\/\/poppers-online.ch\/fr\/wp-json\/wp\/v2\/product"}],"about":[{"href":"https:\/\/poppers-online.ch\/fr\/wp-json\/wp\/v2\/types\/product"}],"replies":[{"embeddable":true,"href":"https:\/\/poppers-online.ch\/fr\/wp-json\/wp\/v2\/comments?post=149172"}],"wp:featuredmedia":[{"embeddable":true,"href":"https:\/\/poppers-online.ch\/fr\/wp-json\/wp\/v2\/media\/149171"}],"wp:attachment":[{"href":"https:\/\/poppers-online.ch\/fr\/wp-json\/wp\/v2\/media?parent=149172"}],"wp:term":[{"taxonomy":"product_brand","embeddable":true,"href":"https:\/\/poppers-online.ch\/fr\/wp-json\/wp\/v2\/product_brand?post=149172"},{"taxonomy":"product_cat","embeddable":true,"href":"https:\/\/poppers-online.ch\/fr\/wp-json\/wp\/v2\/product_cat?post=149172"},{"taxonomy":"product_tag","embeddable":true,"href":"https:\/\/poppers-online.ch\/fr\/wp-json\/wp\/v2\/product_tag?post=149172"}],"curies":[{"name":"wp","href":"https:\/\/api.w.org\/{rel}","templated":true}]}}