{"id":149156,"date":"2026-02-26T16:31:53","date_gmt":"2026-02-26T15:31:53","guid":{"rendered":"https:\/\/poppers-online.ch\/produkt\/poppers-2go-combo\/"},"modified":"2026-02-26T18:07:20","modified_gmt":"2026-02-26T17:07:20","slug":"poppers-2go-combo","status":"publish","type":"product","link":"https:\/\/poppers-online.ch\/fr\/produit\/poppers-2go-combo\/","title":{"rendered":"Poppers 2GO Combo"},"content":{"rendered":"","protected":false},"excerpt":{"rendered":"<p data-start=\"23\" data-end=\"314\">Le <strong>Poppers 2GO Combo<\/strong> est ton <strong>paquet compact sans souci pour les rendez-vous sexuels spontan\u00e9s<\/strong>. Tout ce dont tu as besoin : pr\u00e9paration, intensit\u00e9 et rangement s\u00fbr. Que ce soit \u00e0 l&rsquo;h\u00f4tel, apr\u00e8s une f\u00eate ou une visite rapide entre deux : Avec ce combo, tu es pr\u00eat, propre et discret.  <\/p>\n<p data-start=\"316\" data-end=\"646\">La douche anale XTRM 2GO rouge assure une pr\u00e9paration simple et rapide. Le Double Fist Extreme Poppers 10ml te fournit l&rsquo;intensit\u00e9 n\u00e9cessaire pour ta session. Et avec le Poppers Keeper Small, tu transportes ton Poppers en toute s\u00e9curit\u00e9, prot\u00e9g\u00e9 et discret. Trois essentiels. Une mission : \u00eatre pr\u00eat \u00e0 tout moment.    <\/p>\n<p data-start=\"648\" data-end=\"684\"><strong data-start=\"648\" data-end=\"684\">Double Fist Extreme Poppers 10ml<\/strong><\/p>\n<p data-start=\"686\" data-end=\"997\">Double Fist Extreme Poppers 10ml est sur le march\u00e9 depuis 2022 et se base sur le pentylnitrite original traditionnel. C&rsquo;est un must-have pour tous les amateurs de fist et pour tous ceux qui souhaitent le devenir. Compact dans son flacon de 10 ml, mais puissant dans ses effets &#8211; parfait pour les d\u00e9placements ou les rencontres impromptues.  <\/p>\n<p data-start=\"999\" data-end=\"1023\"><strong data-start=\"999\" data-end=\"1023\">Poppers Keeper Small<\/strong><\/p>\n<p data-start=\"1025\" data-end=\"1486\">Le Poppers Keeper Small pour Poppers 10ml est un r\u00e9cipient robuste qui sert d&rsquo;<strong>\u00e9tui de protection pour tous les flacons Poppers 10ml<\/strong>. Il offre plus de discr\u00e9tion lors de tes d\u00e9placements, par exemple lorsque tu transportes ton Poppers dans ton sac \u00e0 dos ou dans ton sac de sport. Le Poppers Keeper a r\u00e9sist\u00e9 avec succ\u00e8s \u00e0 divers tests de casse et de chaleur et est donc id\u00e9al pour le transport pendant les mois d&rsquo;\u00e9t\u00e9. A la maison, il garantit un rangement s\u00fbr et tr\u00e8s discret.   <\/p>\n<p data-start=\"1488\" data-end=\"1783\">Mat\u00e9riau : PLA \u00e9cologique (plastique biod\u00e9gradable)<br data-start=\"1555\" data-end=\"1558\">Dimensions : 45 mm de diam\u00e8tre, 61 mm de hauteur (taille parfaite pour les flacons de 10 ml)<br data-start=\"1630\" data-end=\"1633\">Couleur : Noir<br data-start=\"1647\" data-end=\"1650\">Compatibilit\u00e9 : Pour les flacons en verre de 10 ml Poppers (par ex. de Lockerroom ou Oxymoron)<br data-start=\"1732\" data-end=\"1735\">Protection : Contre les chutes<\/p>\n<p data-start=\"1785\" data-end=\"1812\"><strong data-start=\"1785\" data-end=\"1812\">XTRM douche anale 2GO rouge<\/strong><\/p>\n<p data-start=\"1814\" data-end=\"2090\">La douche anale 2GO rouge de XTRM est <strong>faite pour les voyages<\/strong> &#8211; directe, propre et toujours pr\u00eate \u00e0 l&#8217;emploi. Elle <strong>se visse<\/strong> simplement <strong>sur un flacon en PET disponible dans le commerce<\/strong>, sans aucun adaptateur. Parfait si tu veux rester mobile tout en ayant un contr\u00f4le total sur ta pr\u00e9paration.  <\/p>\n<p data-start=\"2092\" data-end=\"2385\">La buse lisse en ABS doux pour la peau assure un jet d&rsquo;eau r\u00e9gulier et agr\u00e9able sans fuite gr\u00e2ce \u00e0 son syst\u00e8me de compensation de pression int\u00e9gr\u00e9. Petit, robuste, discret et pouvant se glisser dans n&rsquo;importe quel sac, le 2GO est id\u00e9al pour un nettoyage rapide \u00e0 l&rsquo;h\u00f4tel, avant un rendez-vous ou entre deux. <\/p>\n<p data-start=\"2387\" data-end=\"2515\" data-is-last-node=\"\" data-is-only-node=\"\">Remplir le flacon, le visser, appuyer &#8211; c&rsquo;est tout. La couleur rouge fait une d\u00e9claration claire : fonctionnelle, directe et sans compromis. <\/p>\n","protected":false},"featured_media":149155,"comment_status":"open","ping_status":"closed","template":"","meta":{"_acf_changed":false,"iawp_total_views":26,"_glsr_average":0,"_glsr_ranking":0,"_glsr_reviews":0},"product_brand":[],"product_cat":[1046,76],"product_tag":[],"class_list":{"0":"post-149156","1":"product","2":"type-product","3":"status-publish","4":"has-post-thumbnail","6":"product_cat-poppers","7":"product_cat-paquets-economiques","8":"pa_flaschenform-rond-petit","9":"pa_gewindegroesse-small","10":"pa_inhalt-combo","11":"pa_inhalt-10ml","12":"pa_inhaltsstoffe-nitrite-de-pentyle","13":"pa_staerke-90","15":"first","16":"instock","17":"sale","18":"taxable","19":"shipping-taxable","20":"purchasable","21":"product-type-simple"},"acf":[],"_links":{"self":[{"href":"https:\/\/poppers-online.ch\/fr\/wp-json\/wp\/v2\/product\/149156","targetHints":{"allow":["GET"]}}],"collection":[{"href":"https:\/\/poppers-online.ch\/fr\/wp-json\/wp\/v2\/product"}],"about":[{"href":"https:\/\/poppers-online.ch\/fr\/wp-json\/wp\/v2\/types\/product"}],"replies":[{"embeddable":true,"href":"https:\/\/poppers-online.ch\/fr\/wp-json\/wp\/v2\/comments?post=149156"}],"wp:featuredmedia":[{"embeddable":true,"href":"https:\/\/poppers-online.ch\/fr\/wp-json\/wp\/v2\/media\/149155"}],"wp:attachment":[{"href":"https:\/\/poppers-online.ch\/fr\/wp-json\/wp\/v2\/media?parent=149156"}],"wp:term":[{"taxonomy":"product_brand","embeddable":true,"href":"https:\/\/poppers-online.ch\/fr\/wp-json\/wp\/v2\/product_brand?post=149156"},{"taxonomy":"product_cat","embeddable":true,"href":"https:\/\/poppers-online.ch\/fr\/wp-json\/wp\/v2\/product_cat?post=149156"},{"taxonomy":"product_tag","embeddable":true,"href":"https:\/\/poppers-online.ch\/fr\/wp-json\/wp\/v2\/product_tag?post=149156"}],"curies":[{"name":"wp","href":"https:\/\/api.w.org\/{rel}","templated":true}]}}