{"id":149139,"date":"2026-02-26T15:10:36","date_gmt":"2026-02-26T14:10:36","guid":{"rendered":"https:\/\/poppers-online.ch\/produkt\/power-formulas-poppers-combo\/"},"modified":"2026-02-26T17:56:59","modified_gmt":"2026-02-26T16:56:59","slug":"power-formulas-poppers-combo","status":"publish","type":"product","link":"https:\/\/poppers-online.ch\/fr\/produit\/power-formulas-poppers-combo\/","title":{"rendered":"Power Formulas Poppers Combo"},"content":{"rendered":"","protected":false},"excerpt":{"rendered":"<p data-start=\"39\" data-end=\"571\">Le <strong>Power Formulas Poppers Combo<\/strong> est ton <strong>kit d&rsquo;essai<\/strong> parfait <strong>pour une intensit\u00e9 maximale et un effet individuel<\/strong>. Au lieu de te limiter \u00e0 une seule formule, tu re\u00e7ois trois des formules les plus populaires dans un kit &#8211; chacune avec son propre caract\u00e8re, sa propre intensit\u00e9 et sa propre dynamique. Tu peux ainsi d\u00e9couvrir quelle formule fonctionne le mieux pour toi et quel effet te convainc le plus. Que ce soit profond, dur ou durable &#8211; avec ce combo, tu testes de v\u00e9ritables options de puissance et tu trouves ton favori personnel.   <\/p>\n<p data-start=\"573\" data-end=\"611\"><strong data-start=\"573\" data-end=\"611\">Your Bitch XXX Strong Formula 30ml<\/strong><\/p>\n<p data-start=\"613\" data-end=\"986\">Avec Your Bitch XXX Strong Formula 30ml, tu am\u00e8nes ton partenaire exactement l\u00e0 o\u00f9 tu veux qu&rsquo;il soit : soumis, pr\u00eat et sans volont\u00e9. Cette formule extra forte \u00e0 base de <strong>nitrite d&rsquo;hexyle<\/strong> d\u00e9ploie ses effets en profondeur et de mani\u00e8re durable &#8211; parfait pour les sessions intenses avec un contr\u00f4le maximal.<br data-start=\"901\" data-end=\"904\">Your Bitch XXX Strong Formula se pr\u00e9sente dans un flacon de 30ml avec un filetage de taille Small. <\/p>\n<p data-start=\"988\" data-end=\"1015\"><strong data-start=\"988\" data-end=\"1015\">Poppers BDSM ULTRA 24ml<\/strong><\/p>\n<p data-start=\"1017\" data-end=\"1444\">BDSM ULTRA Poppers 24ml est sur le march\u00e9 depuis 2023 et contient l&rsquo;ancien v\u00e9ritable <strong>pentylnitrite<\/strong>. Ce poppers pour les pros ne doit en aucun cas manquer \u00e0 ta prochaine session BDSM bien hard. Gr\u00e2ce \u00e0 l&rsquo;intensit\u00e9 de 6 dans ce flacon, tu en as pour ton argent, toi et tous les esclaves soumis. BDSM ULTRA Poppers est ultra dur, ultra fort et ultra durable et se pr\u00e9sente dans un flacon de 24 ml avec un filetage de taille Small. <\/p>\n<p data-start=\"1446\" data-end=\"1476\"><strong data-start=\"1446\" data-end=\"1476\">HARD FCK Extra Strong 30ml<\/strong><\/p>\n<p data-start=\"1478\" data-end=\"1929\">HARD FCK Extra Strong 30ml Poppers est une nouveaut\u00e9 mondiale de Royal Hexagon. La fameuse <strong>formule Canadian Pentyl<\/strong> est enfin disponible dans une bouteille en aluminium styl\u00e9e et indestructible. Et pour que tu puisses renifler le flacon encore plus longtemps, Royal Hexagon a mis 30 ml entiers de nitrite de pentyle extra fort dans le flacon en aluminium HARD FCK Extra Strong. HARD FCK Poppers est destin\u00e9 \u00e0 tous ceux qui aiment les bonnes sessions difficiles.   <\/p>\n<p data-start=\"1931\" data-end=\"2246\">Lorsque tu refermes ce flacon, fais attention \u00e0 ne pas trop serrer le bouchon. Appuie sur le couvercle noir contre le flacon et tourne le couvercle avec pr\u00e9caution. La taille du filetage de cette bouteille en aluminium de 30 ml est XL. Utilise l&#8217;embout XL correspondant pour tes capsules Poppers Booster.   <\/p>\n","protected":false},"featured_media":149137,"comment_status":"open","ping_status":"closed","template":"","meta":{"_acf_changed":false,"iawp_total_views":44,"_glsr_average":0,"_glsr_ranking":0,"_glsr_reviews":0},"product_brand":[],"product_cat":[1046,76],"product_tag":[],"class_list":{"0":"post-149139","1":"product","2":"type-product","3":"status-publish","4":"has-post-thumbnail","6":"product_cat-poppers","7":"product_cat-paquets-economiques","8":"pa_flaschenform-ovale","9":"pa_flaschenform-rond-grand","10":"pa_gewindegroesse-xl-fr","11":"pa_gewindegroesse-small","12":"pa_inhalt-combo","13":"pa_inhalt-30ml","14":"pa_inhalt-24ml","15":"pa_inhaltsstoffe-formule-canadienne-de-pentyle","16":"pa_staerke-91","18":"first","19":"instock","20":"sale","21":"taxable","22":"shipping-taxable","23":"purchasable","24":"product-type-simple"},"acf":[],"_links":{"self":[{"href":"https:\/\/poppers-online.ch\/fr\/wp-json\/wp\/v2\/product\/149139","targetHints":{"allow":["GET"]}}],"collection":[{"href":"https:\/\/poppers-online.ch\/fr\/wp-json\/wp\/v2\/product"}],"about":[{"href":"https:\/\/poppers-online.ch\/fr\/wp-json\/wp\/v2\/types\/product"}],"replies":[{"embeddable":true,"href":"https:\/\/poppers-online.ch\/fr\/wp-json\/wp\/v2\/comments?post=149139"}],"wp:featuredmedia":[{"embeddable":true,"href":"https:\/\/poppers-online.ch\/fr\/wp-json\/wp\/v2\/media\/149137"}],"wp:attachment":[{"href":"https:\/\/poppers-online.ch\/fr\/wp-json\/wp\/v2\/media?parent=149139"}],"wp:term":[{"taxonomy":"product_brand","embeddable":true,"href":"https:\/\/poppers-online.ch\/fr\/wp-json\/wp\/v2\/product_brand?post=149139"},{"taxonomy":"product_cat","embeddable":true,"href":"https:\/\/poppers-online.ch\/fr\/wp-json\/wp\/v2\/product_cat?post=149139"},{"taxonomy":"product_tag","embeddable":true,"href":"https:\/\/poppers-online.ch\/fr\/wp-json\/wp\/v2\/product_tag?post=149139"}],"curies":[{"name":"wp","href":"https:\/\/api.w.org\/{rel}","templated":true}]}}