{"id":149126,"date":"2026-02-26T13:17:50","date_gmt":"2026-02-26T12:17:50","guid":{"rendered":"https:\/\/poppers-online.ch\/produkt\/eros-aqua-pride-fun-lubrifiant-a-base-deau-300-ml\/"},"modified":"2026-02-26T13:19:36","modified_gmt":"2026-02-26T12:19:36","slug":"eros-aqua-pride-fun-lubrifiant-a-base-deau-300-ml","status":"publish","type":"product","link":"https:\/\/poppers-online.ch\/fr\/produit\/eros-aqua-pride-fun-lubrifiant-a-base-deau-300-ml\/","title":{"rendered":"Eros Aqua &#8211; Pride Fun Lubrifiant \u00e0 base d&rsquo;eau 300 ml"},"content":{"rendered":"","protected":false},"excerpt":{"rendered":"<p data-start=\"13\" data-end=\"145\">Procure-toi le nouveau flacon en forme de godemich\u00e9 <strong data-start=\"51\" data-end=\"69\">Eros Pride Fun<\/strong> avec 300 ml de lubrifiant \u00e0 base d&rsquo;eau et profite davantage de ton action.<\/p>\n<p data-start=\"147\" data-end=\"480\">La formule sp\u00e9ciale a \u00e9t\u00e9 d\u00e9velopp\u00e9e pour que le gel reste glissant encore plus longtemps. Il est incolore, sans go\u00fbt, s&rsquo;utilise avec parcimonie pour plus de plaisir pendant les rapports sexuels et se rince facilement \u00e0 l&rsquo;eau chaude. <strong data-start=\"392\" data-end=\"410\">Eros Pride Fun<\/strong> garantit une lubrification durable et un nettoyage facile.<\/p>\n<p data-start=\"482\" data-end=\"573\">Le flacon en forme de p\u00e9nis peut \u00eatre ins\u00e9r\u00e9 et est compatible avec tous les pr\u00e9servatifs en latex.<\/p>\n<p data-start=\"575\" data-end=\"758\">D\u00e9tails du produit :<br data-start=\"590\" data-end=\"593\">\u2713 Qualit\u00e9 sup\u00e9rieure made in Germany<br data-start=\"631\" data-end=\"634\">\u2713 Flacon utilisable comme godemich\u00e9<br data-start=\"664\" data-end=\"667\">\u2713 Incroyables propri\u00e9t\u00e9s de glisse<br data-start=\"700\" data-end=\"703\">\u2713 Incolore et neutre au go\u00fbt<br data-start=\"734\" data-end=\"737\">\u2713 Facile \u00e0 laver<\/p>\n<p data-start=\"760\" data-end=\"795\">Fabricant : Eros<br data-start=\"776\" data-end=\"779\">Contenu : 300 ml<\/p>\n<p data-start=\"797\" data-end=\"932\">Longueur totale : environ 23,5 cm<br data-start=\"821\" data-end=\"824\">Longueur ins\u00e9rable : environ 20 cm<br data-start=\"852\" data-end=\"855\">Diam\u00e8tre ins\u00e9rable : environ 5 cm<br data-start=\"889\" data-end=\"892\">Mati\u00e8re : PVC<br data-start=\"905\" data-end=\"908\">Couleur : peau claire<\/p>\n","protected":false},"featured_media":149124,"comment_status":"open","ping_status":"closed","template":"","meta":{"_acf_changed":false,"iawp_total_views":0,"_glsr_average":0,"_glsr_ranking":0,"_glsr_reviews":0},"product_brand":[],"product_cat":[2067,166],"product_tag":[],"class_list":{"0":"post-149126","1":"product","2":"type-product","3":"status-publish","4":"has-post-thumbnail","6":"product_cat-lubrifiant","7":"product_cat-droguerie","9":"first","10":"instock","11":"taxable","12":"shipping-taxable","13":"purchasable","14":"product-type-simple"},"acf":[],"_links":{"self":[{"href":"https:\/\/poppers-online.ch\/fr\/wp-json\/wp\/v2\/product\/149126","targetHints":{"allow":["GET"]}}],"collection":[{"href":"https:\/\/poppers-online.ch\/fr\/wp-json\/wp\/v2\/product"}],"about":[{"href":"https:\/\/poppers-online.ch\/fr\/wp-json\/wp\/v2\/types\/product"}],"replies":[{"embeddable":true,"href":"https:\/\/poppers-online.ch\/fr\/wp-json\/wp\/v2\/comments?post=149126"}],"wp:featuredmedia":[{"embeddable":true,"href":"https:\/\/poppers-online.ch\/fr\/wp-json\/wp\/v2\/media\/149124"}],"wp:attachment":[{"href":"https:\/\/poppers-online.ch\/fr\/wp-json\/wp\/v2\/media?parent=149126"}],"wp:term":[{"taxonomy":"product_brand","embeddable":true,"href":"https:\/\/poppers-online.ch\/fr\/wp-json\/wp\/v2\/product_brand?post=149126"},{"taxonomy":"product_cat","embeddable":true,"href":"https:\/\/poppers-online.ch\/fr\/wp-json\/wp\/v2\/product_cat?post=149126"},{"taxonomy":"product_tag","embeddable":true,"href":"https:\/\/poppers-online.ch\/fr\/wp-json\/wp\/v2\/product_tag?post=149126"}],"curies":[{"name":"wp","href":"https:\/\/api.w.org\/{rel}","templated":true}]}}