{"id":149107,"date":"2026-02-26T12:47:27","date_gmt":"2026-02-26T11:47:27","guid":{"rendered":"https:\/\/poppers-online.ch\/produkt\/eros-action-lubrifiant-a-base-de-silicone-200-ml\/"},"modified":"2026-02-26T12:51:05","modified_gmt":"2026-02-26T11:51:05","slug":"eros-action-lubrifiant-a-base-de-silicone-200-ml","status":"publish","type":"product","link":"https:\/\/poppers-online.ch\/fr\/produit\/eros-action-lubrifiant-a-base-de-silicone-200-ml\/","title":{"rendered":"Eros Action &#8211; Lubrifiant \u00e0 base de silicone 200 ml"},"content":{"rendered":"","protected":false},"excerpt":{"rendered":"<p data-start=\"13\" data-end=\"204\">Le <strong data-start=\"17\" data-end=\"61\">lubrifiant \u00e0 base de silicone d&rsquo;Eros Action<\/strong> est conditionn\u00e9 dans une bouteille de godemich\u00e9 de 200 ml avec un lubrifiant \u00e0 base de silicone de qualit\u00e9 sup\u00e9rieure et peut \u00e9galement \u00eatre ins\u00e9r\u00e9 pour une action imm\u00e9diate.<\/p>\n<p data-start=\"206\" data-end=\"586\">La formule promet des propri\u00e9t\u00e9s de glisse incroyablement longues sans se dess\u00e9cher. La texture douce et soyeuse du gel est incolore, sans go\u00fbt et peut \u00eatre utilis\u00e9e avec beaucoup de parcimonie pour plus de plaisir pendant les rapports sexuels. <strong data-start=\"434\" data-end=\"478\">Silicone Based Lubricant d&rsquo;Eros Action<\/strong> ajoute une humidit\u00e9 suppl\u00e9mentaire et fait du jeu un plaisir glissant et durable.<\/p>\n<p data-start=\"588\" data-end=\"679\">Le flacon en forme de p\u00e9nis peut \u00eatre ins\u00e9r\u00e9 et est compatible avec tous les pr\u00e9servatifs en latex.<\/p>\n<p data-start=\"681\" data-end=\"896\">D\u00e9tails du produit :<br data-start=\"696\" data-end=\"699\">\u2713 Qualit\u00e9 sup\u00e9rieure made in Germany<br data-start=\"737\" data-end=\"740\">\u2713 A base de silicone premium<br data-start=\"766\" data-end=\"769\">\u2713 Rend le sexe plus jouissif<br data-start=\"795\" data-end=\"798\">\u2713 Flacon utilisable comme godemich\u00e9<br data-start=\"828\" data-end=\"831\">\u2713 Incroyable glisse<br data-start=\"860\" data-end=\"863\">\u2713 Incolore et neutre au go\u00fbt.<\/p>\n<p data-start=\"898\" data-end=\"933\">Fabricant : Eros<br data-start=\"914\" data-end=\"917\">Contenu : 200 ml<\/p>\n<p data-start=\"935\" data-end=\"1064\">Longueur totale : environ 21,5 cm<br data-start=\"959\" data-end=\"962\">Longueur ins\u00e9rable : environ 19 cm<br data-start=\"990\" data-end=\"993\">Diam\u00e8tre ins\u00e9rable : environ 4,4 cm<br data-start=\"1029\" data-end=\"1032\">Mati\u00e8re : PVC<br data-start=\"1045\" data-end=\"1048\">Couleur : noir<\/p>\n","protected":false},"featured_media":149106,"comment_status":"open","ping_status":"closed","template":"","meta":{"_acf_changed":false,"iawp_total_views":5,"_glsr_average":0,"_glsr_ranking":0,"_glsr_reviews":0},"product_brand":[],"product_cat":[2067,166],"product_tag":[],"class_list":{"0":"post-149107","1":"product","2":"type-product","3":"status-publish","4":"has-post-thumbnail","6":"product_cat-lubrifiant","7":"product_cat-droguerie","9":"first","10":"instock","11":"taxable","12":"shipping-taxable","13":"purchasable","14":"product-type-simple"},"acf":[],"_links":{"self":[{"href":"https:\/\/poppers-online.ch\/fr\/wp-json\/wp\/v2\/product\/149107","targetHints":{"allow":["GET"]}}],"collection":[{"href":"https:\/\/poppers-online.ch\/fr\/wp-json\/wp\/v2\/product"}],"about":[{"href":"https:\/\/poppers-online.ch\/fr\/wp-json\/wp\/v2\/types\/product"}],"replies":[{"embeddable":true,"href":"https:\/\/poppers-online.ch\/fr\/wp-json\/wp\/v2\/comments?post=149107"}],"wp:featuredmedia":[{"embeddable":true,"href":"https:\/\/poppers-online.ch\/fr\/wp-json\/wp\/v2\/media\/149106"}],"wp:attachment":[{"href":"https:\/\/poppers-online.ch\/fr\/wp-json\/wp\/v2\/media?parent=149107"}],"wp:term":[{"taxonomy":"product_brand","embeddable":true,"href":"https:\/\/poppers-online.ch\/fr\/wp-json\/wp\/v2\/product_brand?post=149107"},{"taxonomy":"product_cat","embeddable":true,"href":"https:\/\/poppers-online.ch\/fr\/wp-json\/wp\/v2\/product_cat?post=149107"},{"taxonomy":"product_tag","embeddable":true,"href":"https:\/\/poppers-online.ch\/fr\/wp-json\/wp\/v2\/product_tag?post=149107"}],"curies":[{"name":"wp","href":"https:\/\/api.w.org\/{rel}","templated":true}]}}