{"id":149093,"date":"2026-02-26T11:51:10","date_gmt":"2026-02-26T10:51:10","guid":{"rendered":"https:\/\/poppers-online.ch\/produkt\/sniff-hold-repeat-combo\/"},"modified":"2026-02-26T17:46:57","modified_gmt":"2026-02-26T16:46:57","slug":"sniff-hold-repeat-combo","status":"publish","type":"product","link":"https:\/\/poppers-online.ch\/fr\/produit\/sniff-hold-repeat-combo\/","title":{"rendered":"Sniff, Hold &amp; Repeat Combo"},"content":{"rendered":"","protected":false},"excerpt":{"rendered":"<p data-start=\"32\" data-end=\"349\">Le <strong>combo Sniff, Hold &amp; Repeat<\/strong> r\u00e9unit un couple de puissance pour tous ceux qui ne veulent pas attendre longtemps mais plonger directement dans l&rsquo;exp\u00e9rience. L&rsquo;intensit\u00e9 maximale de Kinky Monster Ultra Strong rencontre la disponibilit\u00e9 imm\u00e9diate gr\u00e2ce au Beakr Spill Proof Cap. Une fois viss\u00e9, tu es pr\u00eat \u00e0 l&rsquo;action \u00e0 tout moment.  <\/p>\n<p data-start=\"351\" data-end=\"394\"><strong data-start=\"351\" data-end=\"394\">Kinky Monster Ultra Strong Poppers 24ml<\/strong><\/p>\n<p data-start=\"396\" data-end=\"940\">Kinky Monster Ultra Strong s&rsquo;adresse \u00e0 tous les vrais kinksters qui aiment les choses plus fortes et plus longues. Le flacon contient <strong>du nitrite de pentyle particuli\u00e8rement pur et tr\u00e8s concentr\u00e9<\/strong> pour une exp\u00e9rience intense et puissante. Ultra Strong est le produit le plus fort de la gamme Kinky-Monster et se situe <strong>\u00e0 6+ sur l&rsquo;\u00e9chelle d&rsquo;intensit\u00e9<\/strong> interne. Cela signifie une puissance sans compromis pour ta s\u00e9ance de fist, de rubber, de sneakers, de sox, de puppy ou de SM. Si tu aimes l&rsquo;intensit\u00e9 maximale, ce monstre est ton nouveau favori. Deviens toi-m\u00eame un Ultra Kinky Monster.     <\/p>\n<p data-start=\"942\" data-end=\"981\"><strong data-start=\"942\" data-end=\"981\">Casquette anti-\u00e9claboussures Beakr Poppers noire<\/strong><\/p>\n<p data-start=\"983\" data-end=\"1834\" data-is-last-node=\"\" data-is-only-node=\"\">Le Beakr Poppers Spill Proof Cap Black est le couvercle de mise \u00e0 niveau intelligent pour ton Poppers &#8211; pratique, s\u00fbr et pr\u00eat \u00e0 l&#8217;emploi en permanence. Le grand avantage : <strong>tu peux laisser le Cap en permanence sur le flacon<\/strong>.  Pas de d\u00e9vissage, pas de changement d&#8217;emplacement, pas de manipulation de pi\u00e8ces individuelles comme avec les sniffer-caps traditionnels. Ce capuchon remplace compl\u00e8tement le couvercle original du fabricant. Id\u00e9al pour les d\u00e9placements et une utilisation rapide : sors le flacon du sac, tourne le levier, c&rsquo;est tout. Pas de couvercle dans la main, pas de d\u00e9versement. Le m\u00e9canisme Spill-Proof garantit un transport propre et une utilisation imm\u00e9diate. L&rsquo;utilisation est simple et intuitive.   <\/p>\n<p data-start=\"983\" data-end=\"1834\" data-is-last-node=\"\" data-is-only-node=\"\">Levier vers le haut = ferm\u00e9.<br \/>\nLevier sur le c\u00f4t\u00e9 = ouvert.<\/p>\n<p data-start=\"983\" data-end=\"1834\" data-is-last-node=\"\" data-is-only-node=\"\">Compatible avec les flacons <strong>de taille Small, <\/strong>il rend ton exp\u00e9rience Poppers plus confortable, plus s\u00fbre et plus efficace &#8211; une fois mont\u00e9, toujours pr\u00eat.<\/p>\n","protected":false},"featured_media":149092,"comment_status":"open","ping_status":"closed","template":"","meta":{"_acf_changed":false,"iawp_total_views":13,"_glsr_average":0,"_glsr_ranking":0,"_glsr_reviews":0},"product_brand":[],"product_cat":[1046,76],"product_tag":[],"class_list":{"0":"post-149093","1":"product","2":"type-product","3":"status-publish","4":"has-post-thumbnail","6":"product_cat-poppers","7":"product_cat-paquets-economiques","8":"pa_booster-cap-gewindegroesse-pour-taille-de-filetage-small","9":"pa_flaschenform-ovale","10":"pa_gewindegroesse-small","11":"pa_inhalt-combo","12":"pa_inhalt-24ml","13":"pa_inhaltsstoffe-nitrite-de-pentyle","14":"pa_staerke-91","16":"first","17":"instock","18":"sale","19":"taxable","20":"shipping-taxable","21":"purchasable","22":"product-type-simple"},"acf":[],"_links":{"self":[{"href":"https:\/\/poppers-online.ch\/fr\/wp-json\/wp\/v2\/product\/149093","targetHints":{"allow":["GET"]}}],"collection":[{"href":"https:\/\/poppers-online.ch\/fr\/wp-json\/wp\/v2\/product"}],"about":[{"href":"https:\/\/poppers-online.ch\/fr\/wp-json\/wp\/v2\/types\/product"}],"replies":[{"embeddable":true,"href":"https:\/\/poppers-online.ch\/fr\/wp-json\/wp\/v2\/comments?post=149093"}],"wp:featuredmedia":[{"embeddable":true,"href":"https:\/\/poppers-online.ch\/fr\/wp-json\/wp\/v2\/media\/149092"}],"wp:attachment":[{"href":"https:\/\/poppers-online.ch\/fr\/wp-json\/wp\/v2\/media?parent=149093"}],"wp:term":[{"taxonomy":"product_brand","embeddable":true,"href":"https:\/\/poppers-online.ch\/fr\/wp-json\/wp\/v2\/product_brand?post=149093"},{"taxonomy":"product_cat","embeddable":true,"href":"https:\/\/poppers-online.ch\/fr\/wp-json\/wp\/v2\/product_cat?post=149093"},{"taxonomy":"product_tag","embeddable":true,"href":"https:\/\/poppers-online.ch\/fr\/wp-json\/wp\/v2\/product_tag?post=149093"}],"curies":[{"name":"wp","href":"https:\/\/api.w.org\/{rel}","templated":true}]}}