{"id":148394,"date":"2026-02-19T14:04:52","date_gmt":"2026-02-19T13:04:52","guid":{"rendered":"https:\/\/poppers-online.ch\/produkt\/just-a-bottom-poppers-combo\/"},"modified":"2026-03-16T10:24:21","modified_gmt":"2026-03-16T09:24:21","slug":"just-a-bottom-poppers-combo","status":"publish","type":"product","link":"https:\/\/poppers-online.ch\/fr\/produit\/just-a-bottom-poppers-combo\/","title":{"rendered":"Just a Bottom Poppers Combo"},"content":{"rendered":"","protected":false},"excerpt":{"rendered":"<p data-start=\"13\" data-end=\"289\">Le <strong data-start=\"17\" data-end=\"48\">combo Just a Bottom Poppers<\/strong> est fait pour tous les bottoms qui veulent se laisser aller et amener leurs sessions \u00e0 un nouveau niveau d&rsquo;intensit\u00e9. Ce set combine deux poppers, sp\u00e9cialement con\u00e7us pour les bottoms qui veulent juste se laisser aller et se prendre des coups de g\u00e9ant. <\/p>\n<p data-start=\"291\" data-end=\"548\">Avec une intensit\u00e9 de 6, le <strong data-start=\"295\" data-end=\"329\">FIST HOLE EXTREME Poppers 30ml<\/strong> fait partie des variantes les plus fortes du march\u00e9. La formule \u00e0 base de nitrite d&rsquo;hexyle est id\u00e9ale pour les exp\u00e9riences particuli\u00e8rement intenses et se pr\u00e9sente dans un flacon pratique de 30 ml avec un bouchon facile \u00e0 ouvrir. <\/p>\n<p data-start=\"550\" data-end=\"755\">A cela s&rsquo;ajoute le <strong data-start=\"580\" data-end=\"615\">Super Extreme Slut Poppers 24ml<\/strong> sans compromis, \u00e0 base de pentylnitrite tr\u00e8s pur. Intense, sans tabou et fait pour tous ceux qui ne veulent pas conna\u00eetre de limites et qui s&rsquo;abandonnent compl\u00e8tement. <\/p>\n<p data-start=\"757\" data-end=\"876\">Le <strong data-start=\"761\" data-end=\"792\">combo Just a Bottom Poppers<\/strong> est le choix parfait pour ceux qui veulent aller plus loin &#8211; et qui aiment les choses extra fortes.<\/p>\n","protected":false},"featured_media":148392,"comment_status":"open","ping_status":"closed","template":"","meta":{"_acf_changed":false,"iawp_total_views":35,"_glsr_average":0,"_glsr_ranking":0,"_glsr_reviews":0},"product_brand":[],"product_cat":[1046,76,77],"product_tag":[],"class_list":{"0":"post-148394","1":"product","2":"type-product","3":"status-publish","4":"has-post-thumbnail","6":"product_cat-poppers","7":"product_cat-paquets-economiques","8":"product_cat-grands-flacons","9":"pa_flaschenform-ovale","10":"pa_flaschenform-rond-grand","11":"pa_gewindegroesse-small","12":"pa_inhalt-combo","13":"pa_inhalt-30ml","14":"pa_inhalt-24ml","15":"pa_inhaltsstoffe-nitrite-de-pentyle","16":"pa_staerke-89","18":"first","19":"instock","20":"sale","21":"taxable","22":"shipping-taxable","23":"purchasable","24":"product-type-simple"},"acf":[],"_links":{"self":[{"href":"https:\/\/poppers-online.ch\/fr\/wp-json\/wp\/v2\/product\/148394","targetHints":{"allow":["GET"]}}],"collection":[{"href":"https:\/\/poppers-online.ch\/fr\/wp-json\/wp\/v2\/product"}],"about":[{"href":"https:\/\/poppers-online.ch\/fr\/wp-json\/wp\/v2\/types\/product"}],"replies":[{"embeddable":true,"href":"https:\/\/poppers-online.ch\/fr\/wp-json\/wp\/v2\/comments?post=148394"}],"wp:featuredmedia":[{"embeddable":true,"href":"https:\/\/poppers-online.ch\/fr\/wp-json\/wp\/v2\/media\/148392"}],"wp:attachment":[{"href":"https:\/\/poppers-online.ch\/fr\/wp-json\/wp\/v2\/media?parent=148394"}],"wp:term":[{"taxonomy":"product_brand","embeddable":true,"href":"https:\/\/poppers-online.ch\/fr\/wp-json\/wp\/v2\/product_brand?post=148394"},{"taxonomy":"product_cat","embeddable":true,"href":"https:\/\/poppers-online.ch\/fr\/wp-json\/wp\/v2\/product_cat?post=148394"},{"taxonomy":"product_tag","embeddable":true,"href":"https:\/\/poppers-online.ch\/fr\/wp-json\/wp\/v2\/product_tag?post=148394"}],"curies":[{"name":"wp","href":"https:\/\/api.w.org\/{rel}","templated":true}]}}