{"id":147768,"date":"2026-02-12T18:36:53","date_gmt":"2026-02-12T17:36:53","guid":{"rendered":"https:\/\/poppers-online.ch\/produkt\/keep-playing-combo\/"},"modified":"2026-02-13T19:13:19","modified_gmt":"2026-02-13T18:13:19","slug":"keep-playing-combo","status":"publish","type":"product","link":"https:\/\/poppers-online.ch\/fr\/produit\/keep-playing-combo\/","title":{"rendered":"Keep Playing Combo"},"content":{"rendered":"","protected":false},"excerpt":{"rendered":"<p data-start=\"11\" data-end=\"387\">Le <strong data-start=\"15\" data-end=\"37\">combo Keep Playing<\/strong> combine une forte intensit\u00e9 avec une fonction intelligente et est id\u00e9al pour ceux qui accordent de l&rsquo;importance \u00e0 la performance et \u00e0 une utilisation confortable. Dans ce kit, le puissant <strong data-start=\"204\" data-end=\"246\">ALPHA MASTER ULTRA STRONG Poppers 30ml<\/strong> rencontre l&rsquo;ing\u00e9nieux <strong data-start=\"268\" data-end=\"307\">Beakr Poppers Spill Proof Cap Black<\/strong> &#8211; une combinaison qui allie parfaitement efficacit\u00e9 et utilisation pratique. <\/p>\n<p data-start=\"389\" data-end=\"889\">Avec une intensit\u00e9 de 6, le <strong data-start=\"393\" data-end=\"435\">Poppers ALPHA MASTER ULTRA STRONG 30ml<\/strong> fait partie des variantes les plus intenses du march\u00e9 et s&rsquo;adresse aux utilisateurs exp\u00e9riment\u00e9s qui pr\u00e9f\u00e8rent un effet particuli\u00e8rement puissant. La recette est bas\u00e9e sur le nitrite d&rsquo;hexyle, un nitrite d&rsquo;alkyle qui est consid\u00e9r\u00e9 comme moins contraignant que les autres variantes. Le flacon de 30 ml est \u00e9quip\u00e9 d&rsquo;un bouchon facile \u00e0 ouvrir et assure une utilisation simple tout en garantissant une intensit\u00e9 maximale.  <\/p>\n<p data-start=\"891\" data-end=\"1333\">Le <strong data-start=\"895\" data-end=\"934\">Beakr Poppers Spill Proof Cap Black<\/strong> est la mise \u00e0 niveau intelligente pour ton flacon &#8211; pratique, s\u00fbr et pr\u00eat \u00e0 l&#8217;emploi en permanence. Le grand avantage r\u00e9side dans le fait que le capuchon peut rester en permanence sur le flacon. Pas de d\u00e9vissage, pas de repositionnement et pas de manipulation de pi\u00e8ces individuelles comme avec les Sniffer Caps traditionnels. La caps remplace compl\u00e8tement le bouchon original du fabricant et garantit une utilisation propre et contr\u00f4l\u00e9e.   <\/p>\n<p data-start=\"1335\" data-end=\"1791\">Parfait pour les d\u00e9placements et une utilisation rapide : sors le flacon du sac, tourne le levier, c&rsquo;est tout. Pas de couvercle s\u00e9par\u00e9 dans la main et pas de fuite involontaire. L&rsquo;utilisation est simple et intuitive. Levier vers le haut signifie ferm\u00e9, levier sur le c\u00f4t\u00e9 signifie ouvert. Compatible avec les flacons de taille Small, le <strong data-start=\"1664\" data-end=\"1703\">Beakr Poppers Spill Proof Cap Black<\/strong> rend ton exp\u00e9rience plus confortable, plus s\u00fbre et plus efficace &#8211; une fois mont\u00e9, toujours pr\u00eat.    <\/p>\n","protected":false},"featured_media":147764,"comment_status":"open","ping_status":"closed","template":"","meta":{"_acf_changed":false,"iawp_total_views":29,"_glsr_average":0,"_glsr_ranking":0,"_glsr_reviews":0},"product_brand":[],"product_cat":[1046,76,77],"product_tag":[],"class_list":{"0":"post-147768","1":"product","2":"type-product","3":"status-publish","4":"has-post-thumbnail","6":"product_cat-poppers","7":"product_cat-paquets-economiques","8":"product_cat-grands-flacons","9":"pa_flaschenform-rond-grand","10":"pa_gewindegroesse-small","11":"pa_inhalt-combo","12":"pa_inhalt-30ml","13":"pa_inhaltsstoffe-nitrite-dhexyle","14":"pa_staerke-91","16":"first","17":"instock","18":"sale","19":"taxable","20":"shipping-taxable","21":"purchasable","22":"product-type-simple"},"acf":[],"_links":{"self":[{"href":"https:\/\/poppers-online.ch\/fr\/wp-json\/wp\/v2\/product\/147768","targetHints":{"allow":["GET"]}}],"collection":[{"href":"https:\/\/poppers-online.ch\/fr\/wp-json\/wp\/v2\/product"}],"about":[{"href":"https:\/\/poppers-online.ch\/fr\/wp-json\/wp\/v2\/types\/product"}],"replies":[{"embeddable":true,"href":"https:\/\/poppers-online.ch\/fr\/wp-json\/wp\/v2\/comments?post=147768"}],"wp:featuredmedia":[{"embeddable":true,"href":"https:\/\/poppers-online.ch\/fr\/wp-json\/wp\/v2\/media\/147764"}],"wp:attachment":[{"href":"https:\/\/poppers-online.ch\/fr\/wp-json\/wp\/v2\/media?parent=147768"}],"wp:term":[{"taxonomy":"product_brand","embeddable":true,"href":"https:\/\/poppers-online.ch\/fr\/wp-json\/wp\/v2\/product_brand?post=147768"},{"taxonomy":"product_cat","embeddable":true,"href":"https:\/\/poppers-online.ch\/fr\/wp-json\/wp\/v2\/product_cat?post=147768"},{"taxonomy":"product_tag","embeddable":true,"href":"https:\/\/poppers-online.ch\/fr\/wp-json\/wp\/v2\/product_tag?post=147768"}],"curies":[{"name":"wp","href":"https:\/\/api.w.org\/{rel}","templated":true}]}}