{"id":147751,"date":"2026-02-12T17:15:11","date_gmt":"2026-02-12T16:15:11","guid":{"rendered":"https:\/\/poppers-online.ch\/produkt\/cck-drain-combo\/"},"modified":"2026-03-01T21:45:14","modified_gmt":"2026-03-01T20:45:14","slug":"cck-drain-combo","status":"publish","type":"product","link":"https:\/\/poppers-online.ch\/fr\/produit\/cck-drain-combo\/","title":{"rendered":"C*CK DRAIN Combo"},"content":{"rendered":"","protected":false},"excerpt":{"rendered":"<p data-start=\"195\" data-end=\"279\"><strong data-start=\"195\" data-end=\"215\">C*CK DRAIN Combo<\/strong> est fait pour les nuits intenses et les sessions sans compromis.<\/p>\n<p data-start=\"281\" data-end=\"604\">Le <strong data-start=\"285\" data-end=\"312\">Poppers GLORY HOLE 24ml<\/strong> est sur le march\u00e9 depuis 2023 et contient l&rsquo;ancien v\u00e9ritable nitrite de pentyle. Avec une intensit\u00e9 de 6, il assure une intensit\u00e9 maximale et un coup de fouet puissant &#8211; parfait pour ceux qui aiment les choses intenses, directes et sans retenue. C&rsquo;est une question de momentum, de pers\u00e9v\u00e9rance et de ce sentiment de \u00ab\u00a0je veux plus\u00a0\u00bb.<\/p>\n<p data-start=\"606\" data-end=\"974\">Le <strong data-start=\"610\" data-end=\"649\">Beakr Poppers Spill Proof Cap Green<\/strong> est le couvercle de mise \u00e0 niveau intelligent pour ton Poppers &#8211; pratique, s\u00fbr et pr\u00eat \u00e0 l&#8217;emploi en permanence. Tu peux laisser le capuchon du booster en permanence sur le flacon. Pas de d\u00e9vissage, pas de changement d&#8217;emplacement, pas de manipulation de pi\u00e8ces d\u00e9tach\u00e9es comme avec les sniffer-caps traditionnels. Ce capuchon remplace compl\u00e8tement le couvercle original du fabricant.<\/p>\n<p data-start=\"976\" data-end=\"1206\">Id\u00e9al pour les d\u00e9placements et une utilisation rapide : sors le flacon du sac, tourne le levier, c&rsquo;est tout. Pas de couvercle dans la main, pas de d\u00e9versement. Le m\u00e9canisme Spill-Proof garantit un transport propre et une utilisation imm\u00e9diate.  <\/p>\n<p data-start=\"1208\" data-end=\"1501\">L&rsquo;utilisation est simple et intuitive : levier vers le haut = ferm\u00e9, levier sur le c\u00f4t\u00e9 = ouvert.<br data-start=\"1301\" data-end=\"1304\"><strong data-start=\"1304\" data-end=\"1343\">Beakr Poppers Spill Proof Cap Green<\/strong> est compatible avec les flacons de taille Small et rend ton exp\u00e9rience Poppers plus confortable, plus s\u00fbre et plus efficace &#8211; une fois mont\u00e9, toujours pr\u00eat.<\/p>\n","protected":false},"featured_media":147749,"comment_status":"open","ping_status":"closed","template":"","meta":{"_acf_changed":false,"iawp_total_views":141,"_glsr_average":0,"_glsr_ranking":0,"_glsr_reviews":0},"product_brand":[],"product_cat":[1046,76,77],"product_tag":[],"class_list":{"0":"post-147751","1":"product","2":"type-product","3":"status-publish","4":"has-post-thumbnail","6":"product_cat-poppers","7":"product_cat-paquets-economiques","8":"product_cat-grands-flacons","9":"pa_flaschenform-ovale","10":"pa_gewindegroesse-small","11":"pa_inhalt-combo","12":"pa_inhalt-24ml","13":"pa_inhaltsstoffe-nitrite-de-pentyle","14":"pa_staerke-91","16":"first","17":"instock","18":"sale","19":"taxable","20":"shipping-taxable","21":"purchasable","22":"product-type-simple"},"acf":[],"_links":{"self":[{"href":"https:\/\/poppers-online.ch\/fr\/wp-json\/wp\/v2\/product\/147751","targetHints":{"allow":["GET"]}}],"collection":[{"href":"https:\/\/poppers-online.ch\/fr\/wp-json\/wp\/v2\/product"}],"about":[{"href":"https:\/\/poppers-online.ch\/fr\/wp-json\/wp\/v2\/types\/product"}],"replies":[{"embeddable":true,"href":"https:\/\/poppers-online.ch\/fr\/wp-json\/wp\/v2\/comments?post=147751"}],"wp:featuredmedia":[{"embeddable":true,"href":"https:\/\/poppers-online.ch\/fr\/wp-json\/wp\/v2\/media\/147749"}],"wp:attachment":[{"href":"https:\/\/poppers-online.ch\/fr\/wp-json\/wp\/v2\/media?parent=147751"}],"wp:term":[{"taxonomy":"product_brand","embeddable":true,"href":"https:\/\/poppers-online.ch\/fr\/wp-json\/wp\/v2\/product_brand?post=147751"},{"taxonomy":"product_cat","embeddable":true,"href":"https:\/\/poppers-online.ch\/fr\/wp-json\/wp\/v2\/product_cat?post=147751"},{"taxonomy":"product_tag","embeddable":true,"href":"https:\/\/poppers-online.ch\/fr\/wp-json\/wp\/v2\/product_tag?post=147751"}],"curies":[{"name":"wp","href":"https:\/\/api.w.org\/{rel}","templated":true}]}}