{"id":147730,"date":"2026-02-12T15:57:17","date_gmt":"2026-02-12T14:57:17","guid":{"rendered":"https:\/\/poppers-online.ch\/produkt\/sniff-my-sox-combo\/"},"modified":"2026-03-16T09:22:27","modified_gmt":"2026-03-16T08:22:27","slug":"sniff-my-sox-combo","status":"publish","type":"product","link":"https:\/\/poppers-online.ch\/fr\/produit\/sniff-my-sox-combo\/","title":{"rendered":"Sniff my Sox Combo"},"content":{"rendered":"","protected":false},"excerpt":{"rendered":"<p data-start=\"168\" data-end=\"254\"><strong data-start=\"168\" data-end=\"190\">Sniff my Sox Combo<\/strong> fait passer tes sessions chaussettes et sneakers \u00e0 un niveau sup\u00e9rieur :<\/p>\n<p data-start=\"256\" data-end=\"623\">Le <strong data-start=\"260\" data-end=\"294\">SOX SNFFR Premium Poppers 24ml<\/strong> fournit du v\u00e9ritable nitrite de pentyle d&rsquo;intensit\u00e9 6 pour une puissance maximale. Lors de ta prochaine session de chaussettes et de sneakers, ce Poppers ne doit en aucun cas manquer. Gr\u00e2ce \u00e0 l&rsquo;intensit\u00e9 de 6 dans ce flacon, tu seras en pleine forme pour tous les skateurs et sneakersboys.<\/p>\n<p data-start=\"625\" data-end=\"995\">Le <strong data-start=\"629\" data-end=\"666\">Beakr Poppers Spill Proof Cap Red<\/strong> est le couvercle de mise \u00e0 niveau intelligent pour ton Poppers &#8211; pratique, s\u00fbr et pr\u00eat \u00e0 l&#8217;emploi en permanence. Tu peux laisser le capuchon du booster en permanence sur le flacon. Pas de d\u00e9vissage, pas de changement d&#8217;emplacement, pas de manipulation de pi\u00e8ces individuelles comme avec les sniffer-caps traditionnels. Ce capuchon remplace compl\u00e8tement le couvercle original du fabricant.<\/p>\n<p data-start=\"997\" data-end=\"1227\">Id\u00e9al pour les d\u00e9placements et une utilisation rapide : sors le flacon du sac, tourne le levier, c&rsquo;est tout. Pas de couvercle dans la main, pas de d\u00e9versement. Le m\u00e9canisme Spill-Proof garantit un transport propre et une utilisation imm\u00e9diate.  <\/p>\n<p data-start=\"1229\" data-end=\"1518\">L&rsquo;utilisation est simple et intuitive : levier vers le haut = ferm\u00e9, levier sur le c\u00f4t\u00e9 = ouvert. <strong data-start=\"1323\" data-end=\"1360\">Beakr Poppers Spill Proof Cap Red<\/strong> est compatible avec les flacons de taille Small et rend ton exp\u00e9rience Poppers plus confortable, plus s\u00fbre et plus efficace &#8211; une fois mont\u00e9, toujours pr\u00eat.<\/p>\n","protected":false},"featured_media":147729,"comment_status":"open","ping_status":"closed","template":"","meta":{"_acf_changed":false,"iawp_total_views":18,"_glsr_average":0,"_glsr_ranking":0,"_glsr_reviews":0},"product_brand":[],"product_cat":[1046,76,77],"product_tag":[],"class_list":{"0":"post-147730","1":"product","2":"type-product","3":"status-publish","4":"has-post-thumbnail","6":"product_cat-poppers","7":"product_cat-paquets-economiques","8":"product_cat-grands-flacons","9":"pa_flaschenform-ovale","10":"pa_gewindegroesse-small","11":"pa_inhalt-combo","12":"pa_inhalt-24ml","13":"pa_inhaltsstoffe-nitrite-de-pentyle","14":"pa_staerke-91","16":"first","17":"instock","18":"sale","19":"taxable","20":"shipping-taxable","21":"purchasable","22":"product-type-simple"},"acf":[],"_links":{"self":[{"href":"https:\/\/poppers-online.ch\/fr\/wp-json\/wp\/v2\/product\/147730","targetHints":{"allow":["GET"]}}],"collection":[{"href":"https:\/\/poppers-online.ch\/fr\/wp-json\/wp\/v2\/product"}],"about":[{"href":"https:\/\/poppers-online.ch\/fr\/wp-json\/wp\/v2\/types\/product"}],"replies":[{"embeddable":true,"href":"https:\/\/poppers-online.ch\/fr\/wp-json\/wp\/v2\/comments?post=147730"}],"wp:featuredmedia":[{"embeddable":true,"href":"https:\/\/poppers-online.ch\/fr\/wp-json\/wp\/v2\/media\/147729"}],"wp:attachment":[{"href":"https:\/\/poppers-online.ch\/fr\/wp-json\/wp\/v2\/media?parent=147730"}],"wp:term":[{"taxonomy":"product_brand","embeddable":true,"href":"https:\/\/poppers-online.ch\/fr\/wp-json\/wp\/v2\/product_brand?post=147730"},{"taxonomy":"product_cat","embeddable":true,"href":"https:\/\/poppers-online.ch\/fr\/wp-json\/wp\/v2\/product_cat?post=147730"},{"taxonomy":"product_tag","embeddable":true,"href":"https:\/\/poppers-online.ch\/fr\/wp-json\/wp\/v2\/product_tag?post=147730"}],"curies":[{"name":"wp","href":"https:\/\/api.w.org\/{rel}","templated":true}]}}