{"id":147715,"date":"2026-02-12T14:03:32","date_gmt":"2026-02-12T13:03:32","guid":{"rendered":"https:\/\/poppers-online.ch\/produkt\/oxjok-popperjock-jock-3d-en-caoutchouc-huffer-noir\/"},"modified":"2026-02-13T17:36:00","modified_gmt":"2026-02-13T16:36:00","slug":"oxjok-popperjock-jock-3d-en-caoutchouc-huffer-noir","status":"publish","type":"product","link":"https:\/\/poppers-online.ch\/fr\/produit\/oxjok-popperjock-jock-3d-en-caoutchouc-huffer-noir\/","title":{"rendered":"OXJOK POPPERJOCK Jock 3D en caoutchouc Huffer noir"},"content":{"rendered":"","protected":false},"excerpt":{"rendered":"<p data-start=\"132\" data-end=\"476\"><strong data-start=\"132\" data-end=\"180\">OXJOK POPPERJOCK 3D Rubber Huffer Jock Black<\/strong> est le must-have pour tous ceux qui veulent montrer leurs pr\u00e9f\u00e9rences. Le suspensoir est livr\u00e9 avec un \u00e9norme <strong data-start=\"282\" data-end=\"301\">patch en caoutchouc 3D de flacon Poppers<\/strong> sur le devant et une inscription POPPERS-PIG brod\u00e9e sur la ceinture de ta fesse droite &#8211; provocant, insolent et absolument unique. <\/p>\n<p data-start=\"478\" data-end=\"775\">La poche en forme de \u00ab\u00a0J\u00a0\u00bb, douce et gonflante, avec un int\u00e9rieur bross\u00e9 doux et une triple bordure, est si confortable que tu ne voudras plus l&rsquo;enlever. Les lani\u00e8res \u00e9lastiques pour le cul OXJOK avec des bords doux et arrondis soul\u00e8vent tes fesses, ne les coupent pas et les encadrent parfaitement. <\/p>\n<p data-start=\"777\" data-end=\"1056\">La poche STASH au design HAZZARD t&rsquo;attend \u00e0 la taille, dans laquelle tu peux cacher de petits flacons, des cl\u00e9s ou de l&rsquo;argent. Encore mieux : \u00e0 l&rsquo;int\u00e9rieur, tu trouveras un cockring JOKFIT et un discret lockring lifter BUNGEE qui remonte ton sac si tu veux plus de cambrure. <\/p>\n<p data-start=\"1058\" data-end=\"1125\">Mat\u00e9riel : 94% coton \/ 6% \u00e9lasthanne<br data-start=\"1095\" data-end=\"1098\">Couleur : rouge, jaune, noir<\/p>\n<p data-start=\"1127\" data-end=\"1263\"><strong data-start=\"1127\" data-end=\"1138\">Tailles<\/strong><br data-start=\"1138\" data-end=\"1141\">S &#8211; Tour de hanches 71 \u00e0 76 cm<br data-start=\"1168\" data-end=\"1171\">M &#8211; Tour de hanches 81 \u00e0 86 cm<br data-start=\"1198\" data-end=\"1201\">L &#8211; Tour de hanches 91 \u00e0 97 cm<br data-start=\"1228\" data-end=\"1231\">XL &#8211; Tour de hanches 102 \u00e0 107 cm<\/p>\n<p data-start=\"1265\" data-end=\"1412\"><strong data-start=\"1265\" data-end=\"1275\">Entretien<\/strong><br data-start=\"1275\" data-end=\"1278\">Lavage \u00e0 la main \u00e0 froid ou en machine \u00e0 froid\/doux. Ne pas blanchir. Ne pas repasser, nettoyer \u00e0 sec ou s\u00e9cher en s\u00e8che-linge.<\/p>\n","protected":false},"featured_media":147693,"comment_status":"open","ping_status":"closed","template":"","meta":{"_acf_changed":false,"iawp_total_views":13,"_glsr_average":0,"_glsr_ranking":0,"_glsr_reviews":0},"product_brand":[],"product_cat":[149],"product_tag":[],"class_list":{"0":"post-147715","1":"product","2":"type-product","3":"status-publish","4":"has-post-thumbnail","6":"product_cat-accessoires-poppers","8":"first","9":"instock","10":"taxable","11":"shipping-taxable","12":"purchasable","13":"product-type-variable","14":"has-default-attributes"},"acf":[],"_links":{"self":[{"href":"https:\/\/poppers-online.ch\/fr\/wp-json\/wp\/v2\/product\/147715","targetHints":{"allow":["GET"]}}],"collection":[{"href":"https:\/\/poppers-online.ch\/fr\/wp-json\/wp\/v2\/product"}],"about":[{"href":"https:\/\/poppers-online.ch\/fr\/wp-json\/wp\/v2\/types\/product"}],"replies":[{"embeddable":true,"href":"https:\/\/poppers-online.ch\/fr\/wp-json\/wp\/v2\/comments?post=147715"}],"wp:featuredmedia":[{"embeddable":true,"href":"https:\/\/poppers-online.ch\/fr\/wp-json\/wp\/v2\/media\/147693"}],"wp:attachment":[{"href":"https:\/\/poppers-online.ch\/fr\/wp-json\/wp\/v2\/media?parent=147715"}],"wp:term":[{"taxonomy":"product_brand","embeddable":true,"href":"https:\/\/poppers-online.ch\/fr\/wp-json\/wp\/v2\/product_brand?post=147715"},{"taxonomy":"product_cat","embeddable":true,"href":"https:\/\/poppers-online.ch\/fr\/wp-json\/wp\/v2\/product_cat?post=147715"},{"taxonomy":"product_tag","embeddable":true,"href":"https:\/\/poppers-online.ch\/fr\/wp-json\/wp\/v2\/product_tag?post=147715"}],"curies":[{"name":"wp","href":"https:\/\/api.w.org\/{rel}","templated":true}]}}